{"id":43596,"date":"2022-07-04T21:24:39","date_gmt":"2022-07-04T21:24:39","guid":{"rendered":"https:\/\/tuub.ee\/product\/tuub-shotgun-rib002\/"},"modified":"2026-01-09T13:25:31","modified_gmt":"2026-01-09T13:25:31","slug":"rib-leggingsit-musta","status":"publish","type":"product","link":"https:\/\/tuub.ee\/fi\/product\/rib-leggingsit-musta\/","title":{"rendered":"RIB leggingsit musta"},"content":{"rendered":"","protected":false},"excerpt":{"rendered":"","protected":false},"featured_media":43598,"template":"","meta":{"_acf_changed":false,"inline_featured_image":false},"product_brand":[],"product_cat":[416],"product_tag":[417],"class_list":{"0":"post-43596","1":"product","2":"type-product","3":"status-publish","4":"has-post-thumbnail","6":"product_cat-retuusid-puksid-fi","7":"product_tag-recycled-fi","9":"first","10":"instock","11":"taxable","12":"shipping-taxable","13":"purchasable","14":"product-type-variable"},"acf":[],"yoast_head":"<!-- This site is optimized with the Yoast SEO plugin v27.5 - https:\/\/yoast.com\/product\/yoast-seo-wordpress\/ -->\n<title>RIB leggingsit musta - TUUB \u2013 Sinu igap\u00e4evane kaaslane<\/title>\n<meta name=\"description\" content=\"Soonikkoest mustad retuusid. Taast\u00f6\u00f6deldud kangas, mis hingab nagu \u00fcks spordir\u00f5ivas peabki hingama. Kerge matt l\u00e4ige \u2013 v\u00e4ga s\u00fcmpaatne.\" \/>\n<meta name=\"robots\" content=\"index, follow, max-snippet:-1, max-image-preview:large, max-video-preview:-1\" \/>\n<link rel=\"canonical\" href=\"https:\/\/tuub.ee\/fi\/product\/rib-leggingsit-musta\/\" \/>\n<meta property=\"og:locale\" content=\"et_EE\" \/>\n<meta property=\"og:type\" content=\"article\" \/>\n<meta property=\"og:title\" content=\"RIB leggingsit musta - TUUB \u2013 Sinu igap\u00e4evane kaaslane\" \/>\n<meta property=\"og:description\" content=\"Soonikkoest mustad retuusid. Taast\u00f6\u00f6deldud kangas, mis hingab nagu \u00fcks spordir\u00f5ivas peabki hingama. Kerge matt l\u00e4ige \u2013 v\u00e4ga s\u00fcmpaatne.\" \/>\n<meta property=\"og:url\" content=\"https:\/\/tuub.ee\/fi\/product\/rib-leggingsit-musta\/\" \/>\n<meta property=\"og:site_name\" content=\"TUUB \u2013 Sinu igap\u00e4evane kaaslane\" \/>\n<meta property=\"article:modified_time\" content=\"2026-01-09T13:25:31+00:00\" \/>\n<meta property=\"og:image\" content=\"https:\/\/tuub.ee\/wp-content\/uploads\/2022\/07\/Screenshot-2023-01-23-at-17.22.58-700x977.png\" \/>\n\t<meta property=\"og:image:width\" content=\"700\" \/>\n\t<meta property=\"og:image:height\" content=\"977\" \/>\n\t<meta property=\"og:image:type\" content=\"image\/png\" \/>\n<meta name=\"twitter:card\" content=\"summary_large_image\" \/>\n<meta name=\"twitter:label1\" content=\"Est. reading time\" \/>\n\t<meta name=\"twitter:data1\" content=\"1 minut\" \/>\n<script type=\"application\/ld+json\" class=\"yoast-schema-graph\">{\"@context\":\"https:\\\/\\\/schema.org\",\"@graph\":[{\"@type\":\"WebPage\",\"@id\":\"https:\\\/\\\/tuub.ee\\\/fi\\\/product\\\/rib-leggingsit-musta\\\/\",\"url\":\"https:\\\/\\\/tuub.ee\\\/fi\\\/product\\\/rib-leggingsit-musta\\\/\",\"name\":\"RIB leggingsit musta - TUUB \u2013 Sinu igap\u00e4evane kaaslane\",\"isPartOf\":{\"@id\":\"https:\\\/\\\/tuub.ee\\\/et\\\/#website\"},\"primaryImageOfPage\":{\"@id\":\"https:\\\/\\\/tuub.ee\\\/fi\\\/product\\\/rib-leggingsit-musta\\\/#primaryimage\"},\"image\":{\"@id\":\"https:\\\/\\\/tuub.ee\\\/fi\\\/product\\\/rib-leggingsit-musta\\\/#primaryimage\"},\"thumbnailUrl\":\"https:\\\/\\\/tuub.ee\\\/wp-content\\\/uploads\\\/2022\\\/07\\\/Screenshot-2023-01-23-at-17.22.58.png\",\"datePublished\":\"2022-07-04T21:24:39+00:00\",\"dateModified\":\"2026-01-09T13:25:31+00:00\",\"description\":\"Soonikkoest mustad retuusid. Taast\u00f6\u00f6deldud kangas, mis hingab nagu \u00fcks spordir\u00f5ivas peabki hingama. Kerge matt l\u00e4ige \u2013 v\u00e4ga s\u00fcmpaatne.\",\"breadcrumb\":{\"@id\":\"https:\\\/\\\/tuub.ee\\\/fi\\\/product\\\/rib-leggingsit-musta\\\/#breadcrumb\"},\"inLanguage\":\"et\",\"potentialAction\":[{\"@type\":\"ReadAction\",\"target\":[\"https:\\\/\\\/tuub.ee\\\/fi\\\/product\\\/rib-leggingsit-musta\\\/\"]}]},{\"@type\":\"ImageObject\",\"inLanguage\":\"et\",\"@id\":\"https:\\\/\\\/tuub.ee\\\/fi\\\/product\\\/rib-leggingsit-musta\\\/#primaryimage\",\"url\":\"https:\\\/\\\/tuub.ee\\\/wp-content\\\/uploads\\\/2022\\\/07\\\/Screenshot-2023-01-23-at-17.22.58.png\",\"contentUrl\":\"https:\\\/\\\/tuub.ee\\\/wp-content\\\/uploads\\\/2022\\\/07\\\/Screenshot-2023-01-23-at-17.22.58.png\",\"width\":1214,\"height\":1694},{\"@type\":\"BreadcrumbList\",\"@id\":\"https:\\\/\\\/tuub.ee\\\/fi\\\/product\\\/rib-leggingsit-musta\\\/#breadcrumb\",\"itemListElement\":[{\"@type\":\"ListItem\",\"position\":1,\"name\":\"Home\",\"item\":\"https:\\\/\\\/tuub.ee\\\/fi\\\/\"},{\"@type\":\"ListItem\",\"position\":2,\"name\":\"Store\",\"item\":\"https:\\\/\\\/tuub.ee\\\/fi\\\/store\\\/\"},{\"@type\":\"ListItem\",\"position\":3,\"name\":\"RIB leggingsit musta\"}]},{\"@type\":\"WebSite\",\"@id\":\"https:\\\/\\\/tuub.ee\\\/et\\\/#website\",\"url\":\"https:\\\/\\\/tuub.ee\\\/et\\\/\",\"name\":\"TUUB \u2013 Sinu igap\u00e4evane kaaslane\",\"description\":\"\",\"potentialAction\":[{\"@type\":\"SearchAction\",\"target\":{\"@type\":\"EntryPoint\",\"urlTemplate\":\"https:\\\/\\\/tuub.ee\\\/et\\\/?s={search_term_string}\"},\"query-input\":{\"@type\":\"PropertyValueSpecification\",\"valueRequired\":true,\"valueName\":\"search_term_string\"}}],\"inLanguage\":\"et\"}]}<\/script>\n<!-- \/ Yoast SEO plugin. -->","yoast_head_json":{"title":"RIB leggingsit musta - TUUB \u2013 Sinu igap\u00e4evane kaaslane","description":"Soonikkoest mustad retuusid. Taast\u00f6\u00f6deldud kangas, mis hingab nagu \u00fcks spordir\u00f5ivas peabki hingama. Kerge matt l\u00e4ige \u2013 v\u00e4ga s\u00fcmpaatne.","robots":{"index":"index","follow":"follow","max-snippet":"max-snippet:-1","max-image-preview":"max-image-preview:large","max-video-preview":"max-video-preview:-1"},"canonical":"https:\/\/tuub.ee\/fi\/product\/rib-leggingsit-musta\/","og_locale":"et_EE","og_type":"article","og_title":"RIB leggingsit musta - TUUB \u2013 Sinu igap\u00e4evane kaaslane","og_description":"Soonikkoest mustad retuusid. Taast\u00f6\u00f6deldud kangas, mis hingab nagu \u00fcks spordir\u00f5ivas peabki hingama. Kerge matt l\u00e4ige \u2013 v\u00e4ga s\u00fcmpaatne.","og_url":"https:\/\/tuub.ee\/fi\/product\/rib-leggingsit-musta\/","og_site_name":"TUUB \u2013 Sinu igap\u00e4evane kaaslane","article_modified_time":"2026-01-09T13:25:31+00:00","og_image":[{"width":700,"height":977,"url":"https:\/\/tuub.ee\/wp-content\/uploads\/2022\/07\/Screenshot-2023-01-23-at-17.22.58-700x977.png","type":"image\/png"}],"twitter_card":"summary_large_image","twitter_misc":{"Est. reading time":"1 minut"},"schema":{"@context":"https:\/\/schema.org","@graph":[{"@type":"WebPage","@id":"https:\/\/tuub.ee\/fi\/product\/rib-leggingsit-musta\/","url":"https:\/\/tuub.ee\/fi\/product\/rib-leggingsit-musta\/","name":"RIB leggingsit musta - TUUB \u2013 Sinu igap\u00e4evane kaaslane","isPartOf":{"@id":"https:\/\/tuub.ee\/et\/#website"},"primaryImageOfPage":{"@id":"https:\/\/tuub.ee\/fi\/product\/rib-leggingsit-musta\/#primaryimage"},"image":{"@id":"https:\/\/tuub.ee\/fi\/product\/rib-leggingsit-musta\/#primaryimage"},"thumbnailUrl":"https:\/\/tuub.ee\/wp-content\/uploads\/2022\/07\/Screenshot-2023-01-23-at-17.22.58.png","datePublished":"2022-07-04T21:24:39+00:00","dateModified":"2026-01-09T13:25:31+00:00","description":"Soonikkoest mustad retuusid. Taast\u00f6\u00f6deldud kangas, mis hingab nagu \u00fcks spordir\u00f5ivas peabki hingama. Kerge matt l\u00e4ige \u2013 v\u00e4ga s\u00fcmpaatne.","breadcrumb":{"@id":"https:\/\/tuub.ee\/fi\/product\/rib-leggingsit-musta\/#breadcrumb"},"inLanguage":"et","potentialAction":[{"@type":"ReadAction","target":["https:\/\/tuub.ee\/fi\/product\/rib-leggingsit-musta\/"]}]},{"@type":"ImageObject","inLanguage":"et","@id":"https:\/\/tuub.ee\/fi\/product\/rib-leggingsit-musta\/#primaryimage","url":"https:\/\/tuub.ee\/wp-content\/uploads\/2022\/07\/Screenshot-2023-01-23-at-17.22.58.png","contentUrl":"https:\/\/tuub.ee\/wp-content\/uploads\/2022\/07\/Screenshot-2023-01-23-at-17.22.58.png","width":1214,"height":1694},{"@type":"BreadcrumbList","@id":"https:\/\/tuub.ee\/fi\/product\/rib-leggingsit-musta\/#breadcrumb","itemListElement":[{"@type":"ListItem","position":1,"name":"Home","item":"https:\/\/tuub.ee\/fi\/"},{"@type":"ListItem","position":2,"name":"Store","item":"https:\/\/tuub.ee\/fi\/store\/"},{"@type":"ListItem","position":3,"name":"RIB leggingsit musta"}]},{"@type":"WebSite","@id":"https:\/\/tuub.ee\/et\/#website","url":"https:\/\/tuub.ee\/et\/","name":"TUUB \u2013 Sinu igap\u00e4evane kaaslane","description":"","potentialAction":[{"@type":"SearchAction","target":{"@type":"EntryPoint","urlTemplate":"https:\/\/tuub.ee\/et\/?s={search_term_string}"},"query-input":{"@type":"PropertyValueSpecification","valueRequired":true,"valueName":"search_term_string"}}],"inLanguage":"et"}]}},"_links":{"self":[{"href":"https:\/\/tuub.ee\/fi\/wp-json\/wp\/v2\/product\/43596","targetHints":{"allow":["GET"]}}],"collection":[{"href":"https:\/\/tuub.ee\/fi\/wp-json\/wp\/v2\/product"}],"about":[{"href":"https:\/\/tuub.ee\/fi\/wp-json\/wp\/v2\/types\/product"}],"wp:featuredmedia":[{"embeddable":true,"href":"https:\/\/tuub.ee\/fi\/wp-json\/wp\/v2\/media\/43598"}],"wp:attachment":[{"href":"https:\/\/tuub.ee\/fi\/wp-json\/wp\/v2\/media?parent=43596"}],"wp:term":[{"taxonomy":"product_brand","embeddable":true,"href":"https:\/\/tuub.ee\/fi\/wp-json\/wp\/v2\/product_brand?post=43596"},{"taxonomy":"product_cat","embeddable":true,"href":"https:\/\/tuub.ee\/fi\/wp-json\/wp\/v2\/product_cat?post=43596"},{"taxonomy":"product_tag","embeddable":true,"href":"https:\/\/tuub.ee\/fi\/wp-json\/wp\/v2\/product_tag?post=43596"}],"curies":[{"name":"wp","href":"https:\/\/api.w.org\/{rel}","templated":true}]}}