{"id":43522,"date":"2023-06-20T20:01:53","date_gmt":"2023-06-20T20:01:53","guid":{"rendered":"https:\/\/tuub.ee\/product\/everywide-puksid-must\/"},"modified":"2025-05-12T09:58:00","modified_gmt":"2025-05-12T09:58:00","slug":"everywide-levealahkeiset-housut-musta","status":"publish","type":"product","link":"https:\/\/tuub.ee\/fi\/product\/everywide-levealahkeiset-housut-musta\/","title":{"rendered":"EVERYWIDE leve\u00e4lahkeiset housut musta"},"content":{"rendered":"","protected":false},"excerpt":{"rendered":"","protected":false},"featured_media":43524,"template":"","meta":{"_acf_changed":false,"inline_featured_image":false},"product_brand":[],"product_cat":[416],"product_tag":[417],"class_list":{"0":"post-43522","1":"product","2":"type-product","3":"status-publish","4":"has-post-thumbnail","6":"product_cat-retuusid-puksid-fi","7":"product_tag-recycled-fi","9":"first","10":"instock","11":"taxable","12":"shipping-taxable","13":"purchasable","14":"product-type-variable"},"acf":[],"yoast_head":"<!-- This site is optimized with the Yoast SEO plugin v26.6 - https:\/\/yoast.com\/wordpress\/plugins\/seo\/ -->\n<title>EVERYWIDE leve\u00e4lahkeiset housut musta - TUUB \u2013 Sinu igap\u00e4evane kaaslane<\/title>\n<meta name=\"description\" content=\"Taskutega laiad p\u00fcksid. Sobivad kinga ja ketsiga. Materjal on meie kuulsast taast\u00f6\u00f6deldud kanga perest. N\u00e4eb v\u00e4lja elegantne ja kallis, justkui viigip\u00fcks.\" \/>\n<meta name=\"robots\" content=\"index, follow, max-snippet:-1, max-image-preview:large, max-video-preview:-1\" \/>\n<link rel=\"canonical\" href=\"https:\/\/tuub.ee\/fi\/product\/everywide-levealahkeiset-housut-musta\/\" \/>\n<meta property=\"og:locale\" content=\"et_EE\" \/>\n<meta property=\"og:type\" content=\"article\" \/>\n<meta property=\"og:title\" content=\"EVERYWIDE leve\u00e4lahkeiset housut musta - TUUB \u2013 Sinu igap\u00e4evane kaaslane\" \/>\n<meta property=\"og:description\" content=\"Taskutega laiad p\u00fcksid. Sobivad kinga ja ketsiga. Materjal on meie kuulsast taast\u00f6\u00f6deldud kanga perest. N\u00e4eb v\u00e4lja elegantne ja kallis, justkui viigip\u00fcks.\" \/>\n<meta property=\"og:url\" content=\"https:\/\/tuub.ee\/fi\/product\/everywide-levealahkeiset-housut-musta\/\" \/>\n<meta property=\"og:site_name\" content=\"TUUB \u2013 Sinu igap\u00e4evane kaaslane\" \/>\n<meta property=\"article:modified_time\" content=\"2025-05-12T09:58:00+00:00\" \/>\n<meta property=\"og:image\" content=\"https:\/\/tuub.ee\/wp-content\/uploads\/2023\/06\/TUUB-laiad-puksid-8a.jpg\" \/>\n\t<meta property=\"og:image:width\" content=\"1080\" \/>\n\t<meta property=\"og:image:height\" content=\"1619\" \/>\n\t<meta property=\"og:image:type\" content=\"image\/jpeg\" \/>\n<meta name=\"twitter:card\" content=\"summary_large_image\" \/>\n<meta name=\"twitter:label1\" content=\"Est. reading time\" \/>\n\t<meta name=\"twitter:data1\" content=\"1 minut\" \/>\n<script type=\"application\/ld+json\" class=\"yoast-schema-graph\">{\"@context\":\"https:\/\/schema.org\",\"@graph\":[{\"@type\":\"WebPage\",\"@id\":\"https:\/\/tuub.ee\/fi\/product\/everywide-levealahkeiset-housut-musta\/\",\"url\":\"https:\/\/tuub.ee\/fi\/product\/everywide-levealahkeiset-housut-musta\/\",\"name\":\"EVERYWIDE leve\u00e4lahkeiset housut musta - TUUB \u2013 Sinu igap\u00e4evane kaaslane\",\"isPartOf\":{\"@id\":\"https:\/\/tuub.ee\/et\/#website\"},\"primaryImageOfPage\":{\"@id\":\"https:\/\/tuub.ee\/fi\/product\/everywide-levealahkeiset-housut-musta\/#primaryimage\"},\"image\":{\"@id\":\"https:\/\/tuub.ee\/fi\/product\/everywide-levealahkeiset-housut-musta\/#primaryimage\"},\"thumbnailUrl\":\"https:\/\/tuub.ee\/wp-content\/uploads\/2023\/06\/TUUB-laiad-puksid-8a.jpg\",\"datePublished\":\"2023-06-20T20:01:53+00:00\",\"dateModified\":\"2025-05-12T09:58:00+00:00\",\"description\":\"Taskutega laiad p\u00fcksid. Sobivad kinga ja ketsiga. Materjal on meie kuulsast taast\u00f6\u00f6deldud kanga perest. N\u00e4eb v\u00e4lja elegantne ja kallis, justkui viigip\u00fcks.\",\"breadcrumb\":{\"@id\":\"https:\/\/tuub.ee\/fi\/product\/everywide-levealahkeiset-housut-musta\/#breadcrumb\"},\"inLanguage\":\"et\",\"potentialAction\":[{\"@type\":\"ReadAction\",\"target\":[\"https:\/\/tuub.ee\/fi\/product\/everywide-levealahkeiset-housut-musta\/\"]}]},{\"@type\":\"ImageObject\",\"inLanguage\":\"et\",\"@id\":\"https:\/\/tuub.ee\/fi\/product\/everywide-levealahkeiset-housut-musta\/#primaryimage\",\"url\":\"https:\/\/tuub.ee\/wp-content\/uploads\/2023\/06\/TUUB-laiad-puksid-8a.jpg\",\"contentUrl\":\"https:\/\/tuub.ee\/wp-content\/uploads\/2023\/06\/TUUB-laiad-puksid-8a.jpg\",\"width\":1080,\"height\":1619},{\"@type\":\"BreadcrumbList\",\"@id\":\"https:\/\/tuub.ee\/fi\/product\/everywide-levealahkeiset-housut-musta\/#breadcrumb\",\"itemListElement\":[{\"@type\":\"ListItem\",\"position\":1,\"name\":\"Home\",\"item\":\"https:\/\/tuub.ee\/fi\/\"},{\"@type\":\"ListItem\",\"position\":2,\"name\":\"Store\",\"item\":\"https:\/\/tuub.ee\/fi\/store\/\"},{\"@type\":\"ListItem\",\"position\":3,\"name\":\"EVERYWIDE leve\u00e4lahkeiset housut musta\"}]},{\"@type\":\"WebSite\",\"@id\":\"https:\/\/tuub.ee\/et\/#website\",\"url\":\"https:\/\/tuub.ee\/et\/\",\"name\":\"TUUB \u2013 Sinu igap\u00e4evane kaaslane\",\"description\":\"\",\"potentialAction\":[{\"@type\":\"SearchAction\",\"target\":{\"@type\":\"EntryPoint\",\"urlTemplate\":\"https:\/\/tuub.ee\/et\/?s={search_term_string}\"},\"query-input\":{\"@type\":\"PropertyValueSpecification\",\"valueRequired\":true,\"valueName\":\"search_term_string\"}}],\"inLanguage\":\"et\"}]}<\/script>\n<!-- \/ Yoast SEO plugin. -->","yoast_head_json":{"title":"EVERYWIDE leve\u00e4lahkeiset housut musta - TUUB \u2013 Sinu igap\u00e4evane kaaslane","description":"Taskutega laiad p\u00fcksid. Sobivad kinga ja ketsiga. Materjal on meie kuulsast taast\u00f6\u00f6deldud kanga perest. N\u00e4eb v\u00e4lja elegantne ja kallis, justkui viigip\u00fcks.","robots":{"index":"index","follow":"follow","max-snippet":"max-snippet:-1","max-image-preview":"max-image-preview:large","max-video-preview":"max-video-preview:-1"},"canonical":"https:\/\/tuub.ee\/fi\/product\/everywide-levealahkeiset-housut-musta\/","og_locale":"et_EE","og_type":"article","og_title":"EVERYWIDE leve\u00e4lahkeiset housut musta - TUUB \u2013 Sinu igap\u00e4evane kaaslane","og_description":"Taskutega laiad p\u00fcksid. Sobivad kinga ja ketsiga. Materjal on meie kuulsast taast\u00f6\u00f6deldud kanga perest. N\u00e4eb v\u00e4lja elegantne ja kallis, justkui viigip\u00fcks.","og_url":"https:\/\/tuub.ee\/fi\/product\/everywide-levealahkeiset-housut-musta\/","og_site_name":"TUUB \u2013 Sinu igap\u00e4evane kaaslane","article_modified_time":"2025-05-12T09:58:00+00:00","og_image":[{"width":1080,"height":1619,"url":"https:\/\/tuub.ee\/wp-content\/uploads\/2023\/06\/TUUB-laiad-puksid-8a.jpg","type":"image\/jpeg"}],"twitter_card":"summary_large_image","twitter_misc":{"Est. reading time":"1 minut"},"schema":{"@context":"https:\/\/schema.org","@graph":[{"@type":"WebPage","@id":"https:\/\/tuub.ee\/fi\/product\/everywide-levealahkeiset-housut-musta\/","url":"https:\/\/tuub.ee\/fi\/product\/everywide-levealahkeiset-housut-musta\/","name":"EVERYWIDE leve\u00e4lahkeiset housut musta - TUUB \u2013 Sinu igap\u00e4evane kaaslane","isPartOf":{"@id":"https:\/\/tuub.ee\/et\/#website"},"primaryImageOfPage":{"@id":"https:\/\/tuub.ee\/fi\/product\/everywide-levealahkeiset-housut-musta\/#primaryimage"},"image":{"@id":"https:\/\/tuub.ee\/fi\/product\/everywide-levealahkeiset-housut-musta\/#primaryimage"},"thumbnailUrl":"https:\/\/tuub.ee\/wp-content\/uploads\/2023\/06\/TUUB-laiad-puksid-8a.jpg","datePublished":"2023-06-20T20:01:53+00:00","dateModified":"2025-05-12T09:58:00+00:00","description":"Taskutega laiad p\u00fcksid. Sobivad kinga ja ketsiga. Materjal on meie kuulsast taast\u00f6\u00f6deldud kanga perest. N\u00e4eb v\u00e4lja elegantne ja kallis, justkui viigip\u00fcks.","breadcrumb":{"@id":"https:\/\/tuub.ee\/fi\/product\/everywide-levealahkeiset-housut-musta\/#breadcrumb"},"inLanguage":"et","potentialAction":[{"@type":"ReadAction","target":["https:\/\/tuub.ee\/fi\/product\/everywide-levealahkeiset-housut-musta\/"]}]},{"@type":"ImageObject","inLanguage":"et","@id":"https:\/\/tuub.ee\/fi\/product\/everywide-levealahkeiset-housut-musta\/#primaryimage","url":"https:\/\/tuub.ee\/wp-content\/uploads\/2023\/06\/TUUB-laiad-puksid-8a.jpg","contentUrl":"https:\/\/tuub.ee\/wp-content\/uploads\/2023\/06\/TUUB-laiad-puksid-8a.jpg","width":1080,"height":1619},{"@type":"BreadcrumbList","@id":"https:\/\/tuub.ee\/fi\/product\/everywide-levealahkeiset-housut-musta\/#breadcrumb","itemListElement":[{"@type":"ListItem","position":1,"name":"Home","item":"https:\/\/tuub.ee\/fi\/"},{"@type":"ListItem","position":2,"name":"Store","item":"https:\/\/tuub.ee\/fi\/store\/"},{"@type":"ListItem","position":3,"name":"EVERYWIDE leve\u00e4lahkeiset housut musta"}]},{"@type":"WebSite","@id":"https:\/\/tuub.ee\/et\/#website","url":"https:\/\/tuub.ee\/et\/","name":"TUUB \u2013 Sinu igap\u00e4evane kaaslane","description":"","potentialAction":[{"@type":"SearchAction","target":{"@type":"EntryPoint","urlTemplate":"https:\/\/tuub.ee\/et\/?s={search_term_string}"},"query-input":{"@type":"PropertyValueSpecification","valueRequired":true,"valueName":"search_term_string"}}],"inLanguage":"et"}]}},"_links":{"self":[{"href":"https:\/\/tuub.ee\/fi\/wp-json\/wp\/v2\/product\/43522","targetHints":{"allow":["GET"]}}],"collection":[{"href":"https:\/\/tuub.ee\/fi\/wp-json\/wp\/v2\/product"}],"about":[{"href":"https:\/\/tuub.ee\/fi\/wp-json\/wp\/v2\/types\/product"}],"wp:featuredmedia":[{"embeddable":true,"href":"https:\/\/tuub.ee\/fi\/wp-json\/wp\/v2\/media\/43524"}],"wp:attachment":[{"href":"https:\/\/tuub.ee\/fi\/wp-json\/wp\/v2\/media?parent=43522"}],"wp:term":[{"taxonomy":"product_brand","embeddable":true,"href":"https:\/\/tuub.ee\/fi\/wp-json\/wp\/v2\/product_brand?post=43522"},{"taxonomy":"product_cat","embeddable":true,"href":"https:\/\/tuub.ee\/fi\/wp-json\/wp\/v2\/product_cat?post=43522"},{"taxonomy":"product_tag","embeddable":true,"href":"https:\/\/tuub.ee\/fi\/wp-json\/wp\/v2\/product_tag?post=43522"}],"curies":[{"name":"wp","href":"https:\/\/api.w.org\/{rel}","templated":true}]}}