{"id":15910,"date":"2021-03-31T09:12:17","date_gmt":"2021-03-31T09:12:17","guid":{"rendered":"https:\/\/tuub.ee\/aitah-liitumast\/"},"modified":"2025-11-05T15:34:48","modified_gmt":"2025-11-05T15:34:48","slug":"kiitos-liittymisesta","status":"publish","type":"page","link":"https:\/\/tuub.ee\/fi\/kiitos-liittymisesta\/","title":{"rendered":"Kiitos liittymisest\u00e4!"},"content":{"rendered":"<p style=\"text-align: center;\">Olet porukassa. Koodisi on <strong>VIP7<\/strong>. Tarkista my\u00f6s s\u00e4hk\u00f6postilaatikkosi.<\/p>\n","protected":false},"excerpt":{"rendered":"Olet porukassa. Koodisi on VIP7. Tarkista my\u00f6s s\u00e4hk\u00f6postilaatikkosi.","protected":false},"author":1,"featured_media":0,"parent":0,"menu_order":0,"comment_status":"closed","ping_status":"closed","template":"","meta":{"_acf_changed":false,"inline_featured_image":false,"footnotes":""},"class_list":["post-15910","page","type-page","status-publish","hentry"],"acf":[],"yoast_head":"<!-- This site is optimized with the Yoast SEO plugin v26.6 - https:\/\/yoast.com\/wordpress\/plugins\/seo\/ -->\n<title>Kiitos liittymisest\u00e4! - TUUB \u2013 Sinu igap\u00e4evane kaaslane<\/title>\n<meta name=\"robots\" content=\"index, follow, max-snippet:-1, max-image-preview:large, max-video-preview:-1\" \/>\n<link rel=\"canonical\" href=\"https:\/\/tuub.ee\/fi\/kiitos-liittymisesta\/\" \/>\n<meta property=\"og:locale\" content=\"et_EE\" \/>\n<meta property=\"og:type\" content=\"article\" \/>\n<meta property=\"og:title\" content=\"Kiitos liittymisest\u00e4! - TUUB \u2013 Sinu igap\u00e4evane kaaslane\" \/>\n<meta property=\"og:description\" content=\"Olet porukassa. Koodisi on VIP7. Tarkista my\u00f6s s\u00e4hk\u00f6postilaatikkosi.\" \/>\n<meta property=\"og:url\" content=\"https:\/\/tuub.ee\/fi\/kiitos-liittymisesta\/\" \/>\n<meta property=\"og:site_name\" content=\"TUUB \u2013 Sinu igap\u00e4evane kaaslane\" \/>\n<meta property=\"article:modified_time\" content=\"2025-11-05T15:34:48+00:00\" \/>\n<meta name=\"twitter:card\" content=\"summary_large_image\" \/>\n<meta name=\"twitter:label1\" content=\"Est. reading time\" \/>\n\t<meta name=\"twitter:data1\" content=\"1 minut\" \/>\n<script type=\"application\/ld+json\" class=\"yoast-schema-graph\">{\"@context\":\"https:\/\/schema.org\",\"@graph\":[{\"@type\":\"WebPage\",\"@id\":\"https:\/\/tuub.ee\/fi\/kiitos-liittymisesta\/\",\"url\":\"https:\/\/tuub.ee\/fi\/kiitos-liittymisesta\/\",\"name\":\"Kiitos liittymisest\u00e4! - TUUB \u2013 Sinu igap\u00e4evane kaaslane\",\"isPartOf\":{\"@id\":\"https:\/\/tuub.ee\/et\/#website\"},\"datePublished\":\"2021-03-31T09:12:17+00:00\",\"dateModified\":\"2025-11-05T15:34:48+00:00\",\"breadcrumb\":{\"@id\":\"https:\/\/tuub.ee\/fi\/kiitos-liittymisesta\/#breadcrumb\"},\"inLanguage\":\"et\",\"potentialAction\":[{\"@type\":\"ReadAction\",\"target\":[\"https:\/\/tuub.ee\/fi\/kiitos-liittymisesta\/\"]}]},{\"@type\":\"BreadcrumbList\",\"@id\":\"https:\/\/tuub.ee\/fi\/kiitos-liittymisesta\/#breadcrumb\",\"itemListElement\":[{\"@type\":\"ListItem\",\"position\":1,\"name\":\"Home\",\"item\":\"https:\/\/tuub.ee\/fi\/\"},{\"@type\":\"ListItem\",\"position\":2,\"name\":\"Kiitos liittymisest\u00e4!\"}]},{\"@type\":\"WebSite\",\"@id\":\"https:\/\/tuub.ee\/et\/#website\",\"url\":\"https:\/\/tuub.ee\/et\/\",\"name\":\"TUUB \u2013 Sinu igap\u00e4evane kaaslane\",\"description\":\"\",\"potentialAction\":[{\"@type\":\"SearchAction\",\"target\":{\"@type\":\"EntryPoint\",\"urlTemplate\":\"https:\/\/tuub.ee\/et\/?s={search_term_string}\"},\"query-input\":{\"@type\":\"PropertyValueSpecification\",\"valueRequired\":true,\"valueName\":\"search_term_string\"}}],\"inLanguage\":\"et\"}]}<\/script>\n<!-- \/ Yoast SEO plugin. -->","yoast_head_json":{"title":"Kiitos liittymisest\u00e4! - TUUB \u2013 Sinu igap\u00e4evane kaaslane","robots":{"index":"index","follow":"follow","max-snippet":"max-snippet:-1","max-image-preview":"max-image-preview:large","max-video-preview":"max-video-preview:-1"},"canonical":"https:\/\/tuub.ee\/fi\/kiitos-liittymisesta\/","og_locale":"et_EE","og_type":"article","og_title":"Kiitos liittymisest\u00e4! - TUUB \u2013 Sinu igap\u00e4evane kaaslane","og_description":"Olet porukassa. Koodisi on VIP7. Tarkista my\u00f6s s\u00e4hk\u00f6postilaatikkosi.","og_url":"https:\/\/tuub.ee\/fi\/kiitos-liittymisesta\/","og_site_name":"TUUB \u2013 Sinu igap\u00e4evane kaaslane","article_modified_time":"2025-11-05T15:34:48+00:00","twitter_card":"summary_large_image","twitter_misc":{"Est. reading time":"1 minut"},"schema":{"@context":"https:\/\/schema.org","@graph":[{"@type":"WebPage","@id":"https:\/\/tuub.ee\/fi\/kiitos-liittymisesta\/","url":"https:\/\/tuub.ee\/fi\/kiitos-liittymisesta\/","name":"Kiitos liittymisest\u00e4! - TUUB \u2013 Sinu igap\u00e4evane kaaslane","isPartOf":{"@id":"https:\/\/tuub.ee\/et\/#website"},"datePublished":"2021-03-31T09:12:17+00:00","dateModified":"2025-11-05T15:34:48+00:00","breadcrumb":{"@id":"https:\/\/tuub.ee\/fi\/kiitos-liittymisesta\/#breadcrumb"},"inLanguage":"et","potentialAction":[{"@type":"ReadAction","target":["https:\/\/tuub.ee\/fi\/kiitos-liittymisesta\/"]}]},{"@type":"BreadcrumbList","@id":"https:\/\/tuub.ee\/fi\/kiitos-liittymisesta\/#breadcrumb","itemListElement":[{"@type":"ListItem","position":1,"name":"Home","item":"https:\/\/tuub.ee\/fi\/"},{"@type":"ListItem","position":2,"name":"Kiitos liittymisest\u00e4!"}]},{"@type":"WebSite","@id":"https:\/\/tuub.ee\/et\/#website","url":"https:\/\/tuub.ee\/et\/","name":"TUUB \u2013 Sinu igap\u00e4evane kaaslane","description":"","potentialAction":[{"@type":"SearchAction","target":{"@type":"EntryPoint","urlTemplate":"https:\/\/tuub.ee\/et\/?s={search_term_string}"},"query-input":{"@type":"PropertyValueSpecification","valueRequired":true,"valueName":"search_term_string"}}],"inLanguage":"et"}]}},"_links":{"self":[{"href":"https:\/\/tuub.ee\/fi\/wp-json\/wp\/v2\/pages\/15910","targetHints":{"allow":["GET"]}}],"collection":[{"href":"https:\/\/tuub.ee\/fi\/wp-json\/wp\/v2\/pages"}],"about":[{"href":"https:\/\/tuub.ee\/fi\/wp-json\/wp\/v2\/types\/page"}],"author":[{"embeddable":true,"href":"https:\/\/tuub.ee\/fi\/wp-json\/wp\/v2\/users\/1"}],"replies":[{"embeddable":true,"href":"https:\/\/tuub.ee\/fi\/wp-json\/wp\/v2\/comments?post=15910"}],"version-history":[{"count":3,"href":"https:\/\/tuub.ee\/fi\/wp-json\/wp\/v2\/pages\/15910\/revisions"}],"predecessor-version":[{"id":18475,"href":"https:\/\/tuub.ee\/fi\/wp-json\/wp\/v2\/pages\/15910\/revisions\/18475"}],"wp:attachment":[{"href":"https:\/\/tuub.ee\/fi\/wp-json\/wp\/v2\/media?parent=15910"}],"curies":[{"name":"wp","href":"https:\/\/api.w.org\/{rel}","templated":true}]}}