{"id":15892,"date":"2023-11-27T13:01:53","date_gmt":"2023-11-27T13:01:53","guid":{"rendered":"https:\/\/tuub.ee\/?page_id=15892"},"modified":"2024-05-30T06:12:25","modified_gmt":"2024-05-30T06:12:25","slug":"myyntiehdot","status":"publish","type":"page","link":"https:\/\/tuub.ee\/fi\/myyntiehdot\/","title":{"rendered":"Myyntiehdot"},"content":{"rendered":"<p><strong>Toimitusvaihtoehdot Suomeen:<\/strong><\/p>\n<ul>\n<li style=\"font-weight: 400;\" aria-level=\"1\"><span style=\"font-weight: 400;\">Matkahuolto<\/span><\/li>\n<li style=\"font-weight: 400;\" aria-level=\"1\"><span style=\"font-weight: 400;\">Itella Smartpost<\/span><\/li>\n<li style=\"font-weight: 400;\" aria-level=\"1\"><span style=\"font-weight: 400;\">DPD<\/span><\/li>\n<\/ul>\n<p><b>TOIMITUSAIKA<\/b><\/p>\n<ul>\n<li style=\"font-weight: 400;\" aria-level=\"1\"><span style=\"font-weight: 400;\">Itella &amp; DPD\u00a0 3-4 ty\u00f6p\u00e4iv\u00e4\u00e4<\/span><\/li>\n<li style=\"font-weight: 400;\" aria-level=\"1\"><span style=\"font-weight: 400;\">Matkahuolto up to 4-7 ty\u00f6p\u00e4iv\u00e4\u00e4<\/span><\/li>\n<\/ul>\n<p><b>TOIMITUSKULUT<\/b><\/p>\n<p><span style=\"font-weight: 400;\">5,90 \u20ac Matkahuolto pakettipiste\u00a0<\/span><\/p>\n<p><span style=\"font-weight: 400;\">10,50 \u20ac Matkahuolto kuriiri<\/span><\/p>\n<p><span style=\"font-weight: 400;\">9,50 \u20ac DPD pakettiautomaatti<\/span><\/p>\n<p><span style=\"font-weight: 400;\">9,90 \u20ac Itella Smartpost pakettiautomaatti<\/span><\/p>\n<p><strong id=\"ennen-kuin-paatat-palautta\">ENNEN KUIN P\u00c4\u00c4T\u00c4T PALAUTTAA<\/strong><\/p>\n<p><span style=\"font-weight: 400;\">Jos haluat palauttaa, koska TUUB tai housut eiv\u00e4t sopineet sinulle, harkitse ensin, oletko varma, ett\u00e4 tilasit oikean koon itsellesi, ja jos materiaali tuntuu liian ohuelta (kierr\u00e4tetyn kankaan tapauksessa) tai liian paksulta (meriino), puhutaan siit\u00e4, ehk\u00e4 l\u00f6yd\u00e4mme sinulle paremman ratkaisun. TUUBin monik\u00e4ytt\u00f6inen top-hame-mekko-huivi on niin k\u00e4yt\u00e4nn\u00f6llinen vaatekappale, ett\u00e4 riippumatta vartalon muodosta jokainen nainen voi k\u00e4ytt\u00e4\u00e4 sit\u00e4 v\u00e4hint\u00e4\u00e4n 3 eri tavalla eritt\u00e4in onnistuneesti. Esimerkiksi:<\/span><\/p>\n<p><span style=\"font-weight: 400;\">1. V\u00e4litt\u00e4j\u00e4n\u00e4 alimman ja ylimm\u00e4n vaatekappaleen v\u00e4lill\u00e4 (TUUB-tytt\u00f6jen suosikki), jotta tuuli ei kulje l\u00e4pi vartalon, eik\u00e4 neuleen tarvitse olla suoraan rintaliivien p\u00e4\u00e4ll\u00e4, selk\u00e4 ei tule kylm\u00e4ksi, eik\u00e4 mik\u00e4\u00e4n l\u00e4pin\u00e4kyv\u00e4 esine ole liian l\u00e4pin\u00e4kyv\u00e4. Se tarjoaa kauniin viimeistelyn liian suurelle kaula-aukolle tai takin kaulukselle. Korvaamaton odottaville \u00e4ideille.<\/span><\/p>\n<p><span style=\"font-weight: 400;\">2. V\u00e4ril\u00e4isk\u00e4n\u00e4 kaulassa asusteena tylsistyneen puvun kanssa. Huivista voi vaivatta tehd\u00e4 elegantin hupun, kun tulet teatterista ja sataa v\u00e4h\u00e4n tai tuuli puhaltaa liikaa.<\/span><\/p>\n<p><span style=\"font-weight: 400;\">3. Jos pid\u00e4t TUUBin kankaista ja eettisen Viron br\u00e4ndin olemuksesta, voit aina harkita my\u00f6s housujen tai merinovillaisen pitk\u00e4hihaisen paidan tai leggingsien hankkimista. TUUBin juhlalliset collegehousut ovat \u00e4\u00e4rimm\u00e4isen k\u00e4yt\u00e4nn\u00f6lliset, ja leggingsit sek\u00e4 merinovillat ovat yksinkertaisesti sanoin kuvaamattoman mukavia. Meill\u00e4 on todella 100% merinovillaa!<\/span><\/p>\n<p><strong>PALAUTUS &amp; VAIHTO<\/strong><\/p>\n<p><span style=\"font-weight: 400;\">Teemme parhaamme toimittaaksemme t\u00e4ydellisen tuotteen t\u00e4ydellisess\u00e4 kunnossa t\u00e4ydellisesti perille saakka. Mutta maailma ei ole t\u00e4ydellinen eli mik\u00e4li l\u00e4hetyksellesi on tapahtunut joitain valitettavaa, ilmoitathan siit\u00e4 meille mahdollisimman pian <\/span><a href=\"mailto:support@tuub.ee\"><span style=\"font-weight: 400;\">support@tuub.ee<\/span><\/a><span style=\"font-weight: 400;\">, puhelin\/WhatsApp +372 5387 7753 tai Facebook messenger @tuubofficial. Jos tuote on kadonnut tai siin\u00e4 on laatuongelmia, l\u00e4het\u00e4mme sinulle uuden tuotteen ilman lis\u00e4maksua. Jos harkitset tuotteen palauttamista, koska se ei vastannut odotuksiasi, voit palauttaa sen 100 p\u00e4iv\u00e4n kuluessa ostohetkest\u00e4, mik\u00e4li tuote on t\u00e4ysin vahingoittumaton ja se on alkuper\u00e4isess\u00e4 pakkauksessaan etiketit paikoillaan.<\/span><\/p>\n<p><b>KUINKA PALAUTTAA<\/b><\/p>\n<p><span style=\"font-weight: 400;\">Palautukset ovat ilmaisia.<\/span><\/p>\n<p><span style=\"font-weight: 400;\">Mik\u00e4li tilasit <\/span><b>Matkahuollon <\/b><span style=\"font-weight: 400;\">tai <\/span><b>DPD<\/b><span style=\"font-weight: 400;\">:n kautta, kysy palautuskoodi s\u00e4hk\u00f6postitse <\/span><a href=\"mailto:support@tuub.ee\"><span style=\"font-weight: 400;\">support@tuub.ee<\/span><\/a><span style=\"font-weight: 400;\"> tai puhelimitse\/WhatsApp +372 5387 7753.\u00a0<\/span><\/p>\n<p><span style=\"font-weight: 400;\">Mik\u00e4li tilasit <\/span><b>Itella Smartpostin<\/b><span style=\"font-weight: 400;\"> kautta, voit palauttaa paketin n\u00e4in:<\/span><\/p>\n<p><a href=\"https:\/\/www.posti.fi\/fi\/henkiloille\/paketit-ja-seuranta\/palauta-paketti\"><span style=\"font-weight: 400;\">https:\/\/www.posti.fi\/fi\/henkiloille\/paketit-ja-seuranta\/palauta-paketti<\/span><\/a><span style=\"font-weight: 400;\">\u00a0<\/span><\/p>\n<p><span style=\"font-weight: 400;\">Valitse <\/span><b>Muut Palautustavat<\/b><span style=\"font-weight: 400;\"> ja <\/span><b>Palauta l\u00e4hetystunnuksella:<\/b><\/p>\n<p><span style=\"font-weight: 400;\">T\u00e4m\u00e4n j\u00e4lkeen sy\u00f6t\u00e4 <\/span><b>alkuper\u00e4isen paketin l\u00e4hetystunnus<\/b><span style=\"font-weight: 400;\">, jolla p\u00e4\u00e4set eteenp\u00e4in valitsemaan paketin koon ja sinulle sopivan pakettiautomaatin tai palvelupisteen. Varmistuksen j\u00e4lkeen saat ovikoodin\/palautuskoodin.\u00a0<\/span><\/p>\n<p><span style=\"font-weight: 400;\">Maksamme rahasi takaisin, kun olemme vastaanottaneet palautuksen. Muistathan kertoa meille, haluatko rahasi takaisin vai onko kyseess\u00e4 tuotteen vaihto. Emme l\u00e4het\u00e4 palautus\/vaihtopapereita postitse, s\u00e4\u00e4stet\u00e4\u00e4n maapalloa yhdess\u00e4, ja hoidetaan paperiasiat verkossa. Kerro meille, mit\u00e4 haluat:<\/span><span style=\"font-weight: 400;\"><br \/>\n<\/span><span style=\"font-weight: 400;\">support@tuub.ee<\/span><span style=\"font-weight: 400;\"><br \/>\n<\/span><span style=\"font-weight: 400;\">Telephone\/ WhatsApp <\/span><span style=\"font-weight: 400;\">(+372) 5387 7753<\/span><span style=\"font-weight: 400;\"><br \/>\n<\/span><span style=\"font-weight: 400;\">Facebook messinger: <\/span><a href=\"https:\/\/www.facebook.com\/tuubofficial\"><span style=\"font-weight: 400;\">tuubofficial<\/span><\/a><\/p>\n<p><span style=\"font-weight: 400;\">Mik\u00e4li haluat vaihtaa tuotteen kokoa\/v\u00e4ri\u00e4\/tyyli\u00e4, l\u00e4het\u00e4mme sinulle uuden ilman h\u00e4slinki\u00e4. Maksat vain tuotteen l\u00e4hetyskulut 5,90e.<\/span><\/p>\n<p><span style=\"font-weight: 400;\">Laskun summa palautetaan sinulle valitsemallasi maksutavalla palautettujen tuotteiden tarkastuksen j\u00e4lkeen.\u00a0<\/span><\/p>\n<p>TUUB ei myy lahjakortteja.<\/p>\n","protected":false},"excerpt":{"rendered":"Toimitusvaihtoehdot Suomeen: Matkahuolto Itella Smartpost DPD TOIMITUSAIKA Itella &amp; DPD\u00a0 3-4 ty\u00f6p\u00e4iv\u00e4\u00e4 Matkahuolto up to 4-7 ty\u00f6p\u00e4iv\u00e4\u00e4 TOIMITUSKULUT 5,90 \u20ac Matkahuolto pakettipiste\u00a0 10,50 \u20ac Matkahuolto kuriiri 9,50 \u20ac DPD pakettiautomaatti 9,90 \u20ac Itella Smartpost pakettiautomaatti ENNEN KUIN P\u00c4\u00c4T\u00c4T PALAUTTAA Jos haluat palauttaa, koska TUUB tai housut eiv\u00e4t sopineet sinulle, harkitse ensin, oletko varma, ett\u00e4 tilasit [&hellip;]","protected":false},"author":1,"featured_media":0,"parent":0,"menu_order":0,"comment_status":"closed","ping_status":"closed","template":"page-templates\/template-legal.php","meta":{"_acf_changed":false,"inline_featured_image":false,"footnotes":""},"class_list":["post-15892","page","type-page","status-publish","hentry"],"acf":[],"yoast_head":"<!-- This site is optimized with the Yoast SEO plugin v27.5 - https:\/\/yoast.com\/product\/yoast-seo-wordpress\/ -->\n<title>Myyntiehdot - TUUB \u2013 Sinu igap\u00e4evane kaaslane<\/title>\n<meta name=\"robots\" content=\"index, follow, max-snippet:-1, max-image-preview:large, max-video-preview:-1\" \/>\n<link rel=\"canonical\" href=\"https:\/\/tuub.ee\/fi\/myyntiehdot\/\" \/>\n<meta property=\"og:locale\" content=\"et_EE\" \/>\n<meta property=\"og:type\" content=\"article\" \/>\n<meta property=\"og:title\" content=\"Myyntiehdot - TUUB \u2013 Sinu igap\u00e4evane kaaslane\" \/>\n<meta property=\"og:description\" content=\"Toimitusvaihtoehdot Suomeen: Matkahuolto Itella Smartpost DPD TOIMITUSAIKA Itella &amp; DPD\u00a0 3-4 ty\u00f6p\u00e4iv\u00e4\u00e4 Matkahuolto up to 4-7 ty\u00f6p\u00e4iv\u00e4\u00e4 TOIMITUSKULUT 5,90 \u20ac Matkahuolto pakettipiste\u00a0 10,50 \u20ac Matkahuolto kuriiri 9,50 \u20ac DPD pakettiautomaatti 9,90 \u20ac Itella Smartpost pakettiautomaatti ENNEN KUIN P\u00c4\u00c4T\u00c4T PALAUTTAA Jos haluat palauttaa, koska TUUB tai housut eiv\u00e4t sopineet sinulle, harkitse ensin, oletko varma, ett\u00e4 tilasit [&hellip;]\" \/>\n<meta property=\"og:url\" content=\"https:\/\/tuub.ee\/fi\/myyntiehdot\/\" \/>\n<meta property=\"og:site_name\" content=\"TUUB \u2013 Sinu igap\u00e4evane kaaslane\" \/>\n<meta property=\"article:modified_time\" content=\"2024-05-30T06:12:25+00:00\" \/>\n<meta name=\"twitter:card\" content=\"summary_large_image\" \/>\n<meta name=\"twitter:label1\" content=\"Est. reading time\" \/>\n\t<meta name=\"twitter:data1\" content=\"3 minutit\" \/>\n<script type=\"application\/ld+json\" class=\"yoast-schema-graph\">{\"@context\":\"https:\\\/\\\/schema.org\",\"@graph\":[{\"@type\":\"WebPage\",\"@id\":\"https:\\\/\\\/tuub.ee\\\/fi\\\/myyntiehdot\\\/\",\"url\":\"https:\\\/\\\/tuub.ee\\\/fi\\\/myyntiehdot\\\/\",\"name\":\"Myyntiehdot - TUUB \u2013 Sinu igap\u00e4evane kaaslane\",\"isPartOf\":{\"@id\":\"https:\\\/\\\/tuub.ee\\\/et\\\/#website\"},\"datePublished\":\"2023-11-27T13:01:53+00:00\",\"dateModified\":\"2024-05-30T06:12:25+00:00\",\"breadcrumb\":{\"@id\":\"https:\\\/\\\/tuub.ee\\\/fi\\\/myyntiehdot\\\/#breadcrumb\"},\"inLanguage\":\"et\",\"potentialAction\":[{\"@type\":\"ReadAction\",\"target\":[\"https:\\\/\\\/tuub.ee\\\/fi\\\/myyntiehdot\\\/\"]}]},{\"@type\":\"BreadcrumbList\",\"@id\":\"https:\\\/\\\/tuub.ee\\\/fi\\\/myyntiehdot\\\/#breadcrumb\",\"itemListElement\":[{\"@type\":\"ListItem\",\"position\":1,\"name\":\"Home\",\"item\":\"https:\\\/\\\/tuub.ee\\\/fi\\\/\"},{\"@type\":\"ListItem\",\"position\":2,\"name\":\"Myyntiehdot\"}]},{\"@type\":\"WebSite\",\"@id\":\"https:\\\/\\\/tuub.ee\\\/et\\\/#website\",\"url\":\"https:\\\/\\\/tuub.ee\\\/et\\\/\",\"name\":\"TUUB \u2013 Sinu igap\u00e4evane kaaslane\",\"description\":\"\",\"potentialAction\":[{\"@type\":\"SearchAction\",\"target\":{\"@type\":\"EntryPoint\",\"urlTemplate\":\"https:\\\/\\\/tuub.ee\\\/et\\\/?s={search_term_string}\"},\"query-input\":{\"@type\":\"PropertyValueSpecification\",\"valueRequired\":true,\"valueName\":\"search_term_string\"}}],\"inLanguage\":\"et\"}]}<\/script>\n<!-- \/ Yoast SEO plugin. -->","yoast_head_json":{"title":"Myyntiehdot - TUUB \u2013 Sinu igap\u00e4evane kaaslane","robots":{"index":"index","follow":"follow","max-snippet":"max-snippet:-1","max-image-preview":"max-image-preview:large","max-video-preview":"max-video-preview:-1"},"canonical":"https:\/\/tuub.ee\/fi\/myyntiehdot\/","og_locale":"et_EE","og_type":"article","og_title":"Myyntiehdot - TUUB \u2013 Sinu igap\u00e4evane kaaslane","og_description":"Toimitusvaihtoehdot Suomeen: Matkahuolto Itella Smartpost DPD TOIMITUSAIKA Itella &amp; DPD\u00a0 3-4 ty\u00f6p\u00e4iv\u00e4\u00e4 Matkahuolto up to 4-7 ty\u00f6p\u00e4iv\u00e4\u00e4 TOIMITUSKULUT 5,90 \u20ac Matkahuolto pakettipiste\u00a0 10,50 \u20ac Matkahuolto kuriiri 9,50 \u20ac DPD pakettiautomaatti 9,90 \u20ac Itella Smartpost pakettiautomaatti ENNEN KUIN P\u00c4\u00c4T\u00c4T PALAUTTAA Jos haluat palauttaa, koska TUUB tai housut eiv\u00e4t sopineet sinulle, harkitse ensin, oletko varma, ett\u00e4 tilasit [&hellip;]","og_url":"https:\/\/tuub.ee\/fi\/myyntiehdot\/","og_site_name":"TUUB \u2013 Sinu igap\u00e4evane kaaslane","article_modified_time":"2024-05-30T06:12:25+00:00","twitter_card":"summary_large_image","twitter_misc":{"Est. reading time":"3 minutit"},"schema":{"@context":"https:\/\/schema.org","@graph":[{"@type":"WebPage","@id":"https:\/\/tuub.ee\/fi\/myyntiehdot\/","url":"https:\/\/tuub.ee\/fi\/myyntiehdot\/","name":"Myyntiehdot - TUUB \u2013 Sinu igap\u00e4evane kaaslane","isPartOf":{"@id":"https:\/\/tuub.ee\/et\/#website"},"datePublished":"2023-11-27T13:01:53+00:00","dateModified":"2024-05-30T06:12:25+00:00","breadcrumb":{"@id":"https:\/\/tuub.ee\/fi\/myyntiehdot\/#breadcrumb"},"inLanguage":"et","potentialAction":[{"@type":"ReadAction","target":["https:\/\/tuub.ee\/fi\/myyntiehdot\/"]}]},{"@type":"BreadcrumbList","@id":"https:\/\/tuub.ee\/fi\/myyntiehdot\/#breadcrumb","itemListElement":[{"@type":"ListItem","position":1,"name":"Home","item":"https:\/\/tuub.ee\/fi\/"},{"@type":"ListItem","position":2,"name":"Myyntiehdot"}]},{"@type":"WebSite","@id":"https:\/\/tuub.ee\/et\/#website","url":"https:\/\/tuub.ee\/et\/","name":"TUUB \u2013 Sinu igap\u00e4evane kaaslane","description":"","potentialAction":[{"@type":"SearchAction","target":{"@type":"EntryPoint","urlTemplate":"https:\/\/tuub.ee\/et\/?s={search_term_string}"},"query-input":{"@type":"PropertyValueSpecification","valueRequired":true,"valueName":"search_term_string"}}],"inLanguage":"et"}]}},"_links":{"self":[{"href":"https:\/\/tuub.ee\/fi\/wp-json\/wp\/v2\/pages\/15892","targetHints":{"allow":["GET"]}}],"collection":[{"href":"https:\/\/tuub.ee\/fi\/wp-json\/wp\/v2\/pages"}],"about":[{"href":"https:\/\/tuub.ee\/fi\/wp-json\/wp\/v2\/types\/page"}],"author":[{"embeddable":true,"href":"https:\/\/tuub.ee\/fi\/wp-json\/wp\/v2\/users\/1"}],"replies":[{"embeddable":true,"href":"https:\/\/tuub.ee\/fi\/wp-json\/wp\/v2\/comments?post=15892"}],"version-history":[{"count":0,"href":"https:\/\/tuub.ee\/fi\/wp-json\/wp\/v2\/pages\/15892\/revisions"}],"wp:attachment":[{"href":"https:\/\/tuub.ee\/fi\/wp-json\/wp\/v2\/media?parent=15892"}],"curies":[{"name":"wp","href":"https:\/\/api.w.org\/{rel}","templated":true}]}}