{"id":17180,"date":"2023-11-02T18:17:21","date_gmt":"2023-11-02T18:17:21","guid":{"rendered":"https:\/\/tuub.ee\/et\/product\/comfy-mustad-meriinovillast-retuusid\/"},"modified":"2026-03-23T16:30:04","modified_gmt":"2026-03-23T16:30:04","slug":"comfy-mustad-meriinovillast-retuusid","status":"publish","type":"product","link":"https:\/\/tuub.ee\/et\/product\/comfy-mustad-meriinovillast-retuusid\/","title":{"rendered":"COMFY mustad meriinovillast retuusid"},"content":{"rendered":"","protected":false},"excerpt":{"rendered":"","protected":false},"featured_media":17192,"template":"","meta":{"_acf_changed":false,"inline_featured_image":false},"product_brand":[],"product_cat":[264],"product_tag":[23],"class_list":{"0":"post-17180","1":"product","2":"type-product","3":"status-publish","4":"has-post-thumbnail","6":"product_cat-meriinovillane-soe-pesu","7":"product_tag-merino","9":"first","10":"instock","11":"taxable","12":"shipping-taxable","13":"purchasable","14":"product-type-variable"},"acf":[],"yoast_head":"<!-- This site is optimized with the Yoast SEO plugin v26.6 - https:\/\/yoast.com\/wordpress\/plugins\/seo\/ -->\n<title>COMFY mustad meriinovillast retuusid - TUUB \u2013 Sinu igap\u00e4evane kaaslane<\/title>\n<meta name=\"description\" content=\"Meriinovillast soojad retuusid. Peenvillane meriino on v\u00e4ga hea materjal, kuna see ei torgi nagu tavaline vill ning see on soe isegi m\u00e4rjana.\" \/>\n<meta name=\"robots\" content=\"index, follow, max-snippet:-1, max-image-preview:large, max-video-preview:-1\" \/>\n<link rel=\"canonical\" href=\"https:\/\/tuub.ee\/et\/product\/comfy-mustad-meriinovillast-retuusid\/\" \/>\n<meta property=\"og:locale\" content=\"et_EE\" \/>\n<meta property=\"og:type\" content=\"article\" \/>\n<meta property=\"og:title\" content=\"COMFY mustad meriinovillast retuusid - TUUB \u2013 Sinu igap\u00e4evane kaaslane\" \/>\n<meta property=\"og:description\" content=\"Meriinovillast soojad retuusid. Peenvillane meriino on v\u00e4ga hea materjal, kuna see ei torgi nagu tavaline vill ning see on soe isegi m\u00e4rjana.\" \/>\n<meta property=\"og:url\" content=\"https:\/\/tuub.ee\/et\/product\/comfy-mustad-meriinovillast-retuusid\/\" \/>\n<meta property=\"og:site_name\" content=\"TUUB \u2013 Sinu igap\u00e4evane kaaslane\" \/>\n<meta property=\"article:modified_time\" content=\"2026-03-23T16:30:04+00:00\" \/>\n<meta property=\"og:image\" content=\"https:\/\/tuub.ee\/wp-content\/uploads\/2023\/11\/Epp-Karsin-TUUB-must-meriino-soojapesu-retuusid-pepu-700x895.png\" \/>\n\t<meta property=\"og:image:width\" content=\"700\" \/>\n\t<meta property=\"og:image:height\" content=\"895\" \/>\n\t<meta property=\"og:image:type\" content=\"image\/png\" \/>\n<meta name=\"twitter:card\" content=\"summary_large_image\" \/>\n<meta name=\"twitter:label1\" content=\"Est. reading time\" \/>\n\t<meta name=\"twitter:data1\" content=\"1 minut\" \/>\n<script type=\"application\/ld+json\" class=\"yoast-schema-graph\">{\"@context\":\"https:\/\/schema.org\",\"@graph\":[{\"@type\":\"WebPage\",\"@id\":\"https:\/\/tuub.ee\/et\/product\/comfy-mustad-meriinovillast-retuusid\/\",\"url\":\"https:\/\/tuub.ee\/et\/product\/comfy-mustad-meriinovillast-retuusid\/\",\"name\":\"COMFY mustad meriinovillast retuusid - TUUB \u2013 Sinu igap\u00e4evane kaaslane\",\"isPartOf\":{\"@id\":\"https:\/\/tuub.ee\/et\/#website\"},\"primaryImageOfPage\":{\"@id\":\"https:\/\/tuub.ee\/et\/product\/comfy-mustad-meriinovillast-retuusid\/#primaryimage\"},\"image\":{\"@id\":\"https:\/\/tuub.ee\/et\/product\/comfy-mustad-meriinovillast-retuusid\/#primaryimage\"},\"thumbnailUrl\":\"https:\/\/tuub.ee\/wp-content\/uploads\/2023\/11\/Epp-Karsin-TUUB-must-meriino-soojapesu-retuusid-pepu.png\",\"datePublished\":\"2023-11-02T18:17:21+00:00\",\"dateModified\":\"2026-03-23T16:30:04+00:00\",\"description\":\"Meriinovillast soojad retuusid. Peenvillane meriino on v\u00e4ga hea materjal, kuna see ei torgi nagu tavaline vill ning see on soe isegi m\u00e4rjana.\",\"breadcrumb\":{\"@id\":\"https:\/\/tuub.ee\/et\/product\/comfy-mustad-meriinovillast-retuusid\/#breadcrumb\"},\"inLanguage\":\"et\",\"potentialAction\":[{\"@type\":\"ReadAction\",\"target\":[\"https:\/\/tuub.ee\/et\/product\/comfy-mustad-meriinovillast-retuusid\/\"]}]},{\"@type\":\"ImageObject\",\"inLanguage\":\"et\",\"@id\":\"https:\/\/tuub.ee\/et\/product\/comfy-mustad-meriinovillast-retuusid\/#primaryimage\",\"url\":\"https:\/\/tuub.ee\/wp-content\/uploads\/2023\/11\/Epp-Karsin-TUUB-must-meriino-soojapesu-retuusid-pepu.png\",\"contentUrl\":\"https:\/\/tuub.ee\/wp-content\/uploads\/2023\/11\/Epp-Karsin-TUUB-must-meriino-soojapesu-retuusid-pepu.png\",\"width\":1344,\"height\":1718,\"caption\":\"Seksikad suusap\u00fcksid musta v\u00e4rvi peenvill merino\"},{\"@type\":\"BreadcrumbList\",\"@id\":\"https:\/\/tuub.ee\/et\/product\/comfy-mustad-meriinovillast-retuusid\/#breadcrumb\",\"itemListElement\":[{\"@type\":\"ListItem\",\"position\":1,\"name\":\"Home\",\"item\":\"https:\/\/tuub.ee\/et\/\"},{\"@type\":\"ListItem\",\"position\":2,\"name\":\"Store\",\"item\":\"https:\/\/tuub.ee\/et\/store\/\"},{\"@type\":\"ListItem\",\"position\":3,\"name\":\"COMFY mustad meriinovillast retuusid\"}]},{\"@type\":\"WebSite\",\"@id\":\"https:\/\/tuub.ee\/et\/#website\",\"url\":\"https:\/\/tuub.ee\/et\/\",\"name\":\"TUUB \u2013 Sinu igap\u00e4evane kaaslane\",\"description\":\"\",\"potentialAction\":[{\"@type\":\"SearchAction\",\"target\":{\"@type\":\"EntryPoint\",\"urlTemplate\":\"https:\/\/tuub.ee\/et\/?s={search_term_string}\"},\"query-input\":{\"@type\":\"PropertyValueSpecification\",\"valueRequired\":true,\"valueName\":\"search_term_string\"}}],\"inLanguage\":\"et\"}]}<\/script>\n<!-- \/ Yoast SEO plugin. -->","yoast_head_json":{"title":"COMFY mustad meriinovillast retuusid - TUUB \u2013 Sinu igap\u00e4evane kaaslane","description":"Meriinovillast soojad retuusid. Peenvillane meriino on v\u00e4ga hea materjal, kuna see ei torgi nagu tavaline vill ning see on soe isegi m\u00e4rjana.","robots":{"index":"index","follow":"follow","max-snippet":"max-snippet:-1","max-image-preview":"max-image-preview:large","max-video-preview":"max-video-preview:-1"},"canonical":"https:\/\/tuub.ee\/et\/product\/comfy-mustad-meriinovillast-retuusid\/","og_locale":"et_EE","og_type":"article","og_title":"COMFY mustad meriinovillast retuusid - TUUB \u2013 Sinu igap\u00e4evane kaaslane","og_description":"Meriinovillast soojad retuusid. Peenvillane meriino on v\u00e4ga hea materjal, kuna see ei torgi nagu tavaline vill ning see on soe isegi m\u00e4rjana.","og_url":"https:\/\/tuub.ee\/et\/product\/comfy-mustad-meriinovillast-retuusid\/","og_site_name":"TUUB \u2013 Sinu igap\u00e4evane kaaslane","article_modified_time":"2026-03-23T16:30:04+00:00","og_image":[{"width":700,"height":895,"url":"https:\/\/tuub.ee\/wp-content\/uploads\/2023\/11\/Epp-Karsin-TUUB-must-meriino-soojapesu-retuusid-pepu-700x895.png","type":"image\/png"}],"twitter_card":"summary_large_image","twitter_misc":{"Est. reading time":"1 minut"},"schema":{"@context":"https:\/\/schema.org","@graph":[{"@type":"WebPage","@id":"https:\/\/tuub.ee\/et\/product\/comfy-mustad-meriinovillast-retuusid\/","url":"https:\/\/tuub.ee\/et\/product\/comfy-mustad-meriinovillast-retuusid\/","name":"COMFY mustad meriinovillast retuusid - TUUB \u2013 Sinu igap\u00e4evane kaaslane","isPartOf":{"@id":"https:\/\/tuub.ee\/et\/#website"},"primaryImageOfPage":{"@id":"https:\/\/tuub.ee\/et\/product\/comfy-mustad-meriinovillast-retuusid\/#primaryimage"},"image":{"@id":"https:\/\/tuub.ee\/et\/product\/comfy-mustad-meriinovillast-retuusid\/#primaryimage"},"thumbnailUrl":"https:\/\/tuub.ee\/wp-content\/uploads\/2023\/11\/Epp-Karsin-TUUB-must-meriino-soojapesu-retuusid-pepu.png","datePublished":"2023-11-02T18:17:21+00:00","dateModified":"2026-03-23T16:30:04+00:00","description":"Meriinovillast soojad retuusid. Peenvillane meriino on v\u00e4ga hea materjal, kuna see ei torgi nagu tavaline vill ning see on soe isegi m\u00e4rjana.","breadcrumb":{"@id":"https:\/\/tuub.ee\/et\/product\/comfy-mustad-meriinovillast-retuusid\/#breadcrumb"},"inLanguage":"et","potentialAction":[{"@type":"ReadAction","target":["https:\/\/tuub.ee\/et\/product\/comfy-mustad-meriinovillast-retuusid\/"]}]},{"@type":"ImageObject","inLanguage":"et","@id":"https:\/\/tuub.ee\/et\/product\/comfy-mustad-meriinovillast-retuusid\/#primaryimage","url":"https:\/\/tuub.ee\/wp-content\/uploads\/2023\/11\/Epp-Karsin-TUUB-must-meriino-soojapesu-retuusid-pepu.png","contentUrl":"https:\/\/tuub.ee\/wp-content\/uploads\/2023\/11\/Epp-Karsin-TUUB-must-meriino-soojapesu-retuusid-pepu.png","width":1344,"height":1718,"caption":"Seksikad suusap\u00fcksid musta v\u00e4rvi peenvill merino"},{"@type":"BreadcrumbList","@id":"https:\/\/tuub.ee\/et\/product\/comfy-mustad-meriinovillast-retuusid\/#breadcrumb","itemListElement":[{"@type":"ListItem","position":1,"name":"Home","item":"https:\/\/tuub.ee\/et\/"},{"@type":"ListItem","position":2,"name":"Store","item":"https:\/\/tuub.ee\/et\/store\/"},{"@type":"ListItem","position":3,"name":"COMFY mustad meriinovillast retuusid"}]},{"@type":"WebSite","@id":"https:\/\/tuub.ee\/et\/#website","url":"https:\/\/tuub.ee\/et\/","name":"TUUB \u2013 Sinu igap\u00e4evane kaaslane","description":"","potentialAction":[{"@type":"SearchAction","target":{"@type":"EntryPoint","urlTemplate":"https:\/\/tuub.ee\/et\/?s={search_term_string}"},"query-input":{"@type":"PropertyValueSpecification","valueRequired":true,"valueName":"search_term_string"}}],"inLanguage":"et"}]}},"_links":{"self":[{"href":"https:\/\/tuub.ee\/et\/wp-json\/wp\/v2\/product\/17180","targetHints":{"allow":["GET"]}}],"collection":[{"href":"https:\/\/tuub.ee\/et\/wp-json\/wp\/v2\/product"}],"about":[{"href":"https:\/\/tuub.ee\/et\/wp-json\/wp\/v2\/types\/product"}],"wp:featuredmedia":[{"embeddable":true,"href":"https:\/\/tuub.ee\/et\/wp-json\/wp\/v2\/media\/17192"}],"wp:attachment":[{"href":"https:\/\/tuub.ee\/et\/wp-json\/wp\/v2\/media?parent=17180"}],"wp:term":[{"taxonomy":"product_brand","embeddable":true,"href":"https:\/\/tuub.ee\/et\/wp-json\/wp\/v2\/product_brand?post=17180"},{"taxonomy":"product_cat","embeddable":true,"href":"https:\/\/tuub.ee\/et\/wp-json\/wp\/v2\/product_cat?post=17180"},{"taxonomy":"product_tag","embeddable":true,"href":"https:\/\/tuub.ee\/et\/wp-json\/wp\/v2\/product_tag?post=17180"}],"curies":[{"name":"wp","href":"https:\/\/api.w.org\/{rel}","templated":true}]}}