{"id":10661,"date":"2022-07-04T21:24:32","date_gmt":"2022-07-04T21:24:32","guid":{"rendered":"https:\/\/tuub.ee\/et\/product\/tuub-blackcat\/"},"modified":"2026-03-23T16:31:33","modified_gmt":"2026-03-23T16:31:33","slug":"tuub-blackcat-kleit","status":"publish","type":"product","link":"https:\/\/tuub.ee\/et\/product\/tuub-blackcat-kleit\/","title":{"rendered":"TUUB Blackcat"},"content":{"rendered":"","protected":false},"excerpt":{"rendered":"K\u00f5ik-\u00fches kleit-seelik-topp","protected":false},"featured_media":14435,"template":"","meta":{"_acf_changed":false,"inline_featured_image":false},"product_brand":[],"product_cat":[176],"product_tag":[25],"class_list":{"0":"post-10661","1":"product","2":"type-product","3":"status-publish","4":"has-post-thumbnail","6":"product_cat-tuub-recycled-koik-uhes-kleit","7":"product_tag-recycled","9":"first","10":"outofstock","11":"taxable","12":"shipping-taxable","13":"product-type-variable"},"acf":[],"yoast_head":"<!-- This site is optimized with the Yoast SEO plugin v26.6 - https:\/\/yoast.com\/wordpress\/plugins\/seo\/ -->\n<title>TUUB Blackcat - k\u00f5ik \u00fches seelik-sall-kleit-topp - TUUB \u2013 Sinu igap\u00e4evane kaaslane<\/title>\n<meta name=\"description\" content=\"TUUBi nutikas k\u00f5ik \u00fches seelik-sall-kleit-topp on valmistatud innovaatilisest taast\u00f6\u00f6deldud pol\u00fcamiidist. TUUB on minimalistliku kapselgarderoobi baastoode.\" \/>\n<meta name=\"robots\" content=\"index, follow, max-snippet:-1, max-image-preview:large, max-video-preview:-1\" \/>\n<link rel=\"canonical\" href=\"https:\/\/tuub.ee\/et\/product\/tuub-blackcat-kleit\/\" \/>\n<meta property=\"og:locale\" content=\"et_EE\" \/>\n<meta property=\"og:type\" content=\"article\" \/>\n<meta property=\"og:title\" content=\"TUUB Blackcat - k\u00f5ik \u00fches seelik-sall-kleit-topp - TUUB \u2013 Sinu igap\u00e4evane kaaslane\" \/>\n<meta property=\"og:description\" content=\"TUUBi nutikas k\u00f5ik \u00fches seelik-sall-kleit-topp on valmistatud innovaatilisest taast\u00f6\u00f6deldud pol\u00fcamiidist. TUUB on minimalistliku kapselgarderoobi baastoode.\" \/>\n<meta property=\"og:url\" content=\"https:\/\/tuub.ee\/et\/product\/tuub-blackcat-kleit\/\" \/>\n<meta property=\"og:site_name\" content=\"TUUB \u2013 Sinu igap\u00e4evane kaaslane\" \/>\n<meta property=\"article:modified_time\" content=\"2026-03-23T16:31:33+00:00\" \/>\n<meta property=\"og:image\" content=\"https:\/\/tuub.ee\/wp-content\/uploads\/2022\/07\/tuub-0596.jpg\" \/>\n\t<meta property=\"og:image:width\" content=\"1080\" \/>\n\t<meta property=\"og:image:height\" content=\"1619\" \/>\n\t<meta property=\"og:image:type\" content=\"image\/jpeg\" \/>\n<meta name=\"twitter:card\" content=\"summary_large_image\" \/>\n<meta name=\"twitter:label1\" content=\"Est. reading time\" \/>\n\t<meta name=\"twitter:data1\" content=\"1 minut\" \/>\n<script type=\"application\/ld+json\" class=\"yoast-schema-graph\">{\"@context\":\"https:\/\/schema.org\",\"@graph\":[{\"@type\":\"WebPage\",\"@id\":\"https:\/\/tuub.ee\/et\/product\/tuub-blackcat-kleit\/\",\"url\":\"https:\/\/tuub.ee\/et\/product\/tuub-blackcat-kleit\/\",\"name\":\"TUUB Blackcat - k\u00f5ik \u00fches seelik-sall-kleit-topp - TUUB \u2013 Sinu igap\u00e4evane kaaslane\",\"isPartOf\":{\"@id\":\"https:\/\/tuub.ee\/et\/#website\"},\"primaryImageOfPage\":{\"@id\":\"https:\/\/tuub.ee\/et\/product\/tuub-blackcat-kleit\/#primaryimage\"},\"image\":{\"@id\":\"https:\/\/tuub.ee\/et\/product\/tuub-blackcat-kleit\/#primaryimage\"},\"thumbnailUrl\":\"https:\/\/tuub.ee\/wp-content\/uploads\/2022\/07\/tuub-0596.jpg\",\"datePublished\":\"2022-07-04T21:24:32+00:00\",\"dateModified\":\"2026-03-23T16:31:33+00:00\",\"description\":\"TUUBi nutikas k\u00f5ik \u00fches seelik-sall-kleit-topp on valmistatud innovaatilisest taast\u00f6\u00f6deldud pol\u00fcamiidist. TUUB on minimalistliku kapselgarderoobi baastoode.\",\"breadcrumb\":{\"@id\":\"https:\/\/tuub.ee\/et\/product\/tuub-blackcat-kleit\/#breadcrumb\"},\"inLanguage\":\"et\",\"potentialAction\":[{\"@type\":\"ReadAction\",\"target\":[\"https:\/\/tuub.ee\/et\/product\/tuub-blackcat-kleit\/\"]}]},{\"@type\":\"ImageObject\",\"inLanguage\":\"et\",\"@id\":\"https:\/\/tuub.ee\/et\/product\/tuub-blackcat-kleit\/#primaryimage\",\"url\":\"https:\/\/tuub.ee\/wp-content\/uploads\/2022\/07\/tuub-0596.jpg\",\"contentUrl\":\"https:\/\/tuub.ee\/wp-content\/uploads\/2022\/07\/tuub-0596.jpg\",\"width\":1080,\"height\":1619},{\"@type\":\"BreadcrumbList\",\"@id\":\"https:\/\/tuub.ee\/et\/product\/tuub-blackcat-kleit\/#breadcrumb\",\"itemListElement\":[{\"@type\":\"ListItem\",\"position\":1,\"name\":\"Home\",\"item\":\"https:\/\/tuub.ee\/et\/\"},{\"@type\":\"ListItem\",\"position\":2,\"name\":\"Store\",\"item\":\"https:\/\/tuub.ee\/et\/store\/\"},{\"@type\":\"ListItem\",\"position\":3,\"name\":\"TUUB Blackcat\"}]},{\"@type\":\"WebSite\",\"@id\":\"https:\/\/tuub.ee\/et\/#website\",\"url\":\"https:\/\/tuub.ee\/et\/\",\"name\":\"TUUB \u2013 Sinu igap\u00e4evane kaaslane\",\"description\":\"\",\"potentialAction\":[{\"@type\":\"SearchAction\",\"target\":{\"@type\":\"EntryPoint\",\"urlTemplate\":\"https:\/\/tuub.ee\/et\/?s={search_term_string}\"},\"query-input\":{\"@type\":\"PropertyValueSpecification\",\"valueRequired\":true,\"valueName\":\"search_term_string\"}}],\"inLanguage\":\"et\"}]}<\/script>\n<!-- \/ Yoast SEO plugin. -->","yoast_head_json":{"title":"TUUB Blackcat - k\u00f5ik \u00fches seelik-sall-kleit-topp - TUUB \u2013 Sinu igap\u00e4evane kaaslane","description":"TUUBi nutikas k\u00f5ik \u00fches seelik-sall-kleit-topp on valmistatud innovaatilisest taast\u00f6\u00f6deldud pol\u00fcamiidist. TUUB on minimalistliku kapselgarderoobi baastoode.","robots":{"index":"index","follow":"follow","max-snippet":"max-snippet:-1","max-image-preview":"max-image-preview:large","max-video-preview":"max-video-preview:-1"},"canonical":"https:\/\/tuub.ee\/et\/product\/tuub-blackcat-kleit\/","og_locale":"et_EE","og_type":"article","og_title":"TUUB Blackcat - k\u00f5ik \u00fches seelik-sall-kleit-topp - TUUB \u2013 Sinu igap\u00e4evane kaaslane","og_description":"TUUBi nutikas k\u00f5ik \u00fches seelik-sall-kleit-topp on valmistatud innovaatilisest taast\u00f6\u00f6deldud pol\u00fcamiidist. TUUB on minimalistliku kapselgarderoobi baastoode.","og_url":"https:\/\/tuub.ee\/et\/product\/tuub-blackcat-kleit\/","og_site_name":"TUUB \u2013 Sinu igap\u00e4evane kaaslane","article_modified_time":"2026-03-23T16:31:33+00:00","og_image":[{"width":1080,"height":1619,"url":"https:\/\/tuub.ee\/wp-content\/uploads\/2022\/07\/tuub-0596.jpg","type":"image\/jpeg"}],"twitter_card":"summary_large_image","twitter_misc":{"Est. reading time":"1 minut"},"schema":{"@context":"https:\/\/schema.org","@graph":[{"@type":"WebPage","@id":"https:\/\/tuub.ee\/et\/product\/tuub-blackcat-kleit\/","url":"https:\/\/tuub.ee\/et\/product\/tuub-blackcat-kleit\/","name":"TUUB Blackcat - k\u00f5ik \u00fches seelik-sall-kleit-topp - TUUB \u2013 Sinu igap\u00e4evane kaaslane","isPartOf":{"@id":"https:\/\/tuub.ee\/et\/#website"},"primaryImageOfPage":{"@id":"https:\/\/tuub.ee\/et\/product\/tuub-blackcat-kleit\/#primaryimage"},"image":{"@id":"https:\/\/tuub.ee\/et\/product\/tuub-blackcat-kleit\/#primaryimage"},"thumbnailUrl":"https:\/\/tuub.ee\/wp-content\/uploads\/2022\/07\/tuub-0596.jpg","datePublished":"2022-07-04T21:24:32+00:00","dateModified":"2026-03-23T16:31:33+00:00","description":"TUUBi nutikas k\u00f5ik \u00fches seelik-sall-kleit-topp on valmistatud innovaatilisest taast\u00f6\u00f6deldud pol\u00fcamiidist. TUUB on minimalistliku kapselgarderoobi baastoode.","breadcrumb":{"@id":"https:\/\/tuub.ee\/et\/product\/tuub-blackcat-kleit\/#breadcrumb"},"inLanguage":"et","potentialAction":[{"@type":"ReadAction","target":["https:\/\/tuub.ee\/et\/product\/tuub-blackcat-kleit\/"]}]},{"@type":"ImageObject","inLanguage":"et","@id":"https:\/\/tuub.ee\/et\/product\/tuub-blackcat-kleit\/#primaryimage","url":"https:\/\/tuub.ee\/wp-content\/uploads\/2022\/07\/tuub-0596.jpg","contentUrl":"https:\/\/tuub.ee\/wp-content\/uploads\/2022\/07\/tuub-0596.jpg","width":1080,"height":1619},{"@type":"BreadcrumbList","@id":"https:\/\/tuub.ee\/et\/product\/tuub-blackcat-kleit\/#breadcrumb","itemListElement":[{"@type":"ListItem","position":1,"name":"Home","item":"https:\/\/tuub.ee\/et\/"},{"@type":"ListItem","position":2,"name":"Store","item":"https:\/\/tuub.ee\/et\/store\/"},{"@type":"ListItem","position":3,"name":"TUUB Blackcat"}]},{"@type":"WebSite","@id":"https:\/\/tuub.ee\/et\/#website","url":"https:\/\/tuub.ee\/et\/","name":"TUUB \u2013 Sinu igap\u00e4evane kaaslane","description":"","potentialAction":[{"@type":"SearchAction","target":{"@type":"EntryPoint","urlTemplate":"https:\/\/tuub.ee\/et\/?s={search_term_string}"},"query-input":{"@type":"PropertyValueSpecification","valueRequired":true,"valueName":"search_term_string"}}],"inLanguage":"et"}]}},"_links":{"self":[{"href":"https:\/\/tuub.ee\/et\/wp-json\/wp\/v2\/product\/10661","targetHints":{"allow":["GET"]}}],"collection":[{"href":"https:\/\/tuub.ee\/et\/wp-json\/wp\/v2\/product"}],"about":[{"href":"https:\/\/tuub.ee\/et\/wp-json\/wp\/v2\/types\/product"}],"wp:featuredmedia":[{"embeddable":true,"href":"https:\/\/tuub.ee\/et\/wp-json\/wp\/v2\/media\/14435"}],"wp:attachment":[{"href":"https:\/\/tuub.ee\/et\/wp-json\/wp\/v2\/media?parent=10661"}],"wp:term":[{"taxonomy":"product_brand","embeddable":true,"href":"https:\/\/tuub.ee\/et\/wp-json\/wp\/v2\/product_brand?post=10661"},{"taxonomy":"product_cat","embeddable":true,"href":"https:\/\/tuub.ee\/et\/wp-json\/wp\/v2\/product_cat?post=10661"},{"taxonomy":"product_tag","embeddable":true,"href":"https:\/\/tuub.ee\/et\/wp-json\/wp\/v2\/product_tag?post=10661"}],"curies":[{"name":"wp","href":"https:\/\/api.w.org\/{rel}","templated":true}]}}