{"id":4196,"date":"2021-03-31T09:13:56","date_gmt":"2021-03-31T09:13:56","guid":{"rendered":"http:\/\/tuub.ee.klient.veebimajutus.ee\/?page_id=4196"},"modified":"2025-02-12T09:17:18","modified_gmt":"2025-02-12T09:17:18","slug":"viga","status":"publish","type":"page","link":"https:\/\/tuub.ee\/et\/viga\/","title":{"rendered":"Viga"},"content":{"rendered":"<p style=\"text-align: center;\">Midagi l\u00e4ks valesti, proovi uuesti! V\u00f5imalik, et see e-posti aadress on juba uudiskirjaga liitunud.<\/p>\n","protected":false},"excerpt":{"rendered":"Midagi l\u00e4ks valesti, proovi uuesti! V\u00f5imalik, et see e-posti aadress on juba uudiskirjaga liitunud.","protected":false},"author":1,"featured_media":0,"parent":0,"menu_order":0,"comment_status":"closed","ping_status":"closed","template":"","meta":{"_acf_changed":false,"inline_featured_image":false,"footnotes":""},"class_list":["post-4196","page","type-page","status-publish","hentry"],"acf":[],"yoast_head":"<!-- This site is optimized with the Yoast SEO plugin v26.6 - https:\/\/yoast.com\/wordpress\/plugins\/seo\/ -->\n<title>Viga - TUUB \u2013 Sinu igap\u00e4evane kaaslane<\/title>\n<meta name=\"robots\" content=\"index, follow, max-snippet:-1, max-image-preview:large, max-video-preview:-1\" \/>\n<link rel=\"canonical\" href=\"https:\/\/tuub.ee\/et\/viga\/\" \/>\n<meta property=\"og:locale\" content=\"et_EE\" \/>\n<meta property=\"og:type\" content=\"article\" \/>\n<meta property=\"og:title\" content=\"Viga - TUUB \u2013 Sinu igap\u00e4evane kaaslane\" \/>\n<meta property=\"og:description\" content=\"Midagi l\u00e4ks valesti, proovi uuesti! V\u00f5imalik, et see e-posti aadress on juba uudiskirjaga liitunud.\" \/>\n<meta property=\"og:url\" content=\"https:\/\/tuub.ee\/et\/viga\/\" \/>\n<meta property=\"og:site_name\" content=\"TUUB \u2013 Sinu igap\u00e4evane kaaslane\" \/>\n<meta property=\"article:modified_time\" content=\"2025-02-12T09:17:18+00:00\" \/>\n<meta name=\"twitter:card\" content=\"summary_large_image\" \/>\n<meta name=\"twitter:label1\" content=\"Est. reading time\" \/>\n\t<meta name=\"twitter:data1\" content=\"1 minut\" \/>\n<script type=\"application\/ld+json\" class=\"yoast-schema-graph\">{\"@context\":\"https:\/\/schema.org\",\"@graph\":[{\"@type\":\"WebPage\",\"@id\":\"https:\/\/tuub.ee\/et\/viga\/\",\"url\":\"https:\/\/tuub.ee\/et\/viga\/\",\"name\":\"Viga - TUUB \u2013 Sinu igap\u00e4evane kaaslane\",\"isPartOf\":{\"@id\":\"https:\/\/tuub.ee\/et\/#website\"},\"datePublished\":\"2021-03-31T09:13:56+00:00\",\"dateModified\":\"2025-02-12T09:17:18+00:00\",\"breadcrumb\":{\"@id\":\"https:\/\/tuub.ee\/et\/viga\/#breadcrumb\"},\"inLanguage\":\"et\",\"potentialAction\":[{\"@type\":\"ReadAction\",\"target\":[\"https:\/\/tuub.ee\/et\/viga\/\"]}]},{\"@type\":\"BreadcrumbList\",\"@id\":\"https:\/\/tuub.ee\/et\/viga\/#breadcrumb\",\"itemListElement\":[{\"@type\":\"ListItem\",\"position\":1,\"name\":\"Home\",\"item\":\"https:\/\/tuub.ee\/et\/\"},{\"@type\":\"ListItem\",\"position\":2,\"name\":\"Viga\"}]},{\"@type\":\"WebSite\",\"@id\":\"https:\/\/tuub.ee\/et\/#website\",\"url\":\"https:\/\/tuub.ee\/et\/\",\"name\":\"TUUB \u2013 Sinu igap\u00e4evane kaaslane\",\"description\":\"\",\"potentialAction\":[{\"@type\":\"SearchAction\",\"target\":{\"@type\":\"EntryPoint\",\"urlTemplate\":\"https:\/\/tuub.ee\/et\/?s={search_term_string}\"},\"query-input\":{\"@type\":\"PropertyValueSpecification\",\"valueRequired\":true,\"valueName\":\"search_term_string\"}}],\"inLanguage\":\"et\"}]}<\/script>\n<!-- \/ Yoast SEO plugin. -->","yoast_head_json":{"title":"Viga - TUUB \u2013 Sinu igap\u00e4evane kaaslane","robots":{"index":"index","follow":"follow","max-snippet":"max-snippet:-1","max-image-preview":"max-image-preview:large","max-video-preview":"max-video-preview:-1"},"canonical":"https:\/\/tuub.ee\/et\/viga\/","og_locale":"et_EE","og_type":"article","og_title":"Viga - TUUB \u2013 Sinu igap\u00e4evane kaaslane","og_description":"Midagi l\u00e4ks valesti, proovi uuesti! V\u00f5imalik, et see e-posti aadress on juba uudiskirjaga liitunud.","og_url":"https:\/\/tuub.ee\/et\/viga\/","og_site_name":"TUUB \u2013 Sinu igap\u00e4evane kaaslane","article_modified_time":"2025-02-12T09:17:18+00:00","twitter_card":"summary_large_image","twitter_misc":{"Est. reading time":"1 minut"},"schema":{"@context":"https:\/\/schema.org","@graph":[{"@type":"WebPage","@id":"https:\/\/tuub.ee\/et\/viga\/","url":"https:\/\/tuub.ee\/et\/viga\/","name":"Viga - TUUB \u2013 Sinu igap\u00e4evane kaaslane","isPartOf":{"@id":"https:\/\/tuub.ee\/et\/#website"},"datePublished":"2021-03-31T09:13:56+00:00","dateModified":"2025-02-12T09:17:18+00:00","breadcrumb":{"@id":"https:\/\/tuub.ee\/et\/viga\/#breadcrumb"},"inLanguage":"et","potentialAction":[{"@type":"ReadAction","target":["https:\/\/tuub.ee\/et\/viga\/"]}]},{"@type":"BreadcrumbList","@id":"https:\/\/tuub.ee\/et\/viga\/#breadcrumb","itemListElement":[{"@type":"ListItem","position":1,"name":"Home","item":"https:\/\/tuub.ee\/et\/"},{"@type":"ListItem","position":2,"name":"Viga"}]},{"@type":"WebSite","@id":"https:\/\/tuub.ee\/et\/#website","url":"https:\/\/tuub.ee\/et\/","name":"TUUB \u2013 Sinu igap\u00e4evane kaaslane","description":"","potentialAction":[{"@type":"SearchAction","target":{"@type":"EntryPoint","urlTemplate":"https:\/\/tuub.ee\/et\/?s={search_term_string}"},"query-input":{"@type":"PropertyValueSpecification","valueRequired":true,"valueName":"search_term_string"}}],"inLanguage":"et"}]}},"_links":{"self":[{"href":"https:\/\/tuub.ee\/et\/wp-json\/wp\/v2\/pages\/4196","targetHints":{"allow":["GET"]}}],"collection":[{"href":"https:\/\/tuub.ee\/et\/wp-json\/wp\/v2\/pages"}],"about":[{"href":"https:\/\/tuub.ee\/et\/wp-json\/wp\/v2\/types\/page"}],"author":[{"embeddable":true,"href":"https:\/\/tuub.ee\/et\/wp-json\/wp\/v2\/users\/1"}],"replies":[{"embeddable":true,"href":"https:\/\/tuub.ee\/et\/wp-json\/wp\/v2\/comments?post=4196"}],"version-history":[{"count":5,"href":"https:\/\/tuub.ee\/et\/wp-json\/wp\/v2\/pages\/4196\/revisions"}],"predecessor-version":[{"id":46447,"href":"https:\/\/tuub.ee\/et\/wp-json\/wp\/v2\/pages\/4196\/revisions\/46447"}],"wp:attachment":[{"href":"https:\/\/tuub.ee\/et\/wp-json\/wp\/v2\/media?parent=4196"}],"curies":[{"name":"wp","href":"https:\/\/api.w.org\/{rel}","templated":true}]}}