{"id":343,"date":"2021-03-03T14:21:02","date_gmt":"2021-03-03T14:21:02","guid":{"rendered":"http:\/\/tuub.ee.klient.veebimajutus.ee\/?page_id=343"},"modified":"2023-11-13T20:05:20","modified_gmt":"2023-11-13T20:05:20","slug":"privacy-policy-2","status":"publish","type":"page","link":"https:\/\/tuub.ee\/et\/privacy-policy-2\/","title":{"rendered":"Privaatsuspoliitika"},"content":{"rendered":"<p><strong>TUUB O\u00dc Privaatsuspoliitika<\/strong><\/p>\n<p>K\u00e4esolev privaatsuspoliitikaga reguleeritakse seda, kuidas Tuub Ltd kogub, kasutab, s\u00e4ilitab ja avalikustab www.tuub.ee veebisaidil (edaspidi &#8220;Lehek\u00fclg&#8221;) kasutajate (iga\u00fcks &#8220;Kasutaja&#8221;) kogutud teavet. See privaatsusp\u00f5him\u00f5te kehtib Saidi ja k\u00f5ikide Tuubi pakutavate toodete ja teenuste kohta.<\/p>\n<p><strong>Milliseid isikuandmeid t\u00f6\u00f6deldakse<\/strong><br \/>\n\u2212 nimi, telefoninumber ja e-posti aadress; \u2212 kauba kohaletoimetamise aadress; \u2212 pangakonto number; \u2212 kaupade ja teenuste maksumus ja maksetega seotud andmed (ostuajalugu); \u2212 klienditoe andmed.<\/p>\n<p><strong>Mis eesm\u00e4rgil isikuandmeid t\u00f6\u00f6deldakse<\/strong><br \/>\nIsikuandmeid kasutatakse kliendi tellimuste haldamiseks ja kauba kohaletoimetamiseks. Ostuajaloo andmeid (ostu kuup\u00e4ev, kaup, kogus, kliendi andmed) kasutatakse ostetud kaupade ja teenuste \u00fclevaate koostamiseks ning kliendieelistuste anal\u00fc\u00fcsimiseks. Pangakonto numbrit kasutatakse kliendile maksete tagastamiseks. Isikuandmeid nagu e-post, telefoni nr, kliendi nimi, t\u00f6\u00f6deldakse selleks, et lahendada kaupade ja teenuste osutamise seonduvaid k\u00fcsimusi (klienditugi). Veebipoe kasutaja IP-aadressi v\u00f5i teisi v\u00f5rguidentifikaatoreid t\u00f6\u00f6deldakse veebipoe kui info\u00fchiskonna teenuse osutamiseks ning veebikasutusstatistika tegemiseks.<\/p>\n<p><strong>K\u00fcpsiste kasutamine veebibrauseris<\/strong><br \/>\nMeie lehek\u00fclg v\u00f5ib kasutada k\u00fcpsiseid, et suurendada kasutajate kogemust. Kasutaja veebibrauser asetab oma k\u00f5vakettale k\u00fcpsised, et salvestada ja m\u00f5nikord j\u00e4lgida nende kohta teavet. Kasutaja v\u00f5ib valida oma veebibrauseri, et keelata k\u00fcpsised v\u00f5i hoiatada, kui k\u00fcpsised saadetakse. Kui nad seda teevad, pidage meeles, et m\u00f5ned saidi osad v\u00f5ivad eba\u00f5nnestuda.<\/p>\n<p><strong>\u00d5iguslik alus<\/strong><br \/>\nIsikuandmete t\u00f6\u00f6tlemine toimub kliendiga s\u00f5lmitud lepingu t\u00e4itmise eesm\u00e4rgil. Isikuandmete t\u00f6\u00f6tlemine toimub juriidilise kohustuse t\u00e4itmiseks (nt raamatupidamine ja tarbijavaidluste lahendamine).<\/p>\n<p><strong>Vastuv\u00f5tjad, kellele isikuandmed edastatakse<\/strong><br \/>\nIsikuandmed edastatakse veebipoe klienditoele ostude ja ostuajaloo haldamiseks ja kliendiprobleemide lahendamiseks. Nimi, telefoninumber ja e-posti aadress edastatakse kliendi poolt valitud transporditeenuse pakkujale. Kui tegemist on kulleriga kohale toimetatava kaubaga, siis edastatakse lisaks kontaktandmetele ka kliendi aadress. Kui veebipoe raamatupidamine toimub teenusepakkuja poolt, siis edastatakse isikuandmed teenusepakkujale raamatupidamistoimingute tegemiseks. Isikuandmeid v\u00f5idakse edastada infotehnoloogia teenuste pakkujatele, kui see on vajalik veebipoe funktsionaalsuse v\u00f5i andmemajutuse tagamiseks.<\/p>\n<p><strong>Turvalisus<\/strong><br \/>\nMe v\u00f5ime kasutusele v\u00f5tta sobivaid andmete kogumise, s\u00e4ilitamise ja t\u00f6\u00f6tlemise tavasi ning turvameetmed, et kaitsta teie isikliku teavet, kasutajanime, parooli, tehinguteabe ja meie lehek\u00fcljel salvestatud andmete loata juurdep\u00e4\u00e4su, muutmise, avalikustamise v\u00f5i h\u00e4vitamise eest.<\/p>\n<p>Tundlik ja privaatne andmevahetus lehek\u00fcljel ja selle kasutajate vahel toimub SSL-i turvalise sidekanali kaudu ning see on kr\u00fcpteeritud ja kaitstud digitaalallkirjade abil.<\/p>\n<p><strong>Isikuandmetega tutvumine ja parandamine<\/strong><br \/>\nIsikuandmetega saab tutvuda ja teha parandusi veebipoe kasutajaprofiilis. Kui ost on sooritatud ilma kasutajakontota, siis saab tutvuda isikuandmetega klinditoe vahendusel.<\/p>\n<p><strong>N\u00f5usoleku tagasiv\u00f5tmine<\/strong><br \/>\nKui isikundmete t\u00f6\u00f6tlemine toimub kliendi n\u00f5usoleku alusel, siis on kliendil \u00f5igus n\u00f5usolek tagasi v\u00f5tta teavitades sellest kliendituge e-posti teel.<\/p>\n<p><strong>S\u00e4ilitamine<\/strong><br \/>\nVeebipoe kliendikonto sulgemisel kustutatakse isikuandmed, va juhul kui selliseid andmeid on vaja s\u00e4ilitada raamatupidamise jaoks v\u00f5i tarbijavaidluste lahendamiseks. Kui veebipoes on ost sooritatud ilma kliendikontota, siis s\u00e4ilitatakse ostuajalugu kolm aastat. Maksetega ja tarbijavaidlustega seotud vaidluste korral s\u00e4ilitatakse isikuandmed kuni n\u00f5ude t\u00e4itmiseni v\u00f5i aegumist\u00e4htaja l\u00f5puni. Raamatupidamise jaoks vajalikud isikuandmed s\u00e4ilitatakse seitse aastat.<\/p>\n<p><strong>Kustutamine<\/strong><br \/>\nIsikuandmete kustutamiseks tuleb v\u00f5tta \u00fchendust klienditoega e-posti teel. Kustutamistaotlusele vastatakse mitte hiljem kui kuu aja jooksul ning t\u00e4psustakse andmete kustutamise perioodi.<\/p>\n<p><strong>Tingimusega n\u00f5ustumine<\/strong><br \/>\nKasutades seda lehek\u00fclge, n\u00f5ustute selle eeskirja ja teenusetingimustega. Kui te ei n\u00f5ustu tingimustega, siis \u00e4rge kasutage meie lehek\u00fclge. Saate j\u00e4tkata saidi kasutamist p\u00e4rast selle eeskirja muudatuste postitamist, kui peate nende muudatustega n\u00f5ustuma.<\/p>\n<p>TUUB O\u00dc on isikuandmete vastutav t\u00f6\u00f6tleja ja edastab maksete teostamiseks vajalikud isikuandmed volitatud t\u00f6\u00f6tleja Maksekeskus AS-le.<\/p>\n<p><strong>Ostlemine ja saatmine<\/strong><\/p>\n<p>Ostlemise, maksmise ja transpordi kohta leiate meie lehek\u00fcljelt Lihtne osta. Klikkige siia<\/p>\n<p><strong>Tagastamine<\/strong><br \/>\nKliendil on \u00f5igus tagastada toode 14 p\u00e4eva jooksul, alates ostust. Rohkema informatsiooni saamiseks klikkige siia<\/p>\n<p><strong>Kinkekaart<\/strong><br \/>\nHetkel kinkekaarte TUUB O\u00dc ei m\u00fc\u00fc. Ostukorvis saab tasuda Kniks kinkekaardiga.<\/p>\n<p><strong>Kontakteeruge meiega<\/strong><br \/>\nKui Teil on k\u00fcsimusi privaatsuspoliitika tingimustev\u00f5i lehek\u00fcljel oleva info kohta, v\u00f5tke meiega \u00fchendust<\/p>\n<p>Facebook messinger: <a href=\"https:\/\/www.facebook.com\/tuubofficial\" target=\"_blank\" rel=\"noopener\">tuubofficial<\/a><br \/>\nTelefon:+372 5387 7753<br \/>\ne-mail: <a href=\"mailto:customerhappiness@tuub.ee\">customerhappiness@tuub.ee<\/a><\/p>\n<p>Tuub Ltd f\u00fc\u00fcsiline ja ametlik aadress: Saeveski 1, 11214, Tallinn, Estonia<\/p>\n","protected":false},"excerpt":{"rendered":"TUUB O\u00dc Privaatsuspoliitika K\u00e4esolev privaatsuspoliitikaga reguleeritakse seda, kuidas Tuub Ltd kogub, kasutab, s\u00e4ilitab ja avalikustab www.tuub.ee veebisaidil (edaspidi &#8220;Lehek\u00fclg&#8221;) kasutajate (iga\u00fcks &#8220;Kasutaja&#8221;) kogutud teavet. See privaatsusp\u00f5him\u00f5te kehtib Saidi ja k\u00f5ikide Tuubi pakutavate toodete ja teenuste kohta. Milliseid isikuandmeid t\u00f6\u00f6deldakse \u2212 nimi, telefoninumber ja e-posti aadress; \u2212 kauba kohaletoimetamise aadress; \u2212 pangakonto number; \u2212 kaupade ja [&hellip;]","protected":false},"author":1,"featured_media":0,"parent":0,"menu_order":0,"comment_status":"closed","ping_status":"closed","template":"page-templates\/template-legal.php","meta":{"_acf_changed":false,"inline_featured_image":false,"footnotes":""},"class_list":["post-343","page","type-page","status-publish","hentry"],"acf":[],"yoast_head":"<!-- This site is optimized with the Yoast SEO plugin v26.6 - https:\/\/yoast.com\/wordpress\/plugins\/seo\/ -->\n<title>Privaatsuspoliitika - TUUB \u2013 Sinu igap\u00e4evane kaaslane<\/title>\n<meta name=\"robots\" content=\"index, follow, max-snippet:-1, max-image-preview:large, max-video-preview:-1\" \/>\n<link rel=\"canonical\" href=\"https:\/\/tuub.ee\/et\/privacy-policy-2\/\" \/>\n<meta property=\"og:locale\" content=\"et_EE\" \/>\n<meta property=\"og:type\" content=\"article\" \/>\n<meta property=\"og:title\" content=\"Privaatsuspoliitika - TUUB \u2013 Sinu igap\u00e4evane kaaslane\" \/>\n<meta property=\"og:description\" content=\"TUUB O\u00dc Privaatsuspoliitika K\u00e4esolev privaatsuspoliitikaga reguleeritakse seda, kuidas Tuub Ltd kogub, kasutab, s\u00e4ilitab ja avalikustab www.tuub.ee veebisaidil (edaspidi &#8220;Lehek\u00fclg&#8221;) kasutajate (iga\u00fcks &#8220;Kasutaja&#8221;) kogutud teavet. See privaatsusp\u00f5him\u00f5te kehtib Saidi ja k\u00f5ikide Tuubi pakutavate toodete ja teenuste kohta. Milliseid isikuandmeid t\u00f6\u00f6deldakse \u2212 nimi, telefoninumber ja e-posti aadress; \u2212 kauba kohaletoimetamise aadress; \u2212 pangakonto number; \u2212 kaupade ja [&hellip;]\" \/>\n<meta property=\"og:url\" content=\"https:\/\/tuub.ee\/et\/privacy-policy-2\/\" \/>\n<meta property=\"og:site_name\" content=\"TUUB \u2013 Sinu igap\u00e4evane kaaslane\" \/>\n<meta property=\"article:modified_time\" content=\"2023-11-13T20:05:20+00:00\" \/>\n<meta name=\"twitter:card\" content=\"summary_large_image\" \/>\n<meta name=\"twitter:label1\" content=\"Est. reading time\" \/>\n\t<meta name=\"twitter:data1\" content=\"4 minutit\" \/>\n<script type=\"application\/ld+json\" class=\"yoast-schema-graph\">{\"@context\":\"https:\/\/schema.org\",\"@graph\":[{\"@type\":\"WebPage\",\"@id\":\"https:\/\/tuub.ee\/et\/privacy-policy-2\/\",\"url\":\"https:\/\/tuub.ee\/et\/privacy-policy-2\/\",\"name\":\"Privaatsuspoliitika - TUUB \u2013 Sinu igap\u00e4evane kaaslane\",\"isPartOf\":{\"@id\":\"https:\/\/tuub.ee\/et\/#website\"},\"datePublished\":\"2021-03-03T14:21:02+00:00\",\"dateModified\":\"2023-11-13T20:05:20+00:00\",\"breadcrumb\":{\"@id\":\"https:\/\/tuub.ee\/et\/privacy-policy-2\/#breadcrumb\"},\"inLanguage\":\"et\",\"potentialAction\":[{\"@type\":\"ReadAction\",\"target\":[\"https:\/\/tuub.ee\/et\/privacy-policy-2\/\"]}]},{\"@type\":\"BreadcrumbList\",\"@id\":\"https:\/\/tuub.ee\/et\/privacy-policy-2\/#breadcrumb\",\"itemListElement\":[{\"@type\":\"ListItem\",\"position\":1,\"name\":\"Home\",\"item\":\"https:\/\/tuub.ee\/et\/\"},{\"@type\":\"ListItem\",\"position\":2,\"name\":\"Privaatsuspoliitika\"}]},{\"@type\":\"WebSite\",\"@id\":\"https:\/\/tuub.ee\/et\/#website\",\"url\":\"https:\/\/tuub.ee\/et\/\",\"name\":\"TUUB \u2013 Sinu igap\u00e4evane kaaslane\",\"description\":\"\",\"potentialAction\":[{\"@type\":\"SearchAction\",\"target\":{\"@type\":\"EntryPoint\",\"urlTemplate\":\"https:\/\/tuub.ee\/et\/?s={search_term_string}\"},\"query-input\":{\"@type\":\"PropertyValueSpecification\",\"valueRequired\":true,\"valueName\":\"search_term_string\"}}],\"inLanguage\":\"et\"}]}<\/script>\n<!-- \/ Yoast SEO plugin. -->","yoast_head_json":{"title":"Privaatsuspoliitika - TUUB \u2013 Sinu igap\u00e4evane kaaslane","robots":{"index":"index","follow":"follow","max-snippet":"max-snippet:-1","max-image-preview":"max-image-preview:large","max-video-preview":"max-video-preview:-1"},"canonical":"https:\/\/tuub.ee\/et\/privacy-policy-2\/","og_locale":"et_EE","og_type":"article","og_title":"Privaatsuspoliitika - TUUB \u2013 Sinu igap\u00e4evane kaaslane","og_description":"TUUB O\u00dc Privaatsuspoliitika K\u00e4esolev privaatsuspoliitikaga reguleeritakse seda, kuidas Tuub Ltd kogub, kasutab, s\u00e4ilitab ja avalikustab www.tuub.ee veebisaidil (edaspidi &#8220;Lehek\u00fclg&#8221;) kasutajate (iga\u00fcks &#8220;Kasutaja&#8221;) kogutud teavet. See privaatsusp\u00f5him\u00f5te kehtib Saidi ja k\u00f5ikide Tuubi pakutavate toodete ja teenuste kohta. Milliseid isikuandmeid t\u00f6\u00f6deldakse \u2212 nimi, telefoninumber ja e-posti aadress; \u2212 kauba kohaletoimetamise aadress; \u2212 pangakonto number; \u2212 kaupade ja [&hellip;]","og_url":"https:\/\/tuub.ee\/et\/privacy-policy-2\/","og_site_name":"TUUB \u2013 Sinu igap\u00e4evane kaaslane","article_modified_time":"2023-11-13T20:05:20+00:00","twitter_card":"summary_large_image","twitter_misc":{"Est. reading time":"4 minutit"},"schema":{"@context":"https:\/\/schema.org","@graph":[{"@type":"WebPage","@id":"https:\/\/tuub.ee\/et\/privacy-policy-2\/","url":"https:\/\/tuub.ee\/et\/privacy-policy-2\/","name":"Privaatsuspoliitika - TUUB \u2013 Sinu igap\u00e4evane kaaslane","isPartOf":{"@id":"https:\/\/tuub.ee\/et\/#website"},"datePublished":"2021-03-03T14:21:02+00:00","dateModified":"2023-11-13T20:05:20+00:00","breadcrumb":{"@id":"https:\/\/tuub.ee\/et\/privacy-policy-2\/#breadcrumb"},"inLanguage":"et","potentialAction":[{"@type":"ReadAction","target":["https:\/\/tuub.ee\/et\/privacy-policy-2\/"]}]},{"@type":"BreadcrumbList","@id":"https:\/\/tuub.ee\/et\/privacy-policy-2\/#breadcrumb","itemListElement":[{"@type":"ListItem","position":1,"name":"Home","item":"https:\/\/tuub.ee\/et\/"},{"@type":"ListItem","position":2,"name":"Privaatsuspoliitika"}]},{"@type":"WebSite","@id":"https:\/\/tuub.ee\/et\/#website","url":"https:\/\/tuub.ee\/et\/","name":"TUUB \u2013 Sinu igap\u00e4evane kaaslane","description":"","potentialAction":[{"@type":"SearchAction","target":{"@type":"EntryPoint","urlTemplate":"https:\/\/tuub.ee\/et\/?s={search_term_string}"},"query-input":{"@type":"PropertyValueSpecification","valueRequired":true,"valueName":"search_term_string"}}],"inLanguage":"et"}]}},"_links":{"self":[{"href":"https:\/\/tuub.ee\/et\/wp-json\/wp\/v2\/pages\/343","targetHints":{"allow":["GET"]}}],"collection":[{"href":"https:\/\/tuub.ee\/et\/wp-json\/wp\/v2\/pages"}],"about":[{"href":"https:\/\/tuub.ee\/et\/wp-json\/wp\/v2\/types\/page"}],"author":[{"embeddable":true,"href":"https:\/\/tuub.ee\/et\/wp-json\/wp\/v2\/users\/1"}],"replies":[{"embeddable":true,"href":"https:\/\/tuub.ee\/et\/wp-json\/wp\/v2\/comments?post=343"}],"version-history":[{"count":5,"href":"https:\/\/tuub.ee\/et\/wp-json\/wp\/v2\/pages\/343\/revisions"}],"predecessor-version":[{"id":17492,"href":"https:\/\/tuub.ee\/et\/wp-json\/wp\/v2\/pages\/343\/revisions\/17492"}],"wp:attachment":[{"href":"https:\/\/tuub.ee\/et\/wp-json\/wp\/v2\/media?parent=343"}],"curies":[{"name":"wp","href":"https:\/\/api.w.org\/{rel}","templated":true}]}}