{"id":211,"date":"2021-03-01T14:15:54","date_gmt":"2021-03-01T14:15:54","guid":{"rendered":"http:\/\/tuub.ee.klient.veebimajutus.ee\/?page_id=211"},"modified":"2026-03-25T20:47:15","modified_gmt":"2026-03-25T20:47:15","slug":"brand-tuub","status":"publish","type":"page","link":"https:\/\/tuub.ee\/et\/","title":{"rendered":"TUUB &#8211; Sinu igap\u00e4evane kaaslane"},"content":{"rendered":"","protected":false},"excerpt":{"rendered":"","protected":false},"author":1,"featured_media":0,"parent":0,"menu_order":0,"comment_status":"closed","ping_status":"closed","template":"","meta":{"_acf_changed":false,"inline_featured_image":false,"footnotes":""},"class_list":["post-211","page","type-page","status-publish","hentry"],"acf":[],"yoast_head":"<!-- This site is optimized with the Yoast SEO plugin v26.6 - https:\/\/yoast.com\/wordpress\/plugins\/seo\/ -->\n<title>Br\u00e4nd - TUUB - Sinu igap\u00e4evane kaaslane<\/title>\n<meta name=\"description\" content=\"Br\u00e4nd TUUB - Sinu igap\u00e4evane kaaslane. TUUB on minimalistliku kapselgarderoobi vundament! Suurep\u00e4rane riietus last ootavale emale!\" \/>\n<meta name=\"robots\" content=\"index, follow, max-snippet:-1, max-image-preview:large, max-video-preview:-1\" \/>\n<link rel=\"canonical\" href=\"https:\/\/tuub.ee\/et\/\" \/>\n<meta property=\"og:locale\" content=\"et_EE\" \/>\n<meta property=\"og:type\" content=\"article\" \/>\n<meta property=\"og:title\" content=\"Br\u00e4nd - TUUB - Sinu igap\u00e4evane kaaslane\" \/>\n<meta property=\"og:description\" content=\"Br\u00e4nd TUUB - Sinu igap\u00e4evane kaaslane. TUUB on minimalistliku kapselgarderoobi vundament! Suurep\u00e4rane riietus last ootavale emale!\" \/>\n<meta property=\"og:url\" content=\"https:\/\/tuub.ee\/et\/\" \/>\n<meta property=\"og:site_name\" content=\"TUUB \u2013 Sinu igap\u00e4evane kaaslane\" \/>\n<meta property=\"article:modified_time\" content=\"2026-03-25T20:47:15+00:00\" \/>\n<meta property=\"og:image\" content=\"https:\/\/tuub.ee\/wp-content\/uploads\/2023\/12\/TUUB-mustad-pidulikud-dressipuksid-meestele-ja-neistele.png\" \/>\n\t<meta property=\"og:image:width\" content=\"1138\" \/>\n\t<meta property=\"og:image:height\" content=\"922\" \/>\n\t<meta property=\"og:image:type\" content=\"image\/png\" \/>\n<meta name=\"twitter:card\" content=\"summary_large_image\" \/>\n<script type=\"application\/ld+json\" class=\"yoast-schema-graph\">{\"@context\":\"https:\/\/schema.org\",\"@graph\":[{\"@type\":\"WebPage\",\"@id\":\"https:\/\/tuub.ee\/et\/\",\"url\":\"https:\/\/tuub.ee\/et\/\",\"name\":\"Br\u00e4nd - TUUB - Sinu igap\u00e4evane kaaslane\",\"isPartOf\":{\"@id\":\"https:\/\/tuub.ee\/et\/#website\"},\"datePublished\":\"2021-03-01T14:15:54+00:00\",\"dateModified\":\"2026-03-25T20:47:15+00:00\",\"description\":\"Br\u00e4nd TUUB - Sinu igap\u00e4evane kaaslane. TUUB on minimalistliku kapselgarderoobi vundament! Suurep\u00e4rane riietus last ootavale emale!\",\"breadcrumb\":{\"@id\":\"https:\/\/tuub.ee\/et\/#breadcrumb\"},\"inLanguage\":\"et\",\"potentialAction\":[{\"@type\":\"ReadAction\",\"target\":[\"https:\/\/tuub.ee\/et\/\"]}]},{\"@type\":\"BreadcrumbList\",\"@id\":\"https:\/\/tuub.ee\/et\/#breadcrumb\",\"itemListElement\":[{\"@type\":\"ListItem\",\"position\":1,\"name\":\"Home\",\"item\":\"https:\/\/tuub.ee\/et\/\"},{\"@type\":\"ListItem\",\"position\":2,\"name\":\"TUUB &#8211; Sinu igap\u00e4evane kaaslane\"}]},{\"@type\":\"WebSite\",\"@id\":\"https:\/\/tuub.ee\/et\/#website\",\"url\":\"https:\/\/tuub.ee\/et\/\",\"name\":\"TUUB \u2013 Sinu igap\u00e4evane kaaslane\",\"description\":\"\",\"potentialAction\":[{\"@type\":\"SearchAction\",\"target\":{\"@type\":\"EntryPoint\",\"urlTemplate\":\"https:\/\/tuub.ee\/et\/?s={search_term_string}\"},\"query-input\":{\"@type\":\"PropertyValueSpecification\",\"valueRequired\":true,\"valueName\":\"search_term_string\"}}],\"inLanguage\":\"et\"}]}<\/script>\n<!-- \/ Yoast SEO plugin. -->","yoast_head_json":{"title":"Br\u00e4nd - TUUB - Sinu igap\u00e4evane kaaslane","description":"Br\u00e4nd TUUB - Sinu igap\u00e4evane kaaslane. TUUB on minimalistliku kapselgarderoobi vundament! Suurep\u00e4rane riietus last ootavale emale!","robots":{"index":"index","follow":"follow","max-snippet":"max-snippet:-1","max-image-preview":"max-image-preview:large","max-video-preview":"max-video-preview:-1"},"canonical":"https:\/\/tuub.ee\/et\/","og_locale":"et_EE","og_type":"article","og_title":"Br\u00e4nd - TUUB - Sinu igap\u00e4evane kaaslane","og_description":"Br\u00e4nd TUUB - Sinu igap\u00e4evane kaaslane. TUUB on minimalistliku kapselgarderoobi vundament! Suurep\u00e4rane riietus last ootavale emale!","og_url":"https:\/\/tuub.ee\/et\/","og_site_name":"TUUB \u2013 Sinu igap\u00e4evane kaaslane","article_modified_time":"2026-03-25T20:47:15+00:00","og_image":[{"width":1138,"height":922,"url":"https:\/\/tuub.ee\/wp-content\/uploads\/2023\/12\/TUUB-mustad-pidulikud-dressipuksid-meestele-ja-neistele.png","type":"image\/png"}],"twitter_card":"summary_large_image","schema":{"@context":"https:\/\/schema.org","@graph":[{"@type":"WebPage","@id":"https:\/\/tuub.ee\/et\/","url":"https:\/\/tuub.ee\/et\/","name":"Br\u00e4nd - TUUB - Sinu igap\u00e4evane kaaslane","isPartOf":{"@id":"https:\/\/tuub.ee\/et\/#website"},"datePublished":"2021-03-01T14:15:54+00:00","dateModified":"2026-03-25T20:47:15+00:00","description":"Br\u00e4nd TUUB - Sinu igap\u00e4evane kaaslane. TUUB on minimalistliku kapselgarderoobi vundament! Suurep\u00e4rane riietus last ootavale emale!","breadcrumb":{"@id":"https:\/\/tuub.ee\/et\/#breadcrumb"},"inLanguage":"et","potentialAction":[{"@type":"ReadAction","target":["https:\/\/tuub.ee\/et\/"]}]},{"@type":"BreadcrumbList","@id":"https:\/\/tuub.ee\/et\/#breadcrumb","itemListElement":[{"@type":"ListItem","position":1,"name":"Home","item":"https:\/\/tuub.ee\/et\/"},{"@type":"ListItem","position":2,"name":"TUUB &#8211; Sinu igap\u00e4evane kaaslane"}]},{"@type":"WebSite","@id":"https:\/\/tuub.ee\/et\/#website","url":"https:\/\/tuub.ee\/et\/","name":"TUUB \u2013 Sinu igap\u00e4evane kaaslane","description":"","potentialAction":[{"@type":"SearchAction","target":{"@type":"EntryPoint","urlTemplate":"https:\/\/tuub.ee\/et\/?s={search_term_string}"},"query-input":{"@type":"PropertyValueSpecification","valueRequired":true,"valueName":"search_term_string"}}],"inLanguage":"et"}]}},"_links":{"self":[{"href":"https:\/\/tuub.ee\/et\/wp-json\/wp\/v2\/pages\/211","targetHints":{"allow":["GET"]}}],"collection":[{"href":"https:\/\/tuub.ee\/et\/wp-json\/wp\/v2\/pages"}],"about":[{"href":"https:\/\/tuub.ee\/et\/wp-json\/wp\/v2\/types\/page"}],"author":[{"embeddable":true,"href":"https:\/\/tuub.ee\/et\/wp-json\/wp\/v2\/users\/1"}],"replies":[{"embeddable":true,"href":"https:\/\/tuub.ee\/et\/wp-json\/wp\/v2\/comments?post=211"}],"version-history":[{"count":104,"href":"https:\/\/tuub.ee\/et\/wp-json\/wp\/v2\/pages\/211\/revisions"}],"predecessor-version":[{"id":60268,"href":"https:\/\/tuub.ee\/et\/wp-json\/wp\/v2\/pages\/211\/revisions\/60268"}],"wp:attachment":[{"href":"https:\/\/tuub.ee\/et\/wp-json\/wp\/v2\/media?parent=211"}],"curies":[{"name":"wp","href":"https:\/\/api.w.org\/{rel}","templated":true}]}}