{"id":58567,"date":"2025-09-23T07:56:41","date_gmt":"2025-09-23T07:56:41","guid":{"rendered":"https:\/\/tuub.ee\/product\/everywide-smaragdrohelised-laiad-puksid\/"},"modified":"2026-02-12T07:25:25","modified_gmt":"2026-02-12T07:25:25","slug":"everywide-smaragd-green-wide-leg-pants","status":"publish","type":"product","link":"https:\/\/tuub.ee\/en\/product\/everywide-smaragd-green-wide-leg-pants\/","title":{"rendered":"EVERYWIDE smaragd green Wide-Leg Pants"},"content":{"rendered":"","protected":false},"excerpt":{"rendered":"","protected":false},"featured_media":57638,"template":"","meta":{"_acf_changed":false,"inline_featured_image":false},"product_brand":[],"product_cat":[414],"product_tag":[408,415],"class_list":{"0":"post-58567","1":"product","2":"type-product","3":"status-publish","4":"has-post-thumbnail","6":"product_cat-retuusid-puksid-en","7":"product_tag-new-en","8":"product_tag-recycled-en","10":"first","11":"instock","12":"taxable","13":"shipping-taxable","14":"purchasable","15":"product-type-variable"},"acf":[],"yoast_head":"<!-- This site is optimized with the Yoast SEO plugin v26.6 - https:\/\/yoast.com\/wordpress\/plugins\/seo\/ -->\n<title>EVERYWIDE smaragd green Wide-Leg Pants - TUUB \u2013 Sinu igap\u00e4evane kaaslane<\/title>\n<meta name=\"description\" content=\"Wide pants with pockets. Suitable with both shoes and sneakers. The material comes from our famous recycled fabric family. Looks elegant and expensive, just like a pair of tailored trousers.\" \/>\n<meta name=\"robots\" content=\"index, follow, max-snippet:-1, max-image-preview:large, max-video-preview:-1\" \/>\n<link rel=\"canonical\" href=\"https:\/\/tuub.ee\/en\/product\/everywide-smaragd-green-wide-leg-pants\/\" \/>\n<meta property=\"og:locale\" content=\"et_EE\" \/>\n<meta property=\"og:type\" content=\"article\" \/>\n<meta property=\"og:title\" content=\"EVERYWIDE smaragd green Wide-Leg Pants - TUUB \u2013 Sinu igap\u00e4evane kaaslane\" \/>\n<meta property=\"og:description\" content=\"Taskutega laiad p\u00fcksid. Sobivad kinga ja ketsiga. Materjal on meie kuulsast taast\u00f6\u00f6deldud kanga perest. N\u00e4eb v\u00e4lja elegantne ja kallis, justkui viigip\u00fcks.\" \/>\n<meta property=\"og:url\" content=\"https:\/\/tuub.ee\/en\/product\/everywide-smaragd-green-wide-leg-pants\/\" \/>\n<meta property=\"og:site_name\" content=\"TUUB \u2013 Sinu igap\u00e4evane kaaslane\" \/>\n<meta property=\"article:modified_time\" content=\"2026-02-12T07:25:25+00:00\" \/>\n<meta property=\"og:image\" content=\"https:\/\/tuub.ee\/wp-content\/uploads\/2025\/11\/EV__0109-1-1-scaled.jpg\" \/>\n\t<meta property=\"og:image:width\" content=\"1707\" \/>\n\t<meta property=\"og:image:height\" content=\"2560\" \/>\n\t<meta property=\"og:image:type\" content=\"image\/jpeg\" \/>\n<meta name=\"twitter:card\" content=\"summary_large_image\" \/>\n<meta name=\"twitter:label1\" content=\"Est. reading time\" \/>\n\t<meta name=\"twitter:data1\" content=\"1 minut\" \/>\n<script type=\"application\/ld+json\" class=\"yoast-schema-graph\">{\"@context\":\"https:\/\/schema.org\",\"@graph\":[{\"@type\":\"WebPage\",\"@id\":\"https:\/\/tuub.ee\/en\/product\/everywide-smaragd-green-wide-leg-pants\/\",\"url\":\"https:\/\/tuub.ee\/en\/product\/everywide-smaragd-green-wide-leg-pants\/\",\"name\":\"EVERYWIDE smaragd green Wide-Leg Pants - TUUB \u2013 Sinu igap\u00e4evane kaaslane\",\"isPartOf\":{\"@id\":\"https:\/\/tuub.ee\/et\/#website\"},\"primaryImageOfPage\":{\"@id\":\"https:\/\/tuub.ee\/en\/product\/everywide-smaragd-green-wide-leg-pants\/#primaryimage\"},\"image\":{\"@id\":\"https:\/\/tuub.ee\/en\/product\/everywide-smaragd-green-wide-leg-pants\/#primaryimage\"},\"thumbnailUrl\":\"https:\/\/tuub.ee\/wp-content\/uploads\/2025\/11\/EV__0109-1-1-scaled.jpg\",\"datePublished\":\"2025-09-23T07:56:41+00:00\",\"dateModified\":\"2026-02-12T07:25:25+00:00\",\"description\":\"Taskutega laiad p\u00fcksid. Sobivad kinga ja ketsiga. Materjal on meie kuulsast taast\u00f6\u00f6deldud kanga perest. N\u00e4eb v\u00e4lja elegantne ja kallis, justkui viigip\u00fcks.\",\"breadcrumb\":{\"@id\":\"https:\/\/tuub.ee\/en\/product\/everywide-smaragd-green-wide-leg-pants\/#breadcrumb\"},\"inLanguage\":\"et\",\"potentialAction\":[{\"@type\":\"ReadAction\",\"target\":[\"https:\/\/tuub.ee\/en\/product\/everywide-smaragd-green-wide-leg-pants\/\"]}]},{\"@type\":\"ImageObject\",\"inLanguage\":\"et\",\"@id\":\"https:\/\/tuub.ee\/en\/product\/everywide-smaragd-green-wide-leg-pants\/#primaryimage\",\"url\":\"https:\/\/tuub.ee\/wp-content\/uploads\/2025\/11\/EV__0109-1-1-scaled.jpg\",\"contentUrl\":\"https:\/\/tuub.ee\/wp-content\/uploads\/2025\/11\/EV__0109-1-1-scaled.jpg\",\"width\":1707,\"height\":2560},{\"@type\":\"BreadcrumbList\",\"@id\":\"https:\/\/tuub.ee\/en\/product\/everywide-smaragd-green-wide-leg-pants\/#breadcrumb\",\"itemListElement\":[{\"@type\":\"ListItem\",\"position\":1,\"name\":\"Home\",\"item\":\"https:\/\/tuub.ee\/en\/\"},{\"@type\":\"ListItem\",\"position\":2,\"name\":\"Store\",\"item\":\"https:\/\/tuub.ee\/en\/store\/\"},{\"@type\":\"ListItem\",\"position\":3,\"name\":\"EVERYWIDE smaragd green Wide-Leg Pants\"}]},{\"@type\":\"WebSite\",\"@id\":\"https:\/\/tuub.ee\/et\/#website\",\"url\":\"https:\/\/tuub.ee\/et\/\",\"name\":\"TUUB \u2013 Sinu igap\u00e4evane kaaslane\",\"description\":\"\",\"potentialAction\":[{\"@type\":\"SearchAction\",\"target\":{\"@type\":\"EntryPoint\",\"urlTemplate\":\"https:\/\/tuub.ee\/et\/?s={search_term_string}\"},\"query-input\":{\"@type\":\"PropertyValueSpecification\",\"valueRequired\":true,\"valueName\":\"search_term_string\"}}],\"inLanguage\":\"et\"}]}<\/script>\n<!-- \/ Yoast SEO plugin. -->","yoast_head_json":{"title":"EVERYWIDE smaragd green Wide-Leg Pants - TUUB \u2013 Sinu igap\u00e4evane kaaslane","description":"Wide pants with pockets. Suitable with both shoes and sneakers. The material comes from our famous recycled fabric family. Looks elegant and expensive, just like a pair of tailored trousers.","robots":{"index":"index","follow":"follow","max-snippet":"max-snippet:-1","max-image-preview":"max-image-preview:large","max-video-preview":"max-video-preview:-1"},"canonical":"https:\/\/tuub.ee\/en\/product\/everywide-smaragd-green-wide-leg-pants\/","og_locale":"et_EE","og_type":"article","og_title":"EVERYWIDE smaragd green Wide-Leg Pants - TUUB \u2013 Sinu igap\u00e4evane kaaslane","og_description":"Taskutega laiad p\u00fcksid. Sobivad kinga ja ketsiga. Materjal on meie kuulsast taast\u00f6\u00f6deldud kanga perest. N\u00e4eb v\u00e4lja elegantne ja kallis, justkui viigip\u00fcks.","og_url":"https:\/\/tuub.ee\/en\/product\/everywide-smaragd-green-wide-leg-pants\/","og_site_name":"TUUB \u2013 Sinu igap\u00e4evane kaaslane","article_modified_time":"2026-02-12T07:25:25+00:00","og_image":[{"width":1707,"height":2560,"url":"https:\/\/tuub.ee\/wp-content\/uploads\/2025\/11\/EV__0109-1-1-scaled.jpg","type":"image\/jpeg"}],"twitter_card":"summary_large_image","twitter_misc":{"Est. reading time":"1 minut"},"schema":{"@context":"https:\/\/schema.org","@graph":[{"@type":"WebPage","@id":"https:\/\/tuub.ee\/en\/product\/everywide-smaragd-green-wide-leg-pants\/","url":"https:\/\/tuub.ee\/en\/product\/everywide-smaragd-green-wide-leg-pants\/","name":"EVERYWIDE smaragd green Wide-Leg Pants - TUUB \u2013 Sinu igap\u00e4evane kaaslane","isPartOf":{"@id":"https:\/\/tuub.ee\/et\/#website"},"primaryImageOfPage":{"@id":"https:\/\/tuub.ee\/en\/product\/everywide-smaragd-green-wide-leg-pants\/#primaryimage"},"image":{"@id":"https:\/\/tuub.ee\/en\/product\/everywide-smaragd-green-wide-leg-pants\/#primaryimage"},"thumbnailUrl":"https:\/\/tuub.ee\/wp-content\/uploads\/2025\/11\/EV__0109-1-1-scaled.jpg","datePublished":"2025-09-23T07:56:41+00:00","dateModified":"2026-02-12T07:25:25+00:00","description":"Taskutega laiad p\u00fcksid. Sobivad kinga ja ketsiga. Materjal on meie kuulsast taast\u00f6\u00f6deldud kanga perest. N\u00e4eb v\u00e4lja elegantne ja kallis, justkui viigip\u00fcks.","breadcrumb":{"@id":"https:\/\/tuub.ee\/en\/product\/everywide-smaragd-green-wide-leg-pants\/#breadcrumb"},"inLanguage":"et","potentialAction":[{"@type":"ReadAction","target":["https:\/\/tuub.ee\/en\/product\/everywide-smaragd-green-wide-leg-pants\/"]}]},{"@type":"ImageObject","inLanguage":"et","@id":"https:\/\/tuub.ee\/en\/product\/everywide-smaragd-green-wide-leg-pants\/#primaryimage","url":"https:\/\/tuub.ee\/wp-content\/uploads\/2025\/11\/EV__0109-1-1-scaled.jpg","contentUrl":"https:\/\/tuub.ee\/wp-content\/uploads\/2025\/11\/EV__0109-1-1-scaled.jpg","width":1707,"height":2560},{"@type":"BreadcrumbList","@id":"https:\/\/tuub.ee\/en\/product\/everywide-smaragd-green-wide-leg-pants\/#breadcrumb","itemListElement":[{"@type":"ListItem","position":1,"name":"Home","item":"https:\/\/tuub.ee\/en\/"},{"@type":"ListItem","position":2,"name":"Store","item":"https:\/\/tuub.ee\/en\/store\/"},{"@type":"ListItem","position":3,"name":"EVERYWIDE smaragd green Wide-Leg Pants"}]},{"@type":"WebSite","@id":"https:\/\/tuub.ee\/et\/#website","url":"https:\/\/tuub.ee\/et\/","name":"TUUB \u2013 Sinu igap\u00e4evane kaaslane","description":"","potentialAction":[{"@type":"SearchAction","target":{"@type":"EntryPoint","urlTemplate":"https:\/\/tuub.ee\/et\/?s={search_term_string}"},"query-input":{"@type":"PropertyValueSpecification","valueRequired":true,"valueName":"search_term_string"}}],"inLanguage":"et"}]}},"_links":{"self":[{"href":"https:\/\/tuub.ee\/en\/wp-json\/wp\/v2\/product\/58567","targetHints":{"allow":["GET"]}}],"collection":[{"href":"https:\/\/tuub.ee\/en\/wp-json\/wp\/v2\/product"}],"about":[{"href":"https:\/\/tuub.ee\/en\/wp-json\/wp\/v2\/types\/product"}],"wp:featuredmedia":[{"embeddable":true,"href":"https:\/\/tuub.ee\/en\/wp-json\/wp\/v2\/media\/57638"}],"wp:attachment":[{"href":"https:\/\/tuub.ee\/en\/wp-json\/wp\/v2\/media?parent=58567"}],"wp:term":[{"taxonomy":"product_brand","embeddable":true,"href":"https:\/\/tuub.ee\/en\/wp-json\/wp\/v2\/product_brand?post=58567"},{"taxonomy":"product_cat","embeddable":true,"href":"https:\/\/tuub.ee\/en\/wp-json\/wp\/v2\/product_cat?post=58567"},{"taxonomy":"product_tag","embeddable":true,"href":"https:\/\/tuub.ee\/en\/wp-json\/wp\/v2\/product_tag?post=58567"}],"curies":[{"name":"wp","href":"https:\/\/api.w.org\/{rel}","templated":true}]}}