{"id":43768,"date":"2022-07-04T21:24:34","date_gmt":"2022-07-04T21:24:34","guid":{"rendered":"https:\/\/tuub.ee\/product\/meriino-patsikumm-tumehall\/"},"modified":"2026-03-23T16:28:00","modified_gmt":"2026-03-23T16:28:00","slug":"meriino-patsikumm-tumehall","status":"publish","type":"product","link":"https:\/\/tuub.ee\/en\/product\/meriino-patsikumm-tumehall\/","title":{"rendered":"PATSIKUMM tumehall meriino"},"content":{"rendered":"","protected":false},"excerpt":{"rendered":"","protected":false},"featured_media":8174,"template":"","meta":{"_acf_changed":false,"inline_featured_image":false},"product_brand":[],"product_cat":[428],"product_tag":[],"class_list":{"0":"post-43768","1":"product","2":"type-product","3":"status-publish","4":"has-post-thumbnail","6":"product_cat-aksessuaarid-en","8":"first","9":"outofstock","10":"taxable","11":"shipping-taxable","12":"purchasable","13":"product-type-simple"},"acf":[],"yoast_head":"<!-- This site is optimized with the Yoast SEO plugin v26.6 - https:\/\/yoast.com\/wordpress\/plugins\/seo\/ -->\n<title>PATSIKUMM tumehall meriino - TUUB \u2013 Sinu igap\u00e4evane kaaslane<\/title>\n<meta name=\"description\" content=\"A hair tie made from production leftovers. Suitable for a ponytail and bun. 2-3 loops depending on the thickness of the ponytail. 100% merino wool.\" \/>\n<meta name=\"robots\" content=\"index, follow, max-snippet:-1, max-image-preview:large, max-video-preview:-1\" \/>\n<link rel=\"canonical\" href=\"https:\/\/tuub.ee\/en\/product\/meriino-patsikumm-tumehall\/\" \/>\n<meta property=\"og:locale\" content=\"et_EE\" \/>\n<meta property=\"og:type\" content=\"article\" \/>\n<meta property=\"og:title\" content=\"PATSIKUMM tumehall meriino - TUUB \u2013 Sinu igap\u00e4evane kaaslane\" \/>\n<meta property=\"og:description\" content=\"Tootmisj\u00e4\u00e4kidest tehtud patsikumm. Sobib hobusesaba ja krunni jaoks. 2-3 tiiru olenevalt ka patsi paksusest. 100% meriinovill.\" \/>\n<meta property=\"og:url\" content=\"https:\/\/tuub.ee\/en\/product\/meriino-patsikumm-tumehall\/\" \/>\n<meta property=\"og:site_name\" content=\"TUUB \u2013 Sinu igap\u00e4evane kaaslane\" \/>\n<meta property=\"article:modified_time\" content=\"2026-03-23T16:28:00+00:00\" \/>\n<meta property=\"og:image\" content=\"https:\/\/tuub.ee\/wp-content\/uploads\/2021\/10\/patsikumm-V11-fair-trade.jpg\" \/>\n\t<meta property=\"og:image:width\" content=\"1740\" \/>\n\t<meta property=\"og:image:height\" content=\"2560\" \/>\n\t<meta property=\"og:image:type\" content=\"image\/jpeg\" \/>\n<meta name=\"twitter:card\" content=\"summary_large_image\" \/>\n<script type=\"application\/ld+json\" class=\"yoast-schema-graph\">{\"@context\":\"https:\/\/schema.org\",\"@graph\":[{\"@type\":\"WebPage\",\"@id\":\"https:\/\/tuub.ee\/en\/product\/meriino-patsikumm-tumehall\/\",\"url\":\"https:\/\/tuub.ee\/en\/product\/meriino-patsikumm-tumehall\/\",\"name\":\"PATSIKUMM tumehall meriino - TUUB \u2013 Sinu igap\u00e4evane kaaslane\",\"isPartOf\":{\"@id\":\"https:\/\/tuub.ee\/et\/#website\"},\"primaryImageOfPage\":{\"@id\":\"https:\/\/tuub.ee\/en\/product\/meriino-patsikumm-tumehall\/#primaryimage\"},\"image\":{\"@id\":\"https:\/\/tuub.ee\/en\/product\/meriino-patsikumm-tumehall\/#primaryimage\"},\"thumbnailUrl\":\"https:\/\/tuub.ee\/wp-content\/uploads\/2021\/10\/patsikumm-V11-fair-trade.jpg\",\"datePublished\":\"2022-07-04T21:24:34+00:00\",\"dateModified\":\"2026-03-23T16:28:00+00:00\",\"description\":\"Tootmisj\u00e4\u00e4kidest tehtud patsikumm. Sobib hobusesaba ja krunni jaoks. 2-3 tiiru olenevalt ka patsi paksusest. 100% meriinovill.\",\"breadcrumb\":{\"@id\":\"https:\/\/tuub.ee\/en\/product\/meriino-patsikumm-tumehall\/#breadcrumb\"},\"inLanguage\":\"et\",\"potentialAction\":[{\"@type\":\"ReadAction\",\"target\":[\"https:\/\/tuub.ee\/en\/product\/meriino-patsikumm-tumehall\/\"]}]},{\"@type\":\"ImageObject\",\"inLanguage\":\"et\",\"@id\":\"https:\/\/tuub.ee\/en\/product\/meriino-patsikumm-tumehall\/#primaryimage\",\"url\":\"https:\/\/tuub.ee\/wp-content\/uploads\/2021\/10\/patsikumm-V11-fair-trade.jpg\",\"contentUrl\":\"https:\/\/tuub.ee\/wp-content\/uploads\/2021\/10\/patsikumm-V11-fair-trade.jpg\",\"width\":1740,\"height\":2560},{\"@type\":\"BreadcrumbList\",\"@id\":\"https:\/\/tuub.ee\/en\/product\/meriino-patsikumm-tumehall\/#breadcrumb\",\"itemListElement\":[{\"@type\":\"ListItem\",\"position\":1,\"name\":\"Home\",\"item\":\"https:\/\/tuub.ee\/en\/\"},{\"@type\":\"ListItem\",\"position\":2,\"name\":\"Store\",\"item\":\"https:\/\/tuub.ee\/en\/store\/\"},{\"@type\":\"ListItem\",\"position\":3,\"name\":\"PATSIKUMM tumehall meriino\"}]},{\"@type\":\"WebSite\",\"@id\":\"https:\/\/tuub.ee\/et\/#website\",\"url\":\"https:\/\/tuub.ee\/et\/\",\"name\":\"TUUB \u2013 Sinu igap\u00e4evane kaaslane\",\"description\":\"\",\"potentialAction\":[{\"@type\":\"SearchAction\",\"target\":{\"@type\":\"EntryPoint\",\"urlTemplate\":\"https:\/\/tuub.ee\/et\/?s={search_term_string}\"},\"query-input\":{\"@type\":\"PropertyValueSpecification\",\"valueRequired\":true,\"valueName\":\"search_term_string\"}}],\"inLanguage\":\"et\"}]}<\/script>\n<!-- \/ Yoast SEO plugin. -->","yoast_head_json":{"title":"PATSIKUMM tumehall meriino - TUUB \u2013 Sinu igap\u00e4evane kaaslane","description":"A hair tie made from production leftovers. Suitable for a ponytail and bun. 2-3 loops depending on the thickness of the ponytail. 100% merino wool.","robots":{"index":"index","follow":"follow","max-snippet":"max-snippet:-1","max-image-preview":"max-image-preview:large","max-video-preview":"max-video-preview:-1"},"canonical":"https:\/\/tuub.ee\/en\/product\/meriino-patsikumm-tumehall\/","og_locale":"et_EE","og_type":"article","og_title":"PATSIKUMM tumehall meriino - TUUB \u2013 Sinu igap\u00e4evane kaaslane","og_description":"Tootmisj\u00e4\u00e4kidest tehtud patsikumm. Sobib hobusesaba ja krunni jaoks. 2-3 tiiru olenevalt ka patsi paksusest. 100% meriinovill.","og_url":"https:\/\/tuub.ee\/en\/product\/meriino-patsikumm-tumehall\/","og_site_name":"TUUB \u2013 Sinu igap\u00e4evane kaaslane","article_modified_time":"2026-03-23T16:28:00+00:00","og_image":[{"width":1740,"height":2560,"url":"https:\/\/tuub.ee\/wp-content\/uploads\/2021\/10\/patsikumm-V11-fair-trade.jpg","type":"image\/jpeg"}],"twitter_card":"summary_large_image","schema":{"@context":"https:\/\/schema.org","@graph":[{"@type":"WebPage","@id":"https:\/\/tuub.ee\/en\/product\/meriino-patsikumm-tumehall\/","url":"https:\/\/tuub.ee\/en\/product\/meriino-patsikumm-tumehall\/","name":"PATSIKUMM tumehall meriino - TUUB \u2013 Sinu igap\u00e4evane kaaslane","isPartOf":{"@id":"https:\/\/tuub.ee\/et\/#website"},"primaryImageOfPage":{"@id":"https:\/\/tuub.ee\/en\/product\/meriino-patsikumm-tumehall\/#primaryimage"},"image":{"@id":"https:\/\/tuub.ee\/en\/product\/meriino-patsikumm-tumehall\/#primaryimage"},"thumbnailUrl":"https:\/\/tuub.ee\/wp-content\/uploads\/2021\/10\/patsikumm-V11-fair-trade.jpg","datePublished":"2022-07-04T21:24:34+00:00","dateModified":"2026-03-23T16:28:00+00:00","description":"Tootmisj\u00e4\u00e4kidest tehtud patsikumm. Sobib hobusesaba ja krunni jaoks. 2-3 tiiru olenevalt ka patsi paksusest. 100% meriinovill.","breadcrumb":{"@id":"https:\/\/tuub.ee\/en\/product\/meriino-patsikumm-tumehall\/#breadcrumb"},"inLanguage":"et","potentialAction":[{"@type":"ReadAction","target":["https:\/\/tuub.ee\/en\/product\/meriino-patsikumm-tumehall\/"]}]},{"@type":"ImageObject","inLanguage":"et","@id":"https:\/\/tuub.ee\/en\/product\/meriino-patsikumm-tumehall\/#primaryimage","url":"https:\/\/tuub.ee\/wp-content\/uploads\/2021\/10\/patsikumm-V11-fair-trade.jpg","contentUrl":"https:\/\/tuub.ee\/wp-content\/uploads\/2021\/10\/patsikumm-V11-fair-trade.jpg","width":1740,"height":2560},{"@type":"BreadcrumbList","@id":"https:\/\/tuub.ee\/en\/product\/meriino-patsikumm-tumehall\/#breadcrumb","itemListElement":[{"@type":"ListItem","position":1,"name":"Home","item":"https:\/\/tuub.ee\/en\/"},{"@type":"ListItem","position":2,"name":"Store","item":"https:\/\/tuub.ee\/en\/store\/"},{"@type":"ListItem","position":3,"name":"PATSIKUMM tumehall meriino"}]},{"@type":"WebSite","@id":"https:\/\/tuub.ee\/et\/#website","url":"https:\/\/tuub.ee\/et\/","name":"TUUB \u2013 Sinu igap\u00e4evane kaaslane","description":"","potentialAction":[{"@type":"SearchAction","target":{"@type":"EntryPoint","urlTemplate":"https:\/\/tuub.ee\/et\/?s={search_term_string}"},"query-input":{"@type":"PropertyValueSpecification","valueRequired":true,"valueName":"search_term_string"}}],"inLanguage":"et"}]}},"_links":{"self":[{"href":"https:\/\/tuub.ee\/en\/wp-json\/wp\/v2\/product\/43768","targetHints":{"allow":["GET"]}}],"collection":[{"href":"https:\/\/tuub.ee\/en\/wp-json\/wp\/v2\/product"}],"about":[{"href":"https:\/\/tuub.ee\/en\/wp-json\/wp\/v2\/types\/product"}],"wp:featuredmedia":[{"embeddable":true,"href":"https:\/\/tuub.ee\/en\/wp-json\/wp\/v2\/media\/8174"}],"wp:attachment":[{"href":"https:\/\/tuub.ee\/en\/wp-json\/wp\/v2\/media?parent=43768"}],"wp:term":[{"taxonomy":"product_brand","embeddable":true,"href":"https:\/\/tuub.ee\/en\/wp-json\/wp\/v2\/product_brand?post=43768"},{"taxonomy":"product_cat","embeddable":true,"href":"https:\/\/tuub.ee\/en\/wp-json\/wp\/v2\/product_cat?post=43768"},{"taxonomy":"product_tag","embeddable":true,"href":"https:\/\/tuub.ee\/en\/wp-json\/wp\/v2\/product_tag?post=43768"}],"curies":[{"name":"wp","href":"https:\/\/api.w.org\/{rel}","templated":true}]}}