{"id":43720,"date":"2022-07-04T21:24:36","date_gmt":"2022-07-04T21:24:36","guid":{"rendered":"https:\/\/tuub.ee\/product\/tuub-femmefatale-kleit\/"},"modified":"2026-01-09T14:02:07","modified_gmt":"2026-01-09T14:02:07","slug":"tuub-femmefatale-kleit","status":"publish","type":"product","link":"https:\/\/tuub.ee\/en\/product\/tuub-femmefatale-kleit\/","title":{"rendered":"TUUB Femmefatale"},"content":{"rendered":"","protected":false},"excerpt":{"rendered":"","protected":false},"featured_media":2184,"template":"","meta":{"_acf_changed":false,"inline_featured_image":false},"product_brand":[],"product_cat":[434],"product_tag":[415],"class_list":{"0":"post-43720","1":"product","2":"type-product","3":"status-publish","4":"has-post-thumbnail","6":"product_cat-pidulik-eriline-en","7":"product_tag-recycled-en","9":"first","10":"outofstock","11":"taxable","12":"shipping-taxable","13":"product-type-variable"},"acf":[],"yoast_head":"<!-- This site is optimized with the Yoast SEO plugin v26.6 - https:\/\/yoast.com\/wordpress\/plugins\/seo\/ -->\n<title>TUUB Femmefatale - Kanna pika kleidina v\u00f5i minikleidina - TUUB \u2013 Sinu igap\u00e4evane kaaslane<\/title>\n<meta name=\"description\" content=\"Wear it as a long dress, a mini dress, as a layer over another TUUB, or independently. This TUUB is slightly see-through, thin, and stretchy. The material is excellently breathable.\" \/>\n<meta name=\"robots\" content=\"index, follow, max-snippet:-1, max-image-preview:large, max-video-preview:-1\" \/>\n<link rel=\"canonical\" href=\"https:\/\/tuub.ee\/en\/product\/tuub-femmefatale-kleit\/\" \/>\n<meta property=\"og:locale\" content=\"et_EE\" \/>\n<meta property=\"og:type\" content=\"article\" \/>\n<meta property=\"og:title\" content=\"TUUB Femmefatale - Kanna pika kleidina v\u00f5i minikleidina - TUUB \u2013 Sinu igap\u00e4evane kaaslane\" \/>\n<meta property=\"og:description\" content=\"Kanna pika kleidina, minikleidina, teise TUUBi pealiskihina v\u00f5i iseseisvalt. See TUUB on pisut l\u00e4bikumav, \u00f5huke ja veniv. Materjal on suurep\u00e4raselt hingav.\" \/>\n<meta property=\"og:url\" content=\"https:\/\/tuub.ee\/en\/product\/tuub-femmefatale-kleit\/\" \/>\n<meta property=\"og:site_name\" content=\"TUUB \u2013 Sinu igap\u00e4evane kaaslane\" \/>\n<meta property=\"article:modified_time\" content=\"2026-01-09T14:02:07+00:00\" \/>\n<meta property=\"og:image\" content=\"https:\/\/tuub.ee\/wp-content\/uploads\/2021\/03\/TUUB-femmefatale-pikk-kleit-labipaistev.jpg\" \/>\n\t<meta property=\"og:image:width\" content=\"1093\" \/>\n\t<meta property=\"og:image:height\" content=\"1822\" \/>\n\t<meta property=\"og:image:type\" content=\"image\/jpeg\" \/>\n<meta name=\"twitter:card\" content=\"summary_large_image\" \/>\n<meta name=\"twitter:label1\" content=\"Est. reading time\" \/>\n\t<meta name=\"twitter:data1\" content=\"1 minut\" \/>\n<script type=\"application\/ld+json\" class=\"yoast-schema-graph\">{\"@context\":\"https:\/\/schema.org\",\"@graph\":[{\"@type\":\"WebPage\",\"@id\":\"https:\/\/tuub.ee\/en\/product\/tuub-femmefatale-kleit\/\",\"url\":\"https:\/\/tuub.ee\/en\/product\/tuub-femmefatale-kleit\/\",\"name\":\"TUUB Femmefatale - Kanna pika kleidina v\u00f5i minikleidina - TUUB \u2013 Sinu igap\u00e4evane kaaslane\",\"isPartOf\":{\"@id\":\"https:\/\/tuub.ee\/et\/#website\"},\"primaryImageOfPage\":{\"@id\":\"https:\/\/tuub.ee\/en\/product\/tuub-femmefatale-kleit\/#primaryimage\"},\"image\":{\"@id\":\"https:\/\/tuub.ee\/en\/product\/tuub-femmefatale-kleit\/#primaryimage\"},\"thumbnailUrl\":\"https:\/\/tuub.ee\/wp-content\/uploads\/2021\/03\/TUUB-femmefatale-pikk-kleit-labipaistev.jpg\",\"datePublished\":\"2022-07-04T21:24:36+00:00\",\"dateModified\":\"2026-01-09T14:02:07+00:00\",\"description\":\"Kanna pika kleidina, minikleidina, teise TUUBi pealiskihina v\u00f5i iseseisvalt. See TUUB on pisut l\u00e4bikumav, \u00f5huke ja veniv. Materjal on suurep\u00e4raselt hingav.\",\"breadcrumb\":{\"@id\":\"https:\/\/tuub.ee\/en\/product\/tuub-femmefatale-kleit\/#breadcrumb\"},\"inLanguage\":\"et\",\"potentialAction\":[{\"@type\":\"ReadAction\",\"target\":[\"https:\/\/tuub.ee\/en\/product\/tuub-femmefatale-kleit\/\"]}]},{\"@type\":\"ImageObject\",\"inLanguage\":\"et\",\"@id\":\"https:\/\/tuub.ee\/en\/product\/tuub-femmefatale-kleit\/#primaryimage\",\"url\":\"https:\/\/tuub.ee\/wp-content\/uploads\/2021\/03\/TUUB-femmefatale-pikk-kleit-labipaistev.jpg\",\"contentUrl\":\"https:\/\/tuub.ee\/wp-content\/uploads\/2021\/03\/TUUB-femmefatale-pikk-kleit-labipaistev.jpg\",\"width\":1093,\"height\":1822},{\"@type\":\"BreadcrumbList\",\"@id\":\"https:\/\/tuub.ee\/en\/product\/tuub-femmefatale-kleit\/#breadcrumb\",\"itemListElement\":[{\"@type\":\"ListItem\",\"position\":1,\"name\":\"Home\",\"item\":\"https:\/\/tuub.ee\/en\/\"},{\"@type\":\"ListItem\",\"position\":2,\"name\":\"Store\",\"item\":\"https:\/\/tuub.ee\/en\/store\/\"},{\"@type\":\"ListItem\",\"position\":3,\"name\":\"TUUB Femmefatale\"}]},{\"@type\":\"WebSite\",\"@id\":\"https:\/\/tuub.ee\/et\/#website\",\"url\":\"https:\/\/tuub.ee\/et\/\",\"name\":\"TUUB \u2013 Sinu igap\u00e4evane kaaslane\",\"description\":\"\",\"potentialAction\":[{\"@type\":\"SearchAction\",\"target\":{\"@type\":\"EntryPoint\",\"urlTemplate\":\"https:\/\/tuub.ee\/et\/?s={search_term_string}\"},\"query-input\":{\"@type\":\"PropertyValueSpecification\",\"valueRequired\":true,\"valueName\":\"search_term_string\"}}],\"inLanguage\":\"et\"}]}<\/script>\n<!-- \/ Yoast SEO plugin. -->","yoast_head_json":{"title":"TUUB Femmefatale - Kanna pika kleidina v\u00f5i minikleidina - TUUB \u2013 Sinu igap\u00e4evane kaaslane","description":"Wear it as a long dress, a mini dress, as a layer over another TUUB, or independently. This TUUB is slightly see-through, thin, and stretchy. The material is excellently breathable.","robots":{"index":"index","follow":"follow","max-snippet":"max-snippet:-1","max-image-preview":"max-image-preview:large","max-video-preview":"max-video-preview:-1"},"canonical":"https:\/\/tuub.ee\/en\/product\/tuub-femmefatale-kleit\/","og_locale":"et_EE","og_type":"article","og_title":"TUUB Femmefatale - Kanna pika kleidina v\u00f5i minikleidina - TUUB \u2013 Sinu igap\u00e4evane kaaslane","og_description":"Kanna pika kleidina, minikleidina, teise TUUBi pealiskihina v\u00f5i iseseisvalt. See TUUB on pisut l\u00e4bikumav, \u00f5huke ja veniv. Materjal on suurep\u00e4raselt hingav.","og_url":"https:\/\/tuub.ee\/en\/product\/tuub-femmefatale-kleit\/","og_site_name":"TUUB \u2013 Sinu igap\u00e4evane kaaslane","article_modified_time":"2026-01-09T14:02:07+00:00","og_image":[{"width":1093,"height":1822,"url":"https:\/\/tuub.ee\/wp-content\/uploads\/2021\/03\/TUUB-femmefatale-pikk-kleit-labipaistev.jpg","type":"image\/jpeg"}],"twitter_card":"summary_large_image","twitter_misc":{"Est. reading time":"1 minut"},"schema":{"@context":"https:\/\/schema.org","@graph":[{"@type":"WebPage","@id":"https:\/\/tuub.ee\/en\/product\/tuub-femmefatale-kleit\/","url":"https:\/\/tuub.ee\/en\/product\/tuub-femmefatale-kleit\/","name":"TUUB Femmefatale - Kanna pika kleidina v\u00f5i minikleidina - TUUB \u2013 Sinu igap\u00e4evane kaaslane","isPartOf":{"@id":"https:\/\/tuub.ee\/et\/#website"},"primaryImageOfPage":{"@id":"https:\/\/tuub.ee\/en\/product\/tuub-femmefatale-kleit\/#primaryimage"},"image":{"@id":"https:\/\/tuub.ee\/en\/product\/tuub-femmefatale-kleit\/#primaryimage"},"thumbnailUrl":"https:\/\/tuub.ee\/wp-content\/uploads\/2021\/03\/TUUB-femmefatale-pikk-kleit-labipaistev.jpg","datePublished":"2022-07-04T21:24:36+00:00","dateModified":"2026-01-09T14:02:07+00:00","description":"Kanna pika kleidina, minikleidina, teise TUUBi pealiskihina v\u00f5i iseseisvalt. See TUUB on pisut l\u00e4bikumav, \u00f5huke ja veniv. Materjal on suurep\u00e4raselt hingav.","breadcrumb":{"@id":"https:\/\/tuub.ee\/en\/product\/tuub-femmefatale-kleit\/#breadcrumb"},"inLanguage":"et","potentialAction":[{"@type":"ReadAction","target":["https:\/\/tuub.ee\/en\/product\/tuub-femmefatale-kleit\/"]}]},{"@type":"ImageObject","inLanguage":"et","@id":"https:\/\/tuub.ee\/en\/product\/tuub-femmefatale-kleit\/#primaryimage","url":"https:\/\/tuub.ee\/wp-content\/uploads\/2021\/03\/TUUB-femmefatale-pikk-kleit-labipaistev.jpg","contentUrl":"https:\/\/tuub.ee\/wp-content\/uploads\/2021\/03\/TUUB-femmefatale-pikk-kleit-labipaistev.jpg","width":1093,"height":1822},{"@type":"BreadcrumbList","@id":"https:\/\/tuub.ee\/en\/product\/tuub-femmefatale-kleit\/#breadcrumb","itemListElement":[{"@type":"ListItem","position":1,"name":"Home","item":"https:\/\/tuub.ee\/en\/"},{"@type":"ListItem","position":2,"name":"Store","item":"https:\/\/tuub.ee\/en\/store\/"},{"@type":"ListItem","position":3,"name":"TUUB Femmefatale"}]},{"@type":"WebSite","@id":"https:\/\/tuub.ee\/et\/#website","url":"https:\/\/tuub.ee\/et\/","name":"TUUB \u2013 Sinu igap\u00e4evane kaaslane","description":"","potentialAction":[{"@type":"SearchAction","target":{"@type":"EntryPoint","urlTemplate":"https:\/\/tuub.ee\/et\/?s={search_term_string}"},"query-input":{"@type":"PropertyValueSpecification","valueRequired":true,"valueName":"search_term_string"}}],"inLanguage":"et"}]}},"_links":{"self":[{"href":"https:\/\/tuub.ee\/en\/wp-json\/wp\/v2\/product\/43720","targetHints":{"allow":["GET"]}}],"collection":[{"href":"https:\/\/tuub.ee\/en\/wp-json\/wp\/v2\/product"}],"about":[{"href":"https:\/\/tuub.ee\/en\/wp-json\/wp\/v2\/types\/product"}],"wp:featuredmedia":[{"embeddable":true,"href":"https:\/\/tuub.ee\/en\/wp-json\/wp\/v2\/media\/2184"}],"wp:attachment":[{"href":"https:\/\/tuub.ee\/en\/wp-json\/wp\/v2\/media?parent=43720"}],"wp:term":[{"taxonomy":"product_brand","embeddable":true,"href":"https:\/\/tuub.ee\/en\/wp-json\/wp\/v2\/product_brand?post=43720"},{"taxonomy":"product_cat","embeddable":true,"href":"https:\/\/tuub.ee\/en\/wp-json\/wp\/v2\/product_cat?post=43720"},{"taxonomy":"product_tag","embeddable":true,"href":"https:\/\/tuub.ee\/en\/wp-json\/wp\/v2\/product_tag?post=43720"}],"curies":[{"name":"wp","href":"https:\/\/api.w.org\/{rel}","templated":true}]}}