{"id":43621,"date":"2022-07-04T21:24:37","date_gmt":"2022-07-04T21:24:37","guid":{"rendered":"https:\/\/tuub.ee\/product\/tuub-hotmama-kleit\/"},"modified":"2026-03-23T16:27:54","modified_gmt":"2026-03-23T16:27:54","slug":"tuub-hotmama-kleit","status":"publish","type":"product","link":"https:\/\/tuub.ee\/en\/product\/tuub-hotmama-kleit\/","title":{"rendered":"TUUB Hotmama"},"content":{"rendered":"","protected":false},"excerpt":{"rendered":"K\u00f5ik \u00fches reisikaaslane","protected":false},"featured_media":3683,"template":"","meta":{"_acf_changed":false,"inline_featured_image":false},"product_brand":[],"product_cat":[432],"product_tag":[415],"class_list":{"0":"post-43621","1":"product","2":"type-product","3":"status-publish","4":"has-post-thumbnail","6":"product_cat-tuub-recycled-koik-uhes-kleit-en","7":"product_tag-recycled-en","9":"first","10":"instock","11":"taxable","12":"shipping-taxable","13":"purchasable","14":"product-type-variable"},"acf":[],"yoast_head":"<!-- This site is optimized with the Yoast SEO plugin v26.6 - https:\/\/yoast.com\/wordpress\/plugins\/seo\/ -->\n<title>TUUB Hotmama - k\u00f5ik \u00fches seelik-sall-kleit-topp - TUUB \u2013 Sinu igap\u00e4evane kaaslane<\/title>\n<meta name=\"description\" content=\"TUUB&#039;s smart all-in-one skirt-scarf-dress-top is made from innovative recycled polyamide. TUUB is a basic piece of the minimalistic capsule wardrobe.\" \/>\n<meta name=\"robots\" content=\"index, follow, max-snippet:-1, max-image-preview:large, max-video-preview:-1\" \/>\n<link rel=\"canonical\" href=\"https:\/\/tuub.ee\/en\/product\/tuub-hotmama-kleit\/\" \/>\n<meta property=\"og:locale\" content=\"et_EE\" \/>\n<meta property=\"og:type\" content=\"article\" \/>\n<meta property=\"og:title\" content=\"TUUB Hotmama - k\u00f5ik \u00fches seelik-sall-kleit-topp - TUUB \u2013 Sinu igap\u00e4evane kaaslane\" \/>\n<meta property=\"og:description\" content=\"TUUBi nutikas k\u00f5ik \u00fches seelik-sall-kleit-topp, millest v\u00f5ib saada Sinu garderoobi uus lemmikese! Tehtud innovaatilisest taast\u00f6\u00f6deldud pol\u00fcamiidist.\" \/>\n<meta property=\"og:url\" content=\"https:\/\/tuub.ee\/en\/product\/tuub-hotmama-kleit\/\" \/>\n<meta property=\"og:site_name\" content=\"TUUB \u2013 Sinu igap\u00e4evane kaaslane\" \/>\n<meta property=\"article:modified_time\" content=\"2026-03-23T16:27:54+00:00\" \/>\n<meta property=\"og:image\" content=\"https:\/\/tuub.ee\/wp-content\/uploads\/2021\/03\/TUUB-hotmama-recycled-tube-top-1.jpg\" \/>\n\t<meta property=\"og:image:width\" content=\"1333\" \/>\n\t<meta property=\"og:image:height\" content=\"2000\" \/>\n\t<meta property=\"og:image:type\" content=\"image\/jpeg\" \/>\n<meta name=\"twitter:card\" content=\"summary_large_image\" \/>\n<script type=\"application\/ld+json\" class=\"yoast-schema-graph\">{\"@context\":\"https:\/\/schema.org\",\"@graph\":[{\"@type\":\"WebPage\",\"@id\":\"https:\/\/tuub.ee\/en\/product\/tuub-hotmama-kleit\/\",\"url\":\"https:\/\/tuub.ee\/en\/product\/tuub-hotmama-kleit\/\",\"name\":\"TUUB Hotmama - k\u00f5ik \u00fches seelik-sall-kleit-topp - TUUB \u2013 Sinu igap\u00e4evane kaaslane\",\"isPartOf\":{\"@id\":\"https:\/\/tuub.ee\/et\/#website\"},\"primaryImageOfPage\":{\"@id\":\"https:\/\/tuub.ee\/en\/product\/tuub-hotmama-kleit\/#primaryimage\"},\"image\":{\"@id\":\"https:\/\/tuub.ee\/en\/product\/tuub-hotmama-kleit\/#primaryimage\"},\"thumbnailUrl\":\"https:\/\/tuub.ee\/wp-content\/uploads\/2021\/03\/TUUB-hotmama-recycled-tube-top-1.jpg\",\"datePublished\":\"2022-07-04T21:24:37+00:00\",\"dateModified\":\"2026-03-23T16:27:54+00:00\",\"description\":\"TUUBi nutikas k\u00f5ik \u00fches seelik-sall-kleit-topp, millest v\u00f5ib saada Sinu garderoobi uus lemmikese! Tehtud innovaatilisest taast\u00f6\u00f6deldud pol\u00fcamiidist.\",\"breadcrumb\":{\"@id\":\"https:\/\/tuub.ee\/en\/product\/tuub-hotmama-kleit\/#breadcrumb\"},\"inLanguage\":\"et\",\"potentialAction\":[{\"@type\":\"ReadAction\",\"target\":[\"https:\/\/tuub.ee\/en\/product\/tuub-hotmama-kleit\/\"]}]},{\"@type\":\"ImageObject\",\"inLanguage\":\"et\",\"@id\":\"https:\/\/tuub.ee\/en\/product\/tuub-hotmama-kleit\/#primaryimage\",\"url\":\"https:\/\/tuub.ee\/wp-content\/uploads\/2021\/03\/TUUB-hotmama-recycled-tube-top-1.jpg\",\"contentUrl\":\"https:\/\/tuub.ee\/wp-content\/uploads\/2021\/03\/TUUB-hotmama-recycled-tube-top-1.jpg\",\"width\":1333,\"height\":2000},{\"@type\":\"BreadcrumbList\",\"@id\":\"https:\/\/tuub.ee\/en\/product\/tuub-hotmama-kleit\/#breadcrumb\",\"itemListElement\":[{\"@type\":\"ListItem\",\"position\":1,\"name\":\"Home\",\"item\":\"https:\/\/tuub.ee\/en\/\"},{\"@type\":\"ListItem\",\"position\":2,\"name\":\"Store\",\"item\":\"https:\/\/tuub.ee\/en\/store\/\"},{\"@type\":\"ListItem\",\"position\":3,\"name\":\"TUUB Hotmama\"}]},{\"@type\":\"WebSite\",\"@id\":\"https:\/\/tuub.ee\/et\/#website\",\"url\":\"https:\/\/tuub.ee\/et\/\",\"name\":\"TUUB \u2013 Sinu igap\u00e4evane kaaslane\",\"description\":\"\",\"potentialAction\":[{\"@type\":\"SearchAction\",\"target\":{\"@type\":\"EntryPoint\",\"urlTemplate\":\"https:\/\/tuub.ee\/et\/?s={search_term_string}\"},\"query-input\":{\"@type\":\"PropertyValueSpecification\",\"valueRequired\":true,\"valueName\":\"search_term_string\"}}],\"inLanguage\":\"et\"}]}<\/script>\n<!-- \/ Yoast SEO plugin. -->","yoast_head_json":{"title":"TUUB Hotmama - k\u00f5ik \u00fches seelik-sall-kleit-topp - TUUB \u2013 Sinu igap\u00e4evane kaaslane","description":"TUUB's smart all-in-one skirt-scarf-dress-top is made from innovative recycled polyamide. TUUB is a basic piece of the minimalistic capsule wardrobe.","robots":{"index":"index","follow":"follow","max-snippet":"max-snippet:-1","max-image-preview":"max-image-preview:large","max-video-preview":"max-video-preview:-1"},"canonical":"https:\/\/tuub.ee\/en\/product\/tuub-hotmama-kleit\/","og_locale":"et_EE","og_type":"article","og_title":"TUUB Hotmama - k\u00f5ik \u00fches seelik-sall-kleit-topp - TUUB \u2013 Sinu igap\u00e4evane kaaslane","og_description":"TUUBi nutikas k\u00f5ik \u00fches seelik-sall-kleit-topp, millest v\u00f5ib saada Sinu garderoobi uus lemmikese! Tehtud innovaatilisest taast\u00f6\u00f6deldud pol\u00fcamiidist.","og_url":"https:\/\/tuub.ee\/en\/product\/tuub-hotmama-kleit\/","og_site_name":"TUUB \u2013 Sinu igap\u00e4evane kaaslane","article_modified_time":"2026-03-23T16:27:54+00:00","og_image":[{"width":1333,"height":2000,"url":"https:\/\/tuub.ee\/wp-content\/uploads\/2021\/03\/TUUB-hotmama-recycled-tube-top-1.jpg","type":"image\/jpeg"}],"twitter_card":"summary_large_image","schema":{"@context":"https:\/\/schema.org","@graph":[{"@type":"WebPage","@id":"https:\/\/tuub.ee\/en\/product\/tuub-hotmama-kleit\/","url":"https:\/\/tuub.ee\/en\/product\/tuub-hotmama-kleit\/","name":"TUUB Hotmama - k\u00f5ik \u00fches seelik-sall-kleit-topp - TUUB \u2013 Sinu igap\u00e4evane kaaslane","isPartOf":{"@id":"https:\/\/tuub.ee\/et\/#website"},"primaryImageOfPage":{"@id":"https:\/\/tuub.ee\/en\/product\/tuub-hotmama-kleit\/#primaryimage"},"image":{"@id":"https:\/\/tuub.ee\/en\/product\/tuub-hotmama-kleit\/#primaryimage"},"thumbnailUrl":"https:\/\/tuub.ee\/wp-content\/uploads\/2021\/03\/TUUB-hotmama-recycled-tube-top-1.jpg","datePublished":"2022-07-04T21:24:37+00:00","dateModified":"2026-03-23T16:27:54+00:00","description":"TUUBi nutikas k\u00f5ik \u00fches seelik-sall-kleit-topp, millest v\u00f5ib saada Sinu garderoobi uus lemmikese! Tehtud innovaatilisest taast\u00f6\u00f6deldud pol\u00fcamiidist.","breadcrumb":{"@id":"https:\/\/tuub.ee\/en\/product\/tuub-hotmama-kleit\/#breadcrumb"},"inLanguage":"et","potentialAction":[{"@type":"ReadAction","target":["https:\/\/tuub.ee\/en\/product\/tuub-hotmama-kleit\/"]}]},{"@type":"ImageObject","inLanguage":"et","@id":"https:\/\/tuub.ee\/en\/product\/tuub-hotmama-kleit\/#primaryimage","url":"https:\/\/tuub.ee\/wp-content\/uploads\/2021\/03\/TUUB-hotmama-recycled-tube-top-1.jpg","contentUrl":"https:\/\/tuub.ee\/wp-content\/uploads\/2021\/03\/TUUB-hotmama-recycled-tube-top-1.jpg","width":1333,"height":2000},{"@type":"BreadcrumbList","@id":"https:\/\/tuub.ee\/en\/product\/tuub-hotmama-kleit\/#breadcrumb","itemListElement":[{"@type":"ListItem","position":1,"name":"Home","item":"https:\/\/tuub.ee\/en\/"},{"@type":"ListItem","position":2,"name":"Store","item":"https:\/\/tuub.ee\/en\/store\/"},{"@type":"ListItem","position":3,"name":"TUUB Hotmama"}]},{"@type":"WebSite","@id":"https:\/\/tuub.ee\/et\/#website","url":"https:\/\/tuub.ee\/et\/","name":"TUUB \u2013 Sinu igap\u00e4evane kaaslane","description":"","potentialAction":[{"@type":"SearchAction","target":{"@type":"EntryPoint","urlTemplate":"https:\/\/tuub.ee\/et\/?s={search_term_string}"},"query-input":{"@type":"PropertyValueSpecification","valueRequired":true,"valueName":"search_term_string"}}],"inLanguage":"et"}]}},"_links":{"self":[{"href":"https:\/\/tuub.ee\/en\/wp-json\/wp\/v2\/product\/43621","targetHints":{"allow":["GET"]}}],"collection":[{"href":"https:\/\/tuub.ee\/en\/wp-json\/wp\/v2\/product"}],"about":[{"href":"https:\/\/tuub.ee\/en\/wp-json\/wp\/v2\/types\/product"}],"wp:featuredmedia":[{"embeddable":true,"href":"https:\/\/tuub.ee\/en\/wp-json\/wp\/v2\/media\/3683"}],"wp:attachment":[{"href":"https:\/\/tuub.ee\/en\/wp-json\/wp\/v2\/media?parent=43621"}],"wp:term":[{"taxonomy":"product_brand","embeddable":true,"href":"https:\/\/tuub.ee\/en\/wp-json\/wp\/v2\/product_brand?post=43621"},{"taxonomy":"product_cat","embeddable":true,"href":"https:\/\/tuub.ee\/en\/wp-json\/wp\/v2\/product_cat?post=43621"},{"taxonomy":"product_tag","embeddable":true,"href":"https:\/\/tuub.ee\/en\/wp-json\/wp\/v2\/product_tag?post=43621"}],"curies":[{"name":"wp","href":"https:\/\/api.w.org\/{rel}","templated":true}]}}