{"id":43609,"date":"2023-09-05T10:30:55","date_gmt":"2023-09-05T10:30:55","guid":{"rendered":"https:\/\/tuub.ee\/product\/capri-polvpuksid-002\/"},"modified":"2026-01-09T13:59:26","modified_gmt":"2026-01-09T13:59:26","slug":"capri-khaki","status":"publish","type":"product","link":"https:\/\/tuub.ee\/en\/product\/capri-khaki\/","title":{"rendered":"CAPRI 2\/3  Khaki Pants"},"content":{"rendered":"","protected":false},"excerpt":{"rendered":"","protected":false},"featured_media":17064,"template":"","meta":{"_acf_changed":false,"inline_featured_image":false},"product_brand":[],"product_cat":[434],"product_tag":[415,418],"class_list":{"0":"post-43609","1":"product","2":"type-product","3":"status-publish","4":"has-post-thumbnail","6":"product_cat-pidulik-eriline-en","7":"product_tag-recycled-en","8":"product_tag-sale-en","10":"first","11":"outofstock","12":"sale","13":"taxable","14":"shipping-taxable","15":"purchasable","16":"product-type-variable"},"acf":[],"yoast_head":"<!-- This site is optimized with the Yoast SEO plugin v26.6 - https:\/\/yoast.com\/wordpress\/plugins\/seo\/ -->\n<title>CAPRI 2\/3 Khaki Pants - TUUB \u2013 Sinu igap\u00e4evane kaaslane<\/title>\n<meta name=\"description\" content=\"Comfortable pants for every day. The short version of TUUB&#039;s black pants. Suitable for wearing at school, work, in the forest, in the city and for going to the cinema.\" \/>\n<meta name=\"robots\" content=\"index, follow, max-snippet:-1, max-image-preview:large, max-video-preview:-1\" \/>\n<link rel=\"canonical\" href=\"https:\/\/tuub.ee\/en\/product\/capri-khaki\/\" \/>\n<meta property=\"og:locale\" content=\"et_EE\" \/>\n<meta property=\"og:type\" content=\"article\" \/>\n<meta property=\"og:title\" content=\"CAPRI 2\/3 Khaki Pants - TUUB \u2013 Sinu igap\u00e4evane kaaslane\" \/>\n<meta property=\"og:description\" content=\"Mugavad p\u00fcksid igaks p\u00e4evaks. Khaki rohelised, sama kangas ja l\u00f5ige nagu Everywear p\u00fckstel. Sobib kanda koolis, t\u00f6\u00f6l, metsas, minna kinno ja linna peale.\" \/>\n<meta property=\"og:url\" content=\"https:\/\/tuub.ee\/en\/product\/capri-khaki\/\" \/>\n<meta property=\"og:site_name\" content=\"TUUB \u2013 Sinu igap\u00e4evane kaaslane\" \/>\n<meta property=\"article:modified_time\" content=\"2026-01-09T13:59:26+00:00\" \/>\n<meta property=\"og:image\" content=\"https:\/\/tuub.ee\/wp-content\/uploads\/2023\/09\/Khaki-tuub-capri-puksid-700x1040.png\" \/>\n\t<meta property=\"og:image:width\" content=\"700\" \/>\n\t<meta property=\"og:image:height\" content=\"1040\" \/>\n\t<meta property=\"og:image:type\" content=\"image\/png\" \/>\n<meta name=\"twitter:card\" content=\"summary_large_image\" \/>\n<meta name=\"twitter:label1\" content=\"Est. reading time\" \/>\n\t<meta name=\"twitter:data1\" content=\"1 minut\" \/>\n<script type=\"application\/ld+json\" class=\"yoast-schema-graph\">{\"@context\":\"https:\/\/schema.org\",\"@graph\":[{\"@type\":\"WebPage\",\"@id\":\"https:\/\/tuub.ee\/en\/product\/capri-khaki\/\",\"url\":\"https:\/\/tuub.ee\/en\/product\/capri-khaki\/\",\"name\":\"CAPRI 2\/3 Khaki Pants - TUUB \u2013 Sinu igap\u00e4evane kaaslane\",\"isPartOf\":{\"@id\":\"https:\/\/tuub.ee\/et\/#website\"},\"primaryImageOfPage\":{\"@id\":\"https:\/\/tuub.ee\/en\/product\/capri-khaki\/#primaryimage\"},\"image\":{\"@id\":\"https:\/\/tuub.ee\/en\/product\/capri-khaki\/#primaryimage\"},\"thumbnailUrl\":\"https:\/\/tuub.ee\/wp-content\/uploads\/2023\/09\/Khaki-tuub-capri-puksid.png\",\"datePublished\":\"2023-09-05T10:30:55+00:00\",\"dateModified\":\"2026-01-09T13:59:26+00:00\",\"description\":\"Mugavad p\u00fcksid igaks p\u00e4evaks. Khaki rohelised, sama kangas ja l\u00f5ige nagu Everywear p\u00fckstel. Sobib kanda koolis, t\u00f6\u00f6l, metsas, minna kinno ja linna peale.\",\"breadcrumb\":{\"@id\":\"https:\/\/tuub.ee\/en\/product\/capri-khaki\/#breadcrumb\"},\"inLanguage\":\"et\",\"potentialAction\":[{\"@type\":\"ReadAction\",\"target\":[\"https:\/\/tuub.ee\/en\/product\/capri-khaki\/\"]}]},{\"@type\":\"ImageObject\",\"inLanguage\":\"et\",\"@id\":\"https:\/\/tuub.ee\/en\/product\/capri-khaki\/#primaryimage\",\"url\":\"https:\/\/tuub.ee\/wp-content\/uploads\/2023\/09\/Khaki-tuub-capri-puksid.png\",\"contentUrl\":\"https:\/\/tuub.ee\/wp-content\/uploads\/2023\/09\/Khaki-tuub-capri-puksid.png\",\"width\":948,\"height\":1408},{\"@type\":\"BreadcrumbList\",\"@id\":\"https:\/\/tuub.ee\/en\/product\/capri-khaki\/#breadcrumb\",\"itemListElement\":[{\"@type\":\"ListItem\",\"position\":1,\"name\":\"Home\",\"item\":\"https:\/\/tuub.ee\/en\/\"},{\"@type\":\"ListItem\",\"position\":2,\"name\":\"Store\",\"item\":\"https:\/\/tuub.ee\/en\/store\/\"},{\"@type\":\"ListItem\",\"position\":3,\"name\":\"CAPRI 2\/3 Khaki Pants\"}]},{\"@type\":\"WebSite\",\"@id\":\"https:\/\/tuub.ee\/et\/#website\",\"url\":\"https:\/\/tuub.ee\/et\/\",\"name\":\"TUUB \u2013 Sinu igap\u00e4evane kaaslane\",\"description\":\"\",\"potentialAction\":[{\"@type\":\"SearchAction\",\"target\":{\"@type\":\"EntryPoint\",\"urlTemplate\":\"https:\/\/tuub.ee\/et\/?s={search_term_string}\"},\"query-input\":{\"@type\":\"PropertyValueSpecification\",\"valueRequired\":true,\"valueName\":\"search_term_string\"}}],\"inLanguage\":\"et\"}]}<\/script>\n<!-- \/ Yoast SEO plugin. -->","yoast_head_json":{"title":"CAPRI 2\/3 Khaki Pants - TUUB \u2013 Sinu igap\u00e4evane kaaslane","description":"Comfortable pants for every day. The short version of TUUB's black pants. Suitable for wearing at school, work, in the forest, in the city and for going to the cinema.","robots":{"index":"index","follow":"follow","max-snippet":"max-snippet:-1","max-image-preview":"max-image-preview:large","max-video-preview":"max-video-preview:-1"},"canonical":"https:\/\/tuub.ee\/en\/product\/capri-khaki\/","og_locale":"et_EE","og_type":"article","og_title":"CAPRI 2\/3 Khaki Pants - TUUB \u2013 Sinu igap\u00e4evane kaaslane","og_description":"Mugavad p\u00fcksid igaks p\u00e4evaks. Khaki rohelised, sama kangas ja l\u00f5ige nagu Everywear p\u00fckstel. Sobib kanda koolis, t\u00f6\u00f6l, metsas, minna kinno ja linna peale.","og_url":"https:\/\/tuub.ee\/en\/product\/capri-khaki\/","og_site_name":"TUUB \u2013 Sinu igap\u00e4evane kaaslane","article_modified_time":"2026-01-09T13:59:26+00:00","og_image":[{"width":700,"height":1040,"url":"https:\/\/tuub.ee\/wp-content\/uploads\/2023\/09\/Khaki-tuub-capri-puksid-700x1040.png","type":"image\/png"}],"twitter_card":"summary_large_image","twitter_misc":{"Est. reading time":"1 minut"},"schema":{"@context":"https:\/\/schema.org","@graph":[{"@type":"WebPage","@id":"https:\/\/tuub.ee\/en\/product\/capri-khaki\/","url":"https:\/\/tuub.ee\/en\/product\/capri-khaki\/","name":"CAPRI 2\/3 Khaki Pants - TUUB \u2013 Sinu igap\u00e4evane kaaslane","isPartOf":{"@id":"https:\/\/tuub.ee\/et\/#website"},"primaryImageOfPage":{"@id":"https:\/\/tuub.ee\/en\/product\/capri-khaki\/#primaryimage"},"image":{"@id":"https:\/\/tuub.ee\/en\/product\/capri-khaki\/#primaryimage"},"thumbnailUrl":"https:\/\/tuub.ee\/wp-content\/uploads\/2023\/09\/Khaki-tuub-capri-puksid.png","datePublished":"2023-09-05T10:30:55+00:00","dateModified":"2026-01-09T13:59:26+00:00","description":"Mugavad p\u00fcksid igaks p\u00e4evaks. Khaki rohelised, sama kangas ja l\u00f5ige nagu Everywear p\u00fckstel. Sobib kanda koolis, t\u00f6\u00f6l, metsas, minna kinno ja linna peale.","breadcrumb":{"@id":"https:\/\/tuub.ee\/en\/product\/capri-khaki\/#breadcrumb"},"inLanguage":"et","potentialAction":[{"@type":"ReadAction","target":["https:\/\/tuub.ee\/en\/product\/capri-khaki\/"]}]},{"@type":"ImageObject","inLanguage":"et","@id":"https:\/\/tuub.ee\/en\/product\/capri-khaki\/#primaryimage","url":"https:\/\/tuub.ee\/wp-content\/uploads\/2023\/09\/Khaki-tuub-capri-puksid.png","contentUrl":"https:\/\/tuub.ee\/wp-content\/uploads\/2023\/09\/Khaki-tuub-capri-puksid.png","width":948,"height":1408},{"@type":"BreadcrumbList","@id":"https:\/\/tuub.ee\/en\/product\/capri-khaki\/#breadcrumb","itemListElement":[{"@type":"ListItem","position":1,"name":"Home","item":"https:\/\/tuub.ee\/en\/"},{"@type":"ListItem","position":2,"name":"Store","item":"https:\/\/tuub.ee\/en\/store\/"},{"@type":"ListItem","position":3,"name":"CAPRI 2\/3 Khaki Pants"}]},{"@type":"WebSite","@id":"https:\/\/tuub.ee\/et\/#website","url":"https:\/\/tuub.ee\/et\/","name":"TUUB \u2013 Sinu igap\u00e4evane kaaslane","description":"","potentialAction":[{"@type":"SearchAction","target":{"@type":"EntryPoint","urlTemplate":"https:\/\/tuub.ee\/et\/?s={search_term_string}"},"query-input":{"@type":"PropertyValueSpecification","valueRequired":true,"valueName":"search_term_string"}}],"inLanguage":"et"}]}},"_links":{"self":[{"href":"https:\/\/tuub.ee\/en\/wp-json\/wp\/v2\/product\/43609","targetHints":{"allow":["GET"]}}],"collection":[{"href":"https:\/\/tuub.ee\/en\/wp-json\/wp\/v2\/product"}],"about":[{"href":"https:\/\/tuub.ee\/en\/wp-json\/wp\/v2\/types\/product"}],"wp:featuredmedia":[{"embeddable":true,"href":"https:\/\/tuub.ee\/en\/wp-json\/wp\/v2\/media\/17064"}],"wp:attachment":[{"href":"https:\/\/tuub.ee\/en\/wp-json\/wp\/v2\/media?parent=43609"}],"wp:term":[{"taxonomy":"product_brand","embeddable":true,"href":"https:\/\/tuub.ee\/en\/wp-json\/wp\/v2\/product_brand?post=43609"},{"taxonomy":"product_cat","embeddable":true,"href":"https:\/\/tuub.ee\/en\/wp-json\/wp\/v2\/product_cat?post=43609"},{"taxonomy":"product_tag","embeddable":true,"href":"https:\/\/tuub.ee\/en\/wp-json\/wp\/v2\/product_tag?post=43609"}],"curies":[{"name":"wp","href":"https:\/\/api.w.org\/{rel}","templated":true}]}}