{"id":43573,"date":"2023-08-15T09:56:18","date_gmt":"2023-08-15T09:56:18","guid":{"rendered":"https:\/\/tuub.ee\/product\/capri-polvpuksid-001\/"},"modified":"2026-01-09T14:00:10","modified_gmt":"2026-01-09T14:00:10","slug":"capri-black","status":"publish","type":"product","link":"https:\/\/tuub.ee\/en\/product\/capri-black\/","title":{"rendered":"CAPRI 2\/3 Black Pants"},"content":{"rendered":"","protected":false},"excerpt":{"rendered":"","protected":false},"featured_media":41064,"template":"","meta":{"_acf_changed":false,"inline_featured_image":false},"product_brand":[],"product_cat":[414],"product_tag":[415],"class_list":{"0":"post-43573","1":"product","2":"type-product","3":"status-publish","4":"has-post-thumbnail","6":"product_cat-retuusid-puksid-en","7":"product_tag-recycled-en","9":"first","10":"instock","11":"taxable","12":"shipping-taxable","13":"purchasable","14":"product-type-variable"},"acf":[],"yoast_head":"<!-- This site is optimized with the Yoast SEO plugin v26.6 - https:\/\/yoast.com\/wordpress\/plugins\/seo\/ -->\n<title>CAPRI 2\/3 Black Pants - TUUB \u2013 Sinu igap\u00e4evane kaaslane<\/title>\n<meta name=\"description\" content=\"Comfortable pants for every day.  Capri pants are the hottest trend for 2024. The short version of TUUB&#039;s black pants. Suitable for wearing at school, work, in the forest, in the city and for going to the cinema.\" \/>\n<meta name=\"robots\" content=\"index, follow, max-snippet:-1, max-image-preview:large, max-video-preview:-1\" \/>\n<link rel=\"canonical\" href=\"https:\/\/tuub.ee\/en\/product\/capri-black\/\" \/>\n<meta property=\"og:locale\" content=\"et_EE\" \/>\n<meta property=\"og:type\" content=\"article\" \/>\n<meta property=\"og:title\" content=\"CAPRI 2\/3 Black Pants - TUUB \u2013 Sinu igap\u00e4evane kaaslane\" \/>\n<meta property=\"og:description\" content=\"Mugavad p\u00fcksid igaks p\u00e4evaks. TUUBi mustad p\u00fcksid l\u00fchikene variant. Sobib kanda koolis, t\u00f6\u00f6l, metsas, minna kinno ja linna peale.\" \/>\n<meta property=\"og:url\" content=\"https:\/\/tuub.ee\/en\/product\/capri-black\/\" \/>\n<meta property=\"og:site_name\" content=\"TUUB \u2013 Sinu igap\u00e4evane kaaslane\" \/>\n<meta property=\"article:modified_time\" content=\"2026-01-09T14:00:10+00:00\" \/>\n<meta property=\"og:image\" content=\"https:\/\/tuub.ee\/wp-content\/uploads\/2023\/08\/TUUB-0433-1.jpg\" \/>\n\t<meta property=\"og:image:width\" content=\"1080\" \/>\n\t<meta property=\"og:image:height\" content=\"1619\" \/>\n\t<meta property=\"og:image:type\" content=\"image\/jpeg\" \/>\n<meta name=\"twitter:card\" content=\"summary_large_image\" \/>\n<meta name=\"twitter:label1\" content=\"Est. reading time\" \/>\n\t<meta name=\"twitter:data1\" content=\"1 minut\" \/>\n<script type=\"application\/ld+json\" class=\"yoast-schema-graph\">{\"@context\":\"https:\/\/schema.org\",\"@graph\":[{\"@type\":\"WebPage\",\"@id\":\"https:\/\/tuub.ee\/en\/product\/capri-black\/\",\"url\":\"https:\/\/tuub.ee\/en\/product\/capri-black\/\",\"name\":\"CAPRI 2\/3 Black Pants - TUUB \u2013 Sinu igap\u00e4evane kaaslane\",\"isPartOf\":{\"@id\":\"https:\/\/tuub.ee\/et\/#website\"},\"primaryImageOfPage\":{\"@id\":\"https:\/\/tuub.ee\/en\/product\/capri-black\/#primaryimage\"},\"image\":{\"@id\":\"https:\/\/tuub.ee\/en\/product\/capri-black\/#primaryimage\"},\"thumbnailUrl\":\"https:\/\/tuub.ee\/wp-content\/uploads\/2023\/08\/TUUB-0433-1.jpg\",\"datePublished\":\"2023-08-15T09:56:18+00:00\",\"dateModified\":\"2026-01-09T14:00:10+00:00\",\"description\":\"Mugavad p\u00fcksid igaks p\u00e4evaks. TUUBi mustad p\u00fcksid l\u00fchikene variant. Sobib kanda koolis, t\u00f6\u00f6l, metsas, minna kinno ja linna peale.\",\"breadcrumb\":{\"@id\":\"https:\/\/tuub.ee\/en\/product\/capri-black\/#breadcrumb\"},\"inLanguage\":\"et\",\"potentialAction\":[{\"@type\":\"ReadAction\",\"target\":[\"https:\/\/tuub.ee\/en\/product\/capri-black\/\"]}]},{\"@type\":\"ImageObject\",\"inLanguage\":\"et\",\"@id\":\"https:\/\/tuub.ee\/en\/product\/capri-black\/#primaryimage\",\"url\":\"https:\/\/tuub.ee\/wp-content\/uploads\/2023\/08\/TUUB-0433-1.jpg\",\"contentUrl\":\"https:\/\/tuub.ee\/wp-content\/uploads\/2023\/08\/TUUB-0433-1.jpg\",\"width\":1080,\"height\":1619},{\"@type\":\"BreadcrumbList\",\"@id\":\"https:\/\/tuub.ee\/en\/product\/capri-black\/#breadcrumb\",\"itemListElement\":[{\"@type\":\"ListItem\",\"position\":1,\"name\":\"Home\",\"item\":\"https:\/\/tuub.ee\/en\/\"},{\"@type\":\"ListItem\",\"position\":2,\"name\":\"Store\",\"item\":\"https:\/\/tuub.ee\/en\/store\/\"},{\"@type\":\"ListItem\",\"position\":3,\"name\":\"CAPRI 2\/3 Black Pants\"}]},{\"@type\":\"WebSite\",\"@id\":\"https:\/\/tuub.ee\/et\/#website\",\"url\":\"https:\/\/tuub.ee\/et\/\",\"name\":\"TUUB \u2013 Sinu igap\u00e4evane kaaslane\",\"description\":\"\",\"potentialAction\":[{\"@type\":\"SearchAction\",\"target\":{\"@type\":\"EntryPoint\",\"urlTemplate\":\"https:\/\/tuub.ee\/et\/?s={search_term_string}\"},\"query-input\":{\"@type\":\"PropertyValueSpecification\",\"valueRequired\":true,\"valueName\":\"search_term_string\"}}],\"inLanguage\":\"et\"}]}<\/script>\n<!-- \/ Yoast SEO plugin. -->","yoast_head_json":{"title":"CAPRI 2\/3 Black Pants - TUUB \u2013 Sinu igap\u00e4evane kaaslane","description":"Comfortable pants for every day.  Capri pants are the hottest trend for 2024. The short version of TUUB's black pants. Suitable for wearing at school, work, in the forest, in the city and for going to the cinema.","robots":{"index":"index","follow":"follow","max-snippet":"max-snippet:-1","max-image-preview":"max-image-preview:large","max-video-preview":"max-video-preview:-1"},"canonical":"https:\/\/tuub.ee\/en\/product\/capri-black\/","og_locale":"et_EE","og_type":"article","og_title":"CAPRI 2\/3 Black Pants - TUUB \u2013 Sinu igap\u00e4evane kaaslane","og_description":"Mugavad p\u00fcksid igaks p\u00e4evaks. TUUBi mustad p\u00fcksid l\u00fchikene variant. Sobib kanda koolis, t\u00f6\u00f6l, metsas, minna kinno ja linna peale.","og_url":"https:\/\/tuub.ee\/en\/product\/capri-black\/","og_site_name":"TUUB \u2013 Sinu igap\u00e4evane kaaslane","article_modified_time":"2026-01-09T14:00:10+00:00","og_image":[{"width":1080,"height":1619,"url":"https:\/\/tuub.ee\/wp-content\/uploads\/2023\/08\/TUUB-0433-1.jpg","type":"image\/jpeg"}],"twitter_card":"summary_large_image","twitter_misc":{"Est. reading time":"1 minut"},"schema":{"@context":"https:\/\/schema.org","@graph":[{"@type":"WebPage","@id":"https:\/\/tuub.ee\/en\/product\/capri-black\/","url":"https:\/\/tuub.ee\/en\/product\/capri-black\/","name":"CAPRI 2\/3 Black Pants - TUUB \u2013 Sinu igap\u00e4evane kaaslane","isPartOf":{"@id":"https:\/\/tuub.ee\/et\/#website"},"primaryImageOfPage":{"@id":"https:\/\/tuub.ee\/en\/product\/capri-black\/#primaryimage"},"image":{"@id":"https:\/\/tuub.ee\/en\/product\/capri-black\/#primaryimage"},"thumbnailUrl":"https:\/\/tuub.ee\/wp-content\/uploads\/2023\/08\/TUUB-0433-1.jpg","datePublished":"2023-08-15T09:56:18+00:00","dateModified":"2026-01-09T14:00:10+00:00","description":"Mugavad p\u00fcksid igaks p\u00e4evaks. TUUBi mustad p\u00fcksid l\u00fchikene variant. Sobib kanda koolis, t\u00f6\u00f6l, metsas, minna kinno ja linna peale.","breadcrumb":{"@id":"https:\/\/tuub.ee\/en\/product\/capri-black\/#breadcrumb"},"inLanguage":"et","potentialAction":[{"@type":"ReadAction","target":["https:\/\/tuub.ee\/en\/product\/capri-black\/"]}]},{"@type":"ImageObject","inLanguage":"et","@id":"https:\/\/tuub.ee\/en\/product\/capri-black\/#primaryimage","url":"https:\/\/tuub.ee\/wp-content\/uploads\/2023\/08\/TUUB-0433-1.jpg","contentUrl":"https:\/\/tuub.ee\/wp-content\/uploads\/2023\/08\/TUUB-0433-1.jpg","width":1080,"height":1619},{"@type":"BreadcrumbList","@id":"https:\/\/tuub.ee\/en\/product\/capri-black\/#breadcrumb","itemListElement":[{"@type":"ListItem","position":1,"name":"Home","item":"https:\/\/tuub.ee\/en\/"},{"@type":"ListItem","position":2,"name":"Store","item":"https:\/\/tuub.ee\/en\/store\/"},{"@type":"ListItem","position":3,"name":"CAPRI 2\/3 Black Pants"}]},{"@type":"WebSite","@id":"https:\/\/tuub.ee\/et\/#website","url":"https:\/\/tuub.ee\/et\/","name":"TUUB \u2013 Sinu igap\u00e4evane kaaslane","description":"","potentialAction":[{"@type":"SearchAction","target":{"@type":"EntryPoint","urlTemplate":"https:\/\/tuub.ee\/et\/?s={search_term_string}"},"query-input":{"@type":"PropertyValueSpecification","valueRequired":true,"valueName":"search_term_string"}}],"inLanguage":"et"}]}},"_links":{"self":[{"href":"https:\/\/tuub.ee\/en\/wp-json\/wp\/v2\/product\/43573","targetHints":{"allow":["GET"]}}],"collection":[{"href":"https:\/\/tuub.ee\/en\/wp-json\/wp\/v2\/product"}],"about":[{"href":"https:\/\/tuub.ee\/en\/wp-json\/wp\/v2\/types\/product"}],"wp:featuredmedia":[{"embeddable":true,"href":"https:\/\/tuub.ee\/en\/wp-json\/wp\/v2\/media\/41064"}],"wp:attachment":[{"href":"https:\/\/tuub.ee\/en\/wp-json\/wp\/v2\/media?parent=43573"}],"wp:term":[{"taxonomy":"product_brand","embeddable":true,"href":"https:\/\/tuub.ee\/en\/wp-json\/wp\/v2\/product_brand?post=43573"},{"taxonomy":"product_cat","embeddable":true,"href":"https:\/\/tuub.ee\/en\/wp-json\/wp\/v2\/product_cat?post=43573"},{"taxonomy":"product_tag","embeddable":true,"href":"https:\/\/tuub.ee\/en\/wp-json\/wp\/v2\/product_tag?post=43573"}],"curies":[{"name":"wp","href":"https:\/\/api.w.org\/{rel}","templated":true}]}}