{"id":43563,"date":"2024-09-04T13:56:17","date_gmt":"2024-09-04T13:56:17","guid":{"rendered":"https:\/\/tuub.ee\/product\/saarised-metsaroheline-meriinovill\/"},"modified":"2026-01-09T14:27:23","modified_gmt":"2026-01-09T14:27:23","slug":"legwarmers-merino-green","status":"publish","type":"product","link":"https:\/\/tuub.ee\/en\/product\/legwarmers-merino-green\/","title":{"rendered":"LEG WARMERS Green Merino Wool"},"content":{"rendered":"","protected":false},"excerpt":{"rendered":"","protected":false},"featured_media":42163,"template":"","meta":{"_acf_changed":false,"inline_featured_image":false},"product_brand":[],"product_cat":[424],"product_tag":[407,408],"class_list":{"0":"post-43563","1":"product","2":"type-product","3":"status-publish","4":"has-post-thumbnail","6":"product_cat-sallid-saarised-en","7":"product_tag-merino-en","8":"product_tag-new-en","10":"first","11":"instock","12":"taxable","13":"shipping-taxable","14":"purchasable","15":"product-type-simple"},"acf":[],"yoast_head":"<!-- This site is optimized with the Yoast SEO plugin v26.6 - https:\/\/yoast.com\/wordpress\/plugins\/seo\/ -->\n<title>LEG WARMERS Green Merino Wool - TUUB \u2013 Sinu igap\u00e4evane kaaslane<\/title>\n<meta name=\"description\" content=\"Woolen leg warmers. These fashionable and practical leg warmers are made from the leftover fabric of TUUBs. Popular and chic!\" \/>\n<meta name=\"robots\" content=\"index, follow, max-snippet:-1, max-image-preview:large, max-video-preview:-1\" \/>\n<link rel=\"canonical\" href=\"https:\/\/tuub.ee\/en\/product\/legwarmers-merino-green\/\" \/>\n<meta property=\"og:locale\" content=\"et_EE\" \/>\n<meta property=\"og:type\" content=\"article\" \/>\n<meta property=\"og:title\" content=\"LEG WARMERS Green Merino Wool - TUUB \u2013 Sinu igap\u00e4evane kaaslane\" \/>\n<meta property=\"og:description\" content=\"Villased s\u00e4\u00e4rised. Neid moodsaid ja praktilisi s\u00e4\u00e4resoojendajaid toodame TUUBide servadest \u00fclej\u00e4\u00e4nud kangast. Popp ja \u0161ikk!\" \/>\n<meta property=\"og:url\" content=\"https:\/\/tuub.ee\/en\/product\/legwarmers-merino-green\/\" \/>\n<meta property=\"og:site_name\" content=\"TUUB \u2013 Sinu igap\u00e4evane kaaslane\" \/>\n<meta property=\"article:modified_time\" content=\"2026-01-09T14:27:23+00:00\" \/>\n<meta property=\"og:image\" content=\"https:\/\/tuub.ee\/wp-content\/uploads\/2024\/09\/rohelised-meriino-saarised-TUUB-ja-kassi-tatoo-1-scaled.jpg\" \/>\n\t<meta property=\"og:image:width\" content=\"1920\" \/>\n\t<meta property=\"og:image:height\" content=\"2560\" \/>\n\t<meta property=\"og:image:type\" content=\"image\/jpeg\" \/>\n<meta name=\"twitter:card\" content=\"summary_large_image\" \/>\n<meta name=\"twitter:label1\" content=\"Est. reading time\" \/>\n\t<meta name=\"twitter:data1\" content=\"1 minut\" \/>\n<script type=\"application\/ld+json\" class=\"yoast-schema-graph\">{\"@context\":\"https:\/\/schema.org\",\"@graph\":[{\"@type\":\"WebPage\",\"@id\":\"https:\/\/tuub.ee\/en\/product\/legwarmers-merino-green\/\",\"url\":\"https:\/\/tuub.ee\/en\/product\/legwarmers-merino-green\/\",\"name\":\"LEG WARMERS Green Merino Wool - TUUB \u2013 Sinu igap\u00e4evane kaaslane\",\"isPartOf\":{\"@id\":\"https:\/\/tuub.ee\/et\/#website\"},\"primaryImageOfPage\":{\"@id\":\"https:\/\/tuub.ee\/en\/product\/legwarmers-merino-green\/#primaryimage\"},\"image\":{\"@id\":\"https:\/\/tuub.ee\/en\/product\/legwarmers-merino-green\/#primaryimage\"},\"thumbnailUrl\":\"https:\/\/tuub.ee\/wp-content\/uploads\/2024\/09\/rohelised-meriino-saarised-TUUB-ja-kassi-tatoo-1-scaled.jpg\",\"datePublished\":\"2024-09-04T13:56:17+00:00\",\"dateModified\":\"2026-01-09T14:27:23+00:00\",\"description\":\"Villased s\u00e4\u00e4rised. Neid moodsaid ja praktilisi s\u00e4\u00e4resoojendajaid toodame TUUBide servadest \u00fclej\u00e4\u00e4nud kangast. Popp ja \u0161ikk!\",\"breadcrumb\":{\"@id\":\"https:\/\/tuub.ee\/en\/product\/legwarmers-merino-green\/#breadcrumb\"},\"inLanguage\":\"et\",\"potentialAction\":[{\"@type\":\"ReadAction\",\"target\":[\"https:\/\/tuub.ee\/en\/product\/legwarmers-merino-green\/\"]}]},{\"@type\":\"ImageObject\",\"inLanguage\":\"et\",\"@id\":\"https:\/\/tuub.ee\/en\/product\/legwarmers-merino-green\/#primaryimage\",\"url\":\"https:\/\/tuub.ee\/wp-content\/uploads\/2024\/09\/rohelised-meriino-saarised-TUUB-ja-kassi-tatoo-1-scaled.jpg\",\"contentUrl\":\"https:\/\/tuub.ee\/wp-content\/uploads\/2024\/09\/rohelised-meriino-saarised-TUUB-ja-kassi-tatoo-1-scaled.jpg\",\"width\":1920,\"height\":2560},{\"@type\":\"BreadcrumbList\",\"@id\":\"https:\/\/tuub.ee\/en\/product\/legwarmers-merino-green\/#breadcrumb\",\"itemListElement\":[{\"@type\":\"ListItem\",\"position\":1,\"name\":\"Home\",\"item\":\"https:\/\/tuub.ee\/en\/\"},{\"@type\":\"ListItem\",\"position\":2,\"name\":\"Store\",\"item\":\"https:\/\/tuub.ee\/en\/store\/\"},{\"@type\":\"ListItem\",\"position\":3,\"name\":\"LEG WARMERS Green Merino Wool\"}]},{\"@type\":\"WebSite\",\"@id\":\"https:\/\/tuub.ee\/et\/#website\",\"url\":\"https:\/\/tuub.ee\/et\/\",\"name\":\"TUUB \u2013 Sinu igap\u00e4evane kaaslane\",\"description\":\"\",\"potentialAction\":[{\"@type\":\"SearchAction\",\"target\":{\"@type\":\"EntryPoint\",\"urlTemplate\":\"https:\/\/tuub.ee\/et\/?s={search_term_string}\"},\"query-input\":{\"@type\":\"PropertyValueSpecification\",\"valueRequired\":true,\"valueName\":\"search_term_string\"}}],\"inLanguage\":\"et\"}]}<\/script>\n<!-- \/ Yoast SEO plugin. -->","yoast_head_json":{"title":"LEG WARMERS Green Merino Wool - TUUB \u2013 Sinu igap\u00e4evane kaaslane","description":"Woolen leg warmers. These fashionable and practical leg warmers are made from the leftover fabric of TUUBs. Popular and chic!","robots":{"index":"index","follow":"follow","max-snippet":"max-snippet:-1","max-image-preview":"max-image-preview:large","max-video-preview":"max-video-preview:-1"},"canonical":"https:\/\/tuub.ee\/en\/product\/legwarmers-merino-green\/","og_locale":"et_EE","og_type":"article","og_title":"LEG WARMERS Green Merino Wool - TUUB \u2013 Sinu igap\u00e4evane kaaslane","og_description":"Villased s\u00e4\u00e4rised. Neid moodsaid ja praktilisi s\u00e4\u00e4resoojendajaid toodame TUUBide servadest \u00fclej\u00e4\u00e4nud kangast. Popp ja \u0161ikk!","og_url":"https:\/\/tuub.ee\/en\/product\/legwarmers-merino-green\/","og_site_name":"TUUB \u2013 Sinu igap\u00e4evane kaaslane","article_modified_time":"2026-01-09T14:27:23+00:00","og_image":[{"width":1920,"height":2560,"url":"https:\/\/tuub.ee\/wp-content\/uploads\/2024\/09\/rohelised-meriino-saarised-TUUB-ja-kassi-tatoo-1-scaled.jpg","type":"image\/jpeg"}],"twitter_card":"summary_large_image","twitter_misc":{"Est. reading time":"1 minut"},"schema":{"@context":"https:\/\/schema.org","@graph":[{"@type":"WebPage","@id":"https:\/\/tuub.ee\/en\/product\/legwarmers-merino-green\/","url":"https:\/\/tuub.ee\/en\/product\/legwarmers-merino-green\/","name":"LEG WARMERS Green Merino Wool - TUUB \u2013 Sinu igap\u00e4evane kaaslane","isPartOf":{"@id":"https:\/\/tuub.ee\/et\/#website"},"primaryImageOfPage":{"@id":"https:\/\/tuub.ee\/en\/product\/legwarmers-merino-green\/#primaryimage"},"image":{"@id":"https:\/\/tuub.ee\/en\/product\/legwarmers-merino-green\/#primaryimage"},"thumbnailUrl":"https:\/\/tuub.ee\/wp-content\/uploads\/2024\/09\/rohelised-meriino-saarised-TUUB-ja-kassi-tatoo-1-scaled.jpg","datePublished":"2024-09-04T13:56:17+00:00","dateModified":"2026-01-09T14:27:23+00:00","description":"Villased s\u00e4\u00e4rised. Neid moodsaid ja praktilisi s\u00e4\u00e4resoojendajaid toodame TUUBide servadest \u00fclej\u00e4\u00e4nud kangast. Popp ja \u0161ikk!","breadcrumb":{"@id":"https:\/\/tuub.ee\/en\/product\/legwarmers-merino-green\/#breadcrumb"},"inLanguage":"et","potentialAction":[{"@type":"ReadAction","target":["https:\/\/tuub.ee\/en\/product\/legwarmers-merino-green\/"]}]},{"@type":"ImageObject","inLanguage":"et","@id":"https:\/\/tuub.ee\/en\/product\/legwarmers-merino-green\/#primaryimage","url":"https:\/\/tuub.ee\/wp-content\/uploads\/2024\/09\/rohelised-meriino-saarised-TUUB-ja-kassi-tatoo-1-scaled.jpg","contentUrl":"https:\/\/tuub.ee\/wp-content\/uploads\/2024\/09\/rohelised-meriino-saarised-TUUB-ja-kassi-tatoo-1-scaled.jpg","width":1920,"height":2560},{"@type":"BreadcrumbList","@id":"https:\/\/tuub.ee\/en\/product\/legwarmers-merino-green\/#breadcrumb","itemListElement":[{"@type":"ListItem","position":1,"name":"Home","item":"https:\/\/tuub.ee\/en\/"},{"@type":"ListItem","position":2,"name":"Store","item":"https:\/\/tuub.ee\/en\/store\/"},{"@type":"ListItem","position":3,"name":"LEG WARMERS Green Merino Wool"}]},{"@type":"WebSite","@id":"https:\/\/tuub.ee\/et\/#website","url":"https:\/\/tuub.ee\/et\/","name":"TUUB \u2013 Sinu igap\u00e4evane kaaslane","description":"","potentialAction":[{"@type":"SearchAction","target":{"@type":"EntryPoint","urlTemplate":"https:\/\/tuub.ee\/et\/?s={search_term_string}"},"query-input":{"@type":"PropertyValueSpecification","valueRequired":true,"valueName":"search_term_string"}}],"inLanguage":"et"}]}},"_links":{"self":[{"href":"https:\/\/tuub.ee\/en\/wp-json\/wp\/v2\/product\/43563","targetHints":{"allow":["GET"]}}],"collection":[{"href":"https:\/\/tuub.ee\/en\/wp-json\/wp\/v2\/product"}],"about":[{"href":"https:\/\/tuub.ee\/en\/wp-json\/wp\/v2\/types\/product"}],"wp:featuredmedia":[{"embeddable":true,"href":"https:\/\/tuub.ee\/en\/wp-json\/wp\/v2\/media\/42163"}],"wp:attachment":[{"href":"https:\/\/tuub.ee\/en\/wp-json\/wp\/v2\/media?parent=43563"}],"wp:term":[{"taxonomy":"product_brand","embeddable":true,"href":"https:\/\/tuub.ee\/en\/wp-json\/wp\/v2\/product_brand?post=43563"},{"taxonomy":"product_cat","embeddable":true,"href":"https:\/\/tuub.ee\/en\/wp-json\/wp\/v2\/product_cat?post=43563"},{"taxonomy":"product_tag","embeddable":true,"href":"https:\/\/tuub.ee\/en\/wp-json\/wp\/v2\/product_tag?post=43563"}],"curies":[{"name":"wp","href":"https:\/\/api.w.org\/{rel}","templated":true}]}}