{"id":43557,"date":"2023-08-17T11:56:22","date_gmt":"2023-08-17T11:56:22","guid":{"rendered":"https:\/\/tuub.ee\/product\/everywide-laiad-puksid-002\/"},"modified":"2026-01-09T12:12:10","modified_gmt":"2026-01-09T12:12:10","slug":"everywide-navy","status":"publish","type":"product","link":"https:\/\/tuub.ee\/en\/product\/everywide-navy\/","title":{"rendered":"EVERYWIDE Navy Wide-Leg pants"},"content":{"rendered":"","protected":false},"excerpt":{"rendered":"","protected":false},"featured_media":52245,"template":"","meta":{"_acf_changed":false,"inline_featured_image":false},"product_brand":[],"product_cat":[414],"product_tag":[415],"class_list":{"0":"post-43557","1":"product","2":"type-product","3":"status-publish","4":"has-post-thumbnail","6":"product_cat-retuusid-puksid-en","7":"product_tag-recycled-en","9":"first","10":"instock","11":"taxable","12":"shipping-taxable","13":"purchasable","14":"product-type-variable"},"acf":[],"yoast_head":"<!-- This site is optimized with the Yoast SEO plugin v26.6 - https:\/\/yoast.com\/wordpress\/plugins\/seo\/ -->\n<title>EVERYWIDE Navy Wide-Leg pants - TUUB \u2013 Sinu igap\u00e4evane kaaslane<\/title>\n<meta name=\"description\" content=\"Wide-leg, stylish, and elegant pants in navy color. With pockets, of course. The material looks elegant and expensive, just like a pair of tailored trousers. They fit very comfortably.\" \/>\n<meta name=\"robots\" content=\"index, follow, max-snippet:-1, max-image-preview:large, max-video-preview:-1\" \/>\n<link rel=\"canonical\" href=\"https:\/\/tuub.ee\/en\/product\/everywide-navy\/\" \/>\n<meta property=\"og:locale\" content=\"et_EE\" \/>\n<meta property=\"og:type\" content=\"article\" \/>\n<meta property=\"og:title\" content=\"EVERYWIDE Navy Wide-Leg pants - TUUB \u2013 Sinu igap\u00e4evane kaaslane\" \/>\n<meta property=\"og:description\" content=\"Navy toonis laia s\u00e4\u00e4rega moodsad ja elegantsed p\u00fcksid. Taskutega, muidugi. Materjal \u00e4eb v\u00e4lja elegantne ja kallis, justkui viigip\u00fcks. Istuvad v\u00e4ga m\u00f5nusalt.\" \/>\n<meta property=\"og:url\" content=\"https:\/\/tuub.ee\/en\/product\/everywide-navy\/\" \/>\n<meta property=\"og:site_name\" content=\"TUUB \u2013 Sinu igap\u00e4evane kaaslane\" \/>\n<meta property=\"article:modified_time\" content=\"2026-01-09T12:12:10+00:00\" \/>\n<meta property=\"og:image\" content=\"https:\/\/tuub.ee\/wp-content\/uploads\/2023\/08\/IMG_20250527_112643.jpg\" \/>\n\t<meta property=\"og:image:width\" content=\"635\" \/>\n\t<meta property=\"og:image:height\" content=\"972\" \/>\n\t<meta property=\"og:image:type\" content=\"image\/jpeg\" \/>\n<meta name=\"twitter:card\" content=\"summary_large_image\" \/>\n<meta name=\"twitter:label1\" content=\"Est. reading time\" \/>\n\t<meta name=\"twitter:data1\" content=\"1 minut\" \/>\n<script type=\"application\/ld+json\" class=\"yoast-schema-graph\">{\"@context\":\"https:\/\/schema.org\",\"@graph\":[{\"@type\":\"WebPage\",\"@id\":\"https:\/\/tuub.ee\/en\/product\/everywide-navy\/\",\"url\":\"https:\/\/tuub.ee\/en\/product\/everywide-navy\/\",\"name\":\"EVERYWIDE Navy Wide-Leg pants - TUUB \u2013 Sinu igap\u00e4evane kaaslane\",\"isPartOf\":{\"@id\":\"https:\/\/tuub.ee\/et\/#website\"},\"primaryImageOfPage\":{\"@id\":\"https:\/\/tuub.ee\/en\/product\/everywide-navy\/#primaryimage\"},\"image\":{\"@id\":\"https:\/\/tuub.ee\/en\/product\/everywide-navy\/#primaryimage\"},\"thumbnailUrl\":\"https:\/\/tuub.ee\/wp-content\/uploads\/2023\/08\/IMG_20250527_112643.jpg\",\"datePublished\":\"2023-08-17T11:56:22+00:00\",\"dateModified\":\"2026-01-09T12:12:10+00:00\",\"description\":\"Navy toonis laia s\u00e4\u00e4rega moodsad ja elegantsed p\u00fcksid. Taskutega, muidugi. Materjal \u00e4eb v\u00e4lja elegantne ja kallis, justkui viigip\u00fcks. Istuvad v\u00e4ga m\u00f5nusalt.\",\"breadcrumb\":{\"@id\":\"https:\/\/tuub.ee\/en\/product\/everywide-navy\/#breadcrumb\"},\"inLanguage\":\"et\",\"potentialAction\":[{\"@type\":\"ReadAction\",\"target\":[\"https:\/\/tuub.ee\/en\/product\/everywide-navy\/\"]}]},{\"@type\":\"ImageObject\",\"inLanguage\":\"et\",\"@id\":\"https:\/\/tuub.ee\/en\/product\/everywide-navy\/#primaryimage\",\"url\":\"https:\/\/tuub.ee\/wp-content\/uploads\/2023\/08\/IMG_20250527_112643.jpg\",\"contentUrl\":\"https:\/\/tuub.ee\/wp-content\/uploads\/2023\/08\/IMG_20250527_112643.jpg\",\"width\":635,\"height\":972},{\"@type\":\"BreadcrumbList\",\"@id\":\"https:\/\/tuub.ee\/en\/product\/everywide-navy\/#breadcrumb\",\"itemListElement\":[{\"@type\":\"ListItem\",\"position\":1,\"name\":\"Home\",\"item\":\"https:\/\/tuub.ee\/en\/\"},{\"@type\":\"ListItem\",\"position\":2,\"name\":\"Store\",\"item\":\"https:\/\/tuub.ee\/en\/store\/\"},{\"@type\":\"ListItem\",\"position\":3,\"name\":\"EVERYWIDE Navy Wide-Leg pants\"}]},{\"@type\":\"WebSite\",\"@id\":\"https:\/\/tuub.ee\/et\/#website\",\"url\":\"https:\/\/tuub.ee\/et\/\",\"name\":\"TUUB \u2013 Sinu igap\u00e4evane kaaslane\",\"description\":\"\",\"potentialAction\":[{\"@type\":\"SearchAction\",\"target\":{\"@type\":\"EntryPoint\",\"urlTemplate\":\"https:\/\/tuub.ee\/et\/?s={search_term_string}\"},\"query-input\":{\"@type\":\"PropertyValueSpecification\",\"valueRequired\":true,\"valueName\":\"search_term_string\"}}],\"inLanguage\":\"et\"}]}<\/script>\n<!-- \/ Yoast SEO plugin. -->","yoast_head_json":{"title":"EVERYWIDE Navy Wide-Leg pants - TUUB \u2013 Sinu igap\u00e4evane kaaslane","description":"Wide-leg, stylish, and elegant pants in navy color. With pockets, of course. The material looks elegant and expensive, just like a pair of tailored trousers. They fit very comfortably.","robots":{"index":"index","follow":"follow","max-snippet":"max-snippet:-1","max-image-preview":"max-image-preview:large","max-video-preview":"max-video-preview:-1"},"canonical":"https:\/\/tuub.ee\/en\/product\/everywide-navy\/","og_locale":"et_EE","og_type":"article","og_title":"EVERYWIDE Navy Wide-Leg pants - TUUB \u2013 Sinu igap\u00e4evane kaaslane","og_description":"Navy toonis laia s\u00e4\u00e4rega moodsad ja elegantsed p\u00fcksid. Taskutega, muidugi. Materjal \u00e4eb v\u00e4lja elegantne ja kallis, justkui viigip\u00fcks. Istuvad v\u00e4ga m\u00f5nusalt.","og_url":"https:\/\/tuub.ee\/en\/product\/everywide-navy\/","og_site_name":"TUUB \u2013 Sinu igap\u00e4evane kaaslane","article_modified_time":"2026-01-09T12:12:10+00:00","og_image":[{"width":635,"height":972,"url":"https:\/\/tuub.ee\/wp-content\/uploads\/2023\/08\/IMG_20250527_112643.jpg","type":"image\/jpeg"}],"twitter_card":"summary_large_image","twitter_misc":{"Est. reading time":"1 minut"},"schema":{"@context":"https:\/\/schema.org","@graph":[{"@type":"WebPage","@id":"https:\/\/tuub.ee\/en\/product\/everywide-navy\/","url":"https:\/\/tuub.ee\/en\/product\/everywide-navy\/","name":"EVERYWIDE Navy Wide-Leg pants - TUUB \u2013 Sinu igap\u00e4evane kaaslane","isPartOf":{"@id":"https:\/\/tuub.ee\/et\/#website"},"primaryImageOfPage":{"@id":"https:\/\/tuub.ee\/en\/product\/everywide-navy\/#primaryimage"},"image":{"@id":"https:\/\/tuub.ee\/en\/product\/everywide-navy\/#primaryimage"},"thumbnailUrl":"https:\/\/tuub.ee\/wp-content\/uploads\/2023\/08\/IMG_20250527_112643.jpg","datePublished":"2023-08-17T11:56:22+00:00","dateModified":"2026-01-09T12:12:10+00:00","description":"Navy toonis laia s\u00e4\u00e4rega moodsad ja elegantsed p\u00fcksid. Taskutega, muidugi. Materjal \u00e4eb v\u00e4lja elegantne ja kallis, justkui viigip\u00fcks. Istuvad v\u00e4ga m\u00f5nusalt.","breadcrumb":{"@id":"https:\/\/tuub.ee\/en\/product\/everywide-navy\/#breadcrumb"},"inLanguage":"et","potentialAction":[{"@type":"ReadAction","target":["https:\/\/tuub.ee\/en\/product\/everywide-navy\/"]}]},{"@type":"ImageObject","inLanguage":"et","@id":"https:\/\/tuub.ee\/en\/product\/everywide-navy\/#primaryimage","url":"https:\/\/tuub.ee\/wp-content\/uploads\/2023\/08\/IMG_20250527_112643.jpg","contentUrl":"https:\/\/tuub.ee\/wp-content\/uploads\/2023\/08\/IMG_20250527_112643.jpg","width":635,"height":972},{"@type":"BreadcrumbList","@id":"https:\/\/tuub.ee\/en\/product\/everywide-navy\/#breadcrumb","itemListElement":[{"@type":"ListItem","position":1,"name":"Home","item":"https:\/\/tuub.ee\/en\/"},{"@type":"ListItem","position":2,"name":"Store","item":"https:\/\/tuub.ee\/en\/store\/"},{"@type":"ListItem","position":3,"name":"EVERYWIDE Navy Wide-Leg pants"}]},{"@type":"WebSite","@id":"https:\/\/tuub.ee\/et\/#website","url":"https:\/\/tuub.ee\/et\/","name":"TUUB \u2013 Sinu igap\u00e4evane kaaslane","description":"","potentialAction":[{"@type":"SearchAction","target":{"@type":"EntryPoint","urlTemplate":"https:\/\/tuub.ee\/et\/?s={search_term_string}"},"query-input":{"@type":"PropertyValueSpecification","valueRequired":true,"valueName":"search_term_string"}}],"inLanguage":"et"}]}},"_links":{"self":[{"href":"https:\/\/tuub.ee\/en\/wp-json\/wp\/v2\/product\/43557","targetHints":{"allow":["GET"]}}],"collection":[{"href":"https:\/\/tuub.ee\/en\/wp-json\/wp\/v2\/product"}],"about":[{"href":"https:\/\/tuub.ee\/en\/wp-json\/wp\/v2\/types\/product"}],"wp:featuredmedia":[{"embeddable":true,"href":"https:\/\/tuub.ee\/en\/wp-json\/wp\/v2\/media\/52245"}],"wp:attachment":[{"href":"https:\/\/tuub.ee\/en\/wp-json\/wp\/v2\/media?parent=43557"}],"wp:term":[{"taxonomy":"product_brand","embeddable":true,"href":"https:\/\/tuub.ee\/en\/wp-json\/wp\/v2\/product_brand?post=43557"},{"taxonomy":"product_cat","embeddable":true,"href":"https:\/\/tuub.ee\/en\/wp-json\/wp\/v2\/product_cat?post=43557"},{"taxonomy":"product_tag","embeddable":true,"href":"https:\/\/tuub.ee\/en\/wp-json\/wp\/v2\/product_tag?post=43557"}],"curies":[{"name":"wp","href":"https:\/\/api.w.org\/{rel}","templated":true}]}}