{"id":43517,"date":"2022-07-04T21:25:07","date_gmt":"2022-07-04T21:25:07","guid":{"rendered":"https:\/\/tuub.ee\/product\/everywear-pidulikud-dressipuksid\/"},"modified":"2026-02-28T16:50:23","modified_gmt":"2026-02-28T16:50:23","slug":"everywear-black-pants","status":"publish","type":"product","link":"https:\/\/tuub.ee\/en\/product\/everywear-black-pants\/","title":{"rendered":"EVERYWEAR Black Pants"},"content":{"rendered":"","protected":false},"excerpt":{"rendered":"","protected":false},"featured_media":3639,"template":"","meta":{"_acf_changed":false,"inline_featured_image":false},"product_brand":[],"product_cat":[414],"product_tag":[415],"class_list":{"0":"post-43517","1":"product","2":"type-product","3":"status-publish","4":"has-post-thumbnail","6":"product_cat-retuusid-puksid-en","7":"product_tag-recycled-en","9":"first","10":"instock","11":"taxable","12":"shipping-taxable","13":"purchasable","14":"product-type-variable"},"acf":[],"yoast_head":"<!-- This site is optimized with the Yoast SEO plugin v26.6 - https:\/\/yoast.com\/wordpress\/plugins\/seo\/ -->\n<title>EVERYWEAR Black Pants - pidulikud dressip\u00fcksid - TUUB \u2013 Sinu igap\u00e4evane kaaslane<\/title>\n<meta name=\"description\" content=\"Comfortable everyday pants that you can wear from gym to the opera. Essentially, they are formal sweatpants. They don&#039;t pick up dirt, don&#039;t become pilled, and don&#039;t stretch out hopelessly.\" \/>\n<meta name=\"robots\" content=\"index, follow, max-snippet:-1, max-image-preview:large, max-video-preview:-1\" \/>\n<link rel=\"canonical\" href=\"https:\/\/tuub.ee\/en\/product\/everywear-black-pants\/\" \/>\n<meta property=\"og:locale\" content=\"et_EE\" \/>\n<meta property=\"og:type\" content=\"article\" \/>\n<meta property=\"og:title\" content=\"EVERYWEAR Black Pants - pidulikud dressip\u00fcksid - TUUB \u2013 Sinu igap\u00e4evane kaaslane\" \/>\n<meta property=\"og:description\" content=\"Mugavad igap\u00e4evased p\u00fcksid, millega v\u00f5id teatrisse minna. Ehk siis pidulikud dressip\u00fcksid. Ei v\u00f5ta sodi k\u00fclge, ei l\u00e4he topiliseks, ei veni lootusetult v\u00e4lja\" \/>\n<meta property=\"og:url\" content=\"https:\/\/tuub.ee\/en\/product\/everywear-black-pants\/\" \/>\n<meta property=\"og:site_name\" content=\"TUUB \u2013 Sinu igap\u00e4evane kaaslane\" \/>\n<meta property=\"article:modified_time\" content=\"2026-02-28T16:50:23+00:00\" \/>\n<meta property=\"og:image\" content=\"https:\/\/tuub.ee\/wp-content\/uploads\/2021\/03\/black-sweatpants-TUUB-everywear-1.png\" \/>\n\t<meta property=\"og:image:width\" content=\"986\" \/>\n\t<meta property=\"og:image:height\" content=\"1479\" \/>\n\t<meta property=\"og:image:type\" content=\"image\/png\" \/>\n<meta name=\"twitter:card\" content=\"summary_large_image\" \/>\n<meta name=\"twitter:label1\" content=\"Est. reading time\" \/>\n\t<meta name=\"twitter:data1\" content=\"1 minut\" \/>\n<script type=\"application\/ld+json\" class=\"yoast-schema-graph\">{\"@context\":\"https:\/\/schema.org\",\"@graph\":[{\"@type\":\"WebPage\",\"@id\":\"https:\/\/tuub.ee\/en\/product\/everywear-black-pants\/\",\"url\":\"https:\/\/tuub.ee\/en\/product\/everywear-black-pants\/\",\"name\":\"EVERYWEAR Black Pants - pidulikud dressip\u00fcksid - TUUB \u2013 Sinu igap\u00e4evane kaaslane\",\"isPartOf\":{\"@id\":\"https:\/\/tuub.ee\/et\/#website\"},\"primaryImageOfPage\":{\"@id\":\"https:\/\/tuub.ee\/en\/product\/everywear-black-pants\/#primaryimage\"},\"image\":{\"@id\":\"https:\/\/tuub.ee\/en\/product\/everywear-black-pants\/#primaryimage\"},\"thumbnailUrl\":\"https:\/\/tuub.ee\/wp-content\/uploads\/2021\/03\/black-sweatpants-TUUB-everywear-1.png\",\"datePublished\":\"2022-07-04T21:25:07+00:00\",\"dateModified\":\"2026-02-28T16:50:23+00:00\",\"description\":\"Mugavad igap\u00e4evased p\u00fcksid, millega v\u00f5id teatrisse minna. Ehk siis pidulikud dressip\u00fcksid. Ei v\u00f5ta sodi k\u00fclge, ei l\u00e4he topiliseks, ei veni lootusetult v\u00e4lja\",\"breadcrumb\":{\"@id\":\"https:\/\/tuub.ee\/en\/product\/everywear-black-pants\/#breadcrumb\"},\"inLanguage\":\"et\",\"potentialAction\":[{\"@type\":\"ReadAction\",\"target\":[\"https:\/\/tuub.ee\/en\/product\/everywear-black-pants\/\"]}]},{\"@type\":\"ImageObject\",\"inLanguage\":\"et\",\"@id\":\"https:\/\/tuub.ee\/en\/product\/everywear-black-pants\/#primaryimage\",\"url\":\"https:\/\/tuub.ee\/wp-content\/uploads\/2021\/03\/black-sweatpants-TUUB-everywear-1.png\",\"contentUrl\":\"https:\/\/tuub.ee\/wp-content\/uploads\/2021\/03\/black-sweatpants-TUUB-everywear-1.png\",\"width\":986,\"height\":1479},{\"@type\":\"BreadcrumbList\",\"@id\":\"https:\/\/tuub.ee\/en\/product\/everywear-black-pants\/#breadcrumb\",\"itemListElement\":[{\"@type\":\"ListItem\",\"position\":1,\"name\":\"Home\",\"item\":\"https:\/\/tuub.ee\/en\/\"},{\"@type\":\"ListItem\",\"position\":2,\"name\":\"Store\",\"item\":\"https:\/\/tuub.ee\/en\/store\/\"},{\"@type\":\"ListItem\",\"position\":3,\"name\":\"EVERYWEAR Black Pants\"}]},{\"@type\":\"WebSite\",\"@id\":\"https:\/\/tuub.ee\/et\/#website\",\"url\":\"https:\/\/tuub.ee\/et\/\",\"name\":\"TUUB \u2013 Sinu igap\u00e4evane kaaslane\",\"description\":\"\",\"potentialAction\":[{\"@type\":\"SearchAction\",\"target\":{\"@type\":\"EntryPoint\",\"urlTemplate\":\"https:\/\/tuub.ee\/et\/?s={search_term_string}\"},\"query-input\":{\"@type\":\"PropertyValueSpecification\",\"valueRequired\":true,\"valueName\":\"search_term_string\"}}],\"inLanguage\":\"et\"}]}<\/script>\n<!-- \/ Yoast SEO plugin. -->","yoast_head_json":{"title":"EVERYWEAR Black Pants - pidulikud dressip\u00fcksid - TUUB \u2013 Sinu igap\u00e4evane kaaslane","description":"Comfortable everyday pants that you can wear from gym to the opera. Essentially, they are formal sweatpants. They don't pick up dirt, don't become pilled, and don't stretch out hopelessly.","robots":{"index":"index","follow":"follow","max-snippet":"max-snippet:-1","max-image-preview":"max-image-preview:large","max-video-preview":"max-video-preview:-1"},"canonical":"https:\/\/tuub.ee\/en\/product\/everywear-black-pants\/","og_locale":"et_EE","og_type":"article","og_title":"EVERYWEAR Black Pants - pidulikud dressip\u00fcksid - TUUB \u2013 Sinu igap\u00e4evane kaaslane","og_description":"Mugavad igap\u00e4evased p\u00fcksid, millega v\u00f5id teatrisse minna. Ehk siis pidulikud dressip\u00fcksid. Ei v\u00f5ta sodi k\u00fclge, ei l\u00e4he topiliseks, ei veni lootusetult v\u00e4lja","og_url":"https:\/\/tuub.ee\/en\/product\/everywear-black-pants\/","og_site_name":"TUUB \u2013 Sinu igap\u00e4evane kaaslane","article_modified_time":"2026-02-28T16:50:23+00:00","og_image":[{"width":986,"height":1479,"url":"https:\/\/tuub.ee\/wp-content\/uploads\/2021\/03\/black-sweatpants-TUUB-everywear-1.png","type":"image\/png"}],"twitter_card":"summary_large_image","twitter_misc":{"Est. reading time":"1 minut"},"schema":{"@context":"https:\/\/schema.org","@graph":[{"@type":"WebPage","@id":"https:\/\/tuub.ee\/en\/product\/everywear-black-pants\/","url":"https:\/\/tuub.ee\/en\/product\/everywear-black-pants\/","name":"EVERYWEAR Black Pants - pidulikud dressip\u00fcksid - TUUB \u2013 Sinu igap\u00e4evane kaaslane","isPartOf":{"@id":"https:\/\/tuub.ee\/et\/#website"},"primaryImageOfPage":{"@id":"https:\/\/tuub.ee\/en\/product\/everywear-black-pants\/#primaryimage"},"image":{"@id":"https:\/\/tuub.ee\/en\/product\/everywear-black-pants\/#primaryimage"},"thumbnailUrl":"https:\/\/tuub.ee\/wp-content\/uploads\/2021\/03\/black-sweatpants-TUUB-everywear-1.png","datePublished":"2022-07-04T21:25:07+00:00","dateModified":"2026-02-28T16:50:23+00:00","description":"Mugavad igap\u00e4evased p\u00fcksid, millega v\u00f5id teatrisse minna. Ehk siis pidulikud dressip\u00fcksid. Ei v\u00f5ta sodi k\u00fclge, ei l\u00e4he topiliseks, ei veni lootusetult v\u00e4lja","breadcrumb":{"@id":"https:\/\/tuub.ee\/en\/product\/everywear-black-pants\/#breadcrumb"},"inLanguage":"et","potentialAction":[{"@type":"ReadAction","target":["https:\/\/tuub.ee\/en\/product\/everywear-black-pants\/"]}]},{"@type":"ImageObject","inLanguage":"et","@id":"https:\/\/tuub.ee\/en\/product\/everywear-black-pants\/#primaryimage","url":"https:\/\/tuub.ee\/wp-content\/uploads\/2021\/03\/black-sweatpants-TUUB-everywear-1.png","contentUrl":"https:\/\/tuub.ee\/wp-content\/uploads\/2021\/03\/black-sweatpants-TUUB-everywear-1.png","width":986,"height":1479},{"@type":"BreadcrumbList","@id":"https:\/\/tuub.ee\/en\/product\/everywear-black-pants\/#breadcrumb","itemListElement":[{"@type":"ListItem","position":1,"name":"Home","item":"https:\/\/tuub.ee\/en\/"},{"@type":"ListItem","position":2,"name":"Store","item":"https:\/\/tuub.ee\/en\/store\/"},{"@type":"ListItem","position":3,"name":"EVERYWEAR Black Pants"}]},{"@type":"WebSite","@id":"https:\/\/tuub.ee\/et\/#website","url":"https:\/\/tuub.ee\/et\/","name":"TUUB \u2013 Sinu igap\u00e4evane kaaslane","description":"","potentialAction":[{"@type":"SearchAction","target":{"@type":"EntryPoint","urlTemplate":"https:\/\/tuub.ee\/et\/?s={search_term_string}"},"query-input":{"@type":"PropertyValueSpecification","valueRequired":true,"valueName":"search_term_string"}}],"inLanguage":"et"}]}},"_links":{"self":[{"href":"https:\/\/tuub.ee\/en\/wp-json\/wp\/v2\/product\/43517","targetHints":{"allow":["GET"]}}],"collection":[{"href":"https:\/\/tuub.ee\/en\/wp-json\/wp\/v2\/product"}],"about":[{"href":"https:\/\/tuub.ee\/en\/wp-json\/wp\/v2\/types\/product"}],"wp:featuredmedia":[{"embeddable":true,"href":"https:\/\/tuub.ee\/en\/wp-json\/wp\/v2\/media\/3639"}],"wp:attachment":[{"href":"https:\/\/tuub.ee\/en\/wp-json\/wp\/v2\/media?parent=43517"}],"wp:term":[{"taxonomy":"product_brand","embeddable":true,"href":"https:\/\/tuub.ee\/en\/wp-json\/wp\/v2\/product_brand?post=43517"},{"taxonomy":"product_cat","embeddable":true,"href":"https:\/\/tuub.ee\/en\/wp-json\/wp\/v2\/product_cat?post=43517"},{"taxonomy":"product_tag","embeddable":true,"href":"https:\/\/tuub.ee\/en\/wp-json\/wp\/v2\/product_tag?post=43517"}],"curies":[{"name":"wp","href":"https:\/\/api.w.org\/{rel}","templated":true}]}}