{"id":43494,"date":"2024-10-16T10:44:21","date_gmt":"2024-10-16T10:44:21","guid":{"rendered":"https:\/\/tuub.ee\/product\/comfy-polo-loodusvalge-meriinovillast-pluus\/"},"modified":"2026-01-09T14:42:58","modified_gmt":"2026-01-09T14:42:58","slug":"comfy-polo-ivory","status":"publish","type":"product","link":"https:\/\/tuub.ee\/en\/product\/comfy-polo-ivory\/","title":{"rendered":"COMFY Polo Merino Wool Sweater Ivory"},"content":{"rendered":"","protected":false},"excerpt":{"rendered":"","protected":false},"featured_media":41882,"template":"","meta":{"_acf_changed":false,"inline_featured_image":false},"product_brand":[],"product_cat":[406],"product_tag":[407],"class_list":{"0":"post-43494","1":"product","2":"type-product","3":"status-publish","4":"has-post-thumbnail","6":"product_cat-meriinovillane-soe-pesu-en","7":"product_tag-merino-en","9":"first","10":"instock","11":"taxable","12":"shipping-taxable","13":"product-type-variable"},"acf":[],"yoast_head":"<!-- This site is optimized with the Yoast SEO plugin v26.6 - https:\/\/yoast.com\/wordpress\/plugins\/seo\/ -->\n<title>COMFY Polo Merino Wool Sweater Ivory - TUUB \u2013 Sinu igap\u00e4evane kaaslane<\/title>\n<meta name=\"description\" content=\"TUUB&#039;s new super product, the comfy merino blouse. It is extremely soft and doesn&#039;t &quot;prickle&quot; like regular wool. The merino blouse is warm but doesn&#039;t make you sweat.\" \/>\n<meta name=\"robots\" content=\"index, follow, max-snippet:-1, max-image-preview:large, max-video-preview:-1\" \/>\n<link rel=\"canonical\" href=\"https:\/\/tuub.ee\/en\/product\/comfy-polo-ivory\/\" \/>\n<meta property=\"og:locale\" content=\"et_EE\" \/>\n<meta property=\"og:type\" content=\"article\" \/>\n<meta property=\"og:title\" content=\"COMFY Polo Merino Wool Sweater Ivory - TUUB \u2013 Sinu igap\u00e4evane kaaslane\" \/>\n<meta property=\"og:description\" content=\"Valge meriinovillane polo k\u00f5rge kraega pullover pusa k\u00f5rge kaelus. First layer superfine merino peenvill. 4 season. Vill, mis ei torgi ja on nahale pehme.\" \/>\n<meta property=\"og:url\" content=\"https:\/\/tuub.ee\/en\/product\/comfy-polo-ivory\/\" \/>\n<meta property=\"og:site_name\" content=\"TUUB \u2013 Sinu igap\u00e4evane kaaslane\" \/>\n<meta property=\"article:modified_time\" content=\"2026-01-09T14:42:58+00:00\" \/>\n<meta property=\"og:image\" content=\"https:\/\/tuub.ee\/wp-content\/uploads\/2024\/10\/Valge-meriino-pusa-.png\" \/>\n\t<meta property=\"og:image:width\" content=\"1032\" \/>\n\t<meta property=\"og:image:height\" content=\"1272\" \/>\n\t<meta property=\"og:image:type\" content=\"image\/png\" \/>\n<meta name=\"twitter:card\" content=\"summary_large_image\" \/>\n<meta name=\"twitter:label1\" content=\"Est. reading time\" \/>\n\t<meta name=\"twitter:data1\" content=\"1 minut\" \/>\n<script type=\"application\/ld+json\" class=\"yoast-schema-graph\">{\"@context\":\"https:\/\/schema.org\",\"@graph\":[{\"@type\":\"WebPage\",\"@id\":\"https:\/\/tuub.ee\/en\/product\/comfy-polo-ivory\/\",\"url\":\"https:\/\/tuub.ee\/en\/product\/comfy-polo-ivory\/\",\"name\":\"COMFY Polo Merino Wool Sweater Ivory - TUUB \u2013 Sinu igap\u00e4evane kaaslane\",\"isPartOf\":{\"@id\":\"https:\/\/tuub.ee\/et\/#website\"},\"primaryImageOfPage\":{\"@id\":\"https:\/\/tuub.ee\/en\/product\/comfy-polo-ivory\/#primaryimage\"},\"image\":{\"@id\":\"https:\/\/tuub.ee\/en\/product\/comfy-polo-ivory\/#primaryimage\"},\"thumbnailUrl\":\"https:\/\/tuub.ee\/wp-content\/uploads\/2024\/10\/Valge-meriino-pusa-.png\",\"datePublished\":\"2024-10-16T10:44:21+00:00\",\"dateModified\":\"2026-01-09T14:42:58+00:00\",\"description\":\"Valge meriinovillane polo k\u00f5rge kraega pullover pusa k\u00f5rge kaelus. First layer superfine merino peenvill. 4 season. Vill, mis ei torgi ja on nahale pehme.\",\"breadcrumb\":{\"@id\":\"https:\/\/tuub.ee\/en\/product\/comfy-polo-ivory\/#breadcrumb\"},\"inLanguage\":\"et\",\"potentialAction\":[{\"@type\":\"ReadAction\",\"target\":[\"https:\/\/tuub.ee\/en\/product\/comfy-polo-ivory\/\"]}]},{\"@type\":\"ImageObject\",\"inLanguage\":\"et\",\"@id\":\"https:\/\/tuub.ee\/en\/product\/comfy-polo-ivory\/#primaryimage\",\"url\":\"https:\/\/tuub.ee\/wp-content\/uploads\/2024\/10\/Valge-meriino-pusa-.png\",\"contentUrl\":\"https:\/\/tuub.ee\/wp-content\/uploads\/2024\/10\/Valge-meriino-pusa-.png\",\"width\":1032,\"height\":1272,\"caption\":\"TUUB merino peenvill first layer natural white polo kaelus\"},{\"@type\":\"BreadcrumbList\",\"@id\":\"https:\/\/tuub.ee\/en\/product\/comfy-polo-ivory\/#breadcrumb\",\"itemListElement\":[{\"@type\":\"ListItem\",\"position\":1,\"name\":\"Home\",\"item\":\"https:\/\/tuub.ee\/en\/\"},{\"@type\":\"ListItem\",\"position\":2,\"name\":\"Store\",\"item\":\"https:\/\/tuub.ee\/en\/store\/\"},{\"@type\":\"ListItem\",\"position\":3,\"name\":\"COMFY Polo Merino Wool Sweater Ivory\"}]},{\"@type\":\"WebSite\",\"@id\":\"https:\/\/tuub.ee\/et\/#website\",\"url\":\"https:\/\/tuub.ee\/et\/\",\"name\":\"TUUB \u2013 Sinu igap\u00e4evane kaaslane\",\"description\":\"\",\"potentialAction\":[{\"@type\":\"SearchAction\",\"target\":{\"@type\":\"EntryPoint\",\"urlTemplate\":\"https:\/\/tuub.ee\/et\/?s={search_term_string}\"},\"query-input\":{\"@type\":\"PropertyValueSpecification\",\"valueRequired\":true,\"valueName\":\"search_term_string\"}}],\"inLanguage\":\"et\"}]}<\/script>\n<!-- \/ Yoast SEO plugin. -->","yoast_head_json":{"title":"COMFY Polo Merino Wool Sweater Ivory - TUUB \u2013 Sinu igap\u00e4evane kaaslane","description":"TUUB's new super product, the comfy merino blouse. It is extremely soft and doesn't \"prickle\" like regular wool. The merino blouse is warm but doesn't make you sweat.","robots":{"index":"index","follow":"follow","max-snippet":"max-snippet:-1","max-image-preview":"max-image-preview:large","max-video-preview":"max-video-preview:-1"},"canonical":"https:\/\/tuub.ee\/en\/product\/comfy-polo-ivory\/","og_locale":"et_EE","og_type":"article","og_title":"COMFY Polo Merino Wool Sweater Ivory - TUUB \u2013 Sinu igap\u00e4evane kaaslane","og_description":"Valge meriinovillane polo k\u00f5rge kraega pullover pusa k\u00f5rge kaelus. First layer superfine merino peenvill. 4 season. Vill, mis ei torgi ja on nahale pehme.","og_url":"https:\/\/tuub.ee\/en\/product\/comfy-polo-ivory\/","og_site_name":"TUUB \u2013 Sinu igap\u00e4evane kaaslane","article_modified_time":"2026-01-09T14:42:58+00:00","og_image":[{"width":1032,"height":1272,"url":"https:\/\/tuub.ee\/wp-content\/uploads\/2024\/10\/Valge-meriino-pusa-.png","type":"image\/png"}],"twitter_card":"summary_large_image","twitter_misc":{"Est. reading time":"1 minut"},"schema":{"@context":"https:\/\/schema.org","@graph":[{"@type":"WebPage","@id":"https:\/\/tuub.ee\/en\/product\/comfy-polo-ivory\/","url":"https:\/\/tuub.ee\/en\/product\/comfy-polo-ivory\/","name":"COMFY Polo Merino Wool Sweater Ivory - TUUB \u2013 Sinu igap\u00e4evane kaaslane","isPartOf":{"@id":"https:\/\/tuub.ee\/et\/#website"},"primaryImageOfPage":{"@id":"https:\/\/tuub.ee\/en\/product\/comfy-polo-ivory\/#primaryimage"},"image":{"@id":"https:\/\/tuub.ee\/en\/product\/comfy-polo-ivory\/#primaryimage"},"thumbnailUrl":"https:\/\/tuub.ee\/wp-content\/uploads\/2024\/10\/Valge-meriino-pusa-.png","datePublished":"2024-10-16T10:44:21+00:00","dateModified":"2026-01-09T14:42:58+00:00","description":"Valge meriinovillane polo k\u00f5rge kraega pullover pusa k\u00f5rge kaelus. First layer superfine merino peenvill. 4 season. Vill, mis ei torgi ja on nahale pehme.","breadcrumb":{"@id":"https:\/\/tuub.ee\/en\/product\/comfy-polo-ivory\/#breadcrumb"},"inLanguage":"et","potentialAction":[{"@type":"ReadAction","target":["https:\/\/tuub.ee\/en\/product\/comfy-polo-ivory\/"]}]},{"@type":"ImageObject","inLanguage":"et","@id":"https:\/\/tuub.ee\/en\/product\/comfy-polo-ivory\/#primaryimage","url":"https:\/\/tuub.ee\/wp-content\/uploads\/2024\/10\/Valge-meriino-pusa-.png","contentUrl":"https:\/\/tuub.ee\/wp-content\/uploads\/2024\/10\/Valge-meriino-pusa-.png","width":1032,"height":1272,"caption":"TUUB merino peenvill first layer natural white polo kaelus"},{"@type":"BreadcrumbList","@id":"https:\/\/tuub.ee\/en\/product\/comfy-polo-ivory\/#breadcrumb","itemListElement":[{"@type":"ListItem","position":1,"name":"Home","item":"https:\/\/tuub.ee\/en\/"},{"@type":"ListItem","position":2,"name":"Store","item":"https:\/\/tuub.ee\/en\/store\/"},{"@type":"ListItem","position":3,"name":"COMFY Polo Merino Wool Sweater Ivory"}]},{"@type":"WebSite","@id":"https:\/\/tuub.ee\/et\/#website","url":"https:\/\/tuub.ee\/et\/","name":"TUUB \u2013 Sinu igap\u00e4evane kaaslane","description":"","potentialAction":[{"@type":"SearchAction","target":{"@type":"EntryPoint","urlTemplate":"https:\/\/tuub.ee\/et\/?s={search_term_string}"},"query-input":{"@type":"PropertyValueSpecification","valueRequired":true,"valueName":"search_term_string"}}],"inLanguage":"et"}]}},"_links":{"self":[{"href":"https:\/\/tuub.ee\/en\/wp-json\/wp\/v2\/product\/43494","targetHints":{"allow":["GET"]}}],"collection":[{"href":"https:\/\/tuub.ee\/en\/wp-json\/wp\/v2\/product"}],"about":[{"href":"https:\/\/tuub.ee\/en\/wp-json\/wp\/v2\/types\/product"}],"wp:featuredmedia":[{"embeddable":true,"href":"https:\/\/tuub.ee\/en\/wp-json\/wp\/v2\/media\/41882"}],"wp:attachment":[{"href":"https:\/\/tuub.ee\/en\/wp-json\/wp\/v2\/media?parent=43494"}],"wp:term":[{"taxonomy":"product_brand","embeddable":true,"href":"https:\/\/tuub.ee\/en\/wp-json\/wp\/v2\/product_brand?post=43494"},{"taxonomy":"product_cat","embeddable":true,"href":"https:\/\/tuub.ee\/en\/wp-json\/wp\/v2\/product_cat?post=43494"},{"taxonomy":"product_tag","embeddable":true,"href":"https:\/\/tuub.ee\/en\/wp-json\/wp\/v2\/product_tag?post=43494"}],"curies":[{"name":"wp","href":"https:\/\/api.w.org\/{rel}","templated":true}]}}